{"id":42492,"date":"2025-05-29T10:23:40","date_gmt":"2025-05-29T08:23:40","guid":{"rendered":"https:\/\/www.matrix.es\/?post_type=product&#038;p=42492"},"modified":"2025-05-29T12:32:13","modified_gmt":"2025-05-29T10:32:13","slug":"ascent-gx10","status":"publish","type":"product","link":"https:\/\/www.matrix.es\/en\/product\/asus-iot-en\/rugged-edge-gpu-computer-en\/ascent-gx10","title":{"rendered":"Ascent GX10"},"content":{"rendered":"<div id='av_section_1'  class='avia-section main_color avia-section-default avia-no-shadow avia-bg-style-scroll  avia-builder-el-0  avia-builder-el-no-sibling   container_wrap fullsize' style='background-color: #ffffff;  '  ><div class='container' ><main  role=\"main\" itemprop=\"mainContentOfPage\"  class='template-page content  av-content-full alpha units'><div class='post-entry post-entry-type-page post-entry-42492'><div class='entry-content-wrapper clearfix'>\n<div class=\"flex_column av_two_fifth  flex_column_div av-zero-column-padding first  avia-builder-el-1  el_before_av_three_fifth  avia-builder-el-first  \" style='border-radius:0px; '><div  class='avia-image-container  av-styling-    avia-builder-el-2  avia-builder-el-no-sibling  avia-align-center '  itemprop=\"image\" itemscope=\"itemscope\" itemtype=\"https:\/\/schema.org\/ImageObject\"  ><div class='avia-image-container-inner'><div class='avia-image-overlay-wrap'><a href='https:\/\/www.matrix.es\/wp-content\/uploads\/2025\/05\/IoT_Ascent-GX10.png' class='avia_image'  ><img class='avia_image ' src='https:\/\/www.matrix.es\/wp-content\/uploads\/2025\/05\/IoT_Ascent-GX10-300x300.png' alt='IoT_Ascent GX10' title='IoT_Ascent GX10'  itemprop=\"thumbnailUrl\"  \/><\/a><\/div><\/div><\/div><\/div><div class=\"flex_column av_three_fifth  flex_column_div av-zero-column-padding   avia-builder-el-3  el_after_av_two_fifth  el_before_av_heading  \" style='border-radius:0px; '><p><div  class='avia-image-container  av-styling-    avia-builder-el-4  el_before_av_hr  avia-builder-el-first  avia-align-left '  itemprop=\"image\" itemscope=\"itemscope\" itemtype=\"https:\/\/schema.org\/ImageObject\"  ><div class='avia-image-container-inner'><div class='avia-image-overlay-wrap'><a href='https:\/\/www.matrix.es\/asus-iot-espana' class='avia_image'  ><img class='avia_image ' src='https:\/\/www.matrix.es\/wp-content\/uploads\/2024\/05\/logo-ASUSMATRIX-1.jpg' alt='' title='logo-ASUS+MATRIX'  itemprop=\"thumbnailUrl\"  \/><\/a><\/div><\/div><\/div><br \/>\n<div  style='height:10px' class='hr hr-invisible   avia-builder-el-5  el_after_av_image  el_before_av_heading '><span class='hr-inner ' ><span class='hr-inner-style'><\/span><\/span><\/div><br \/>\n<div  style='padding-bottom:10px; color:#000000;font-size:45px;' class='av-special-heading av-special-heading-h1 custom-color-heading blockquote modern-quote  avia-builder-el-6  el_after_av_hr  el_before_av_textblock  av-inherit-size '><h1 class='av-special-heading-tag '  itemprop=\"headline\"  >Ascent GX10<\/h1><div class='special-heading-border'><div class='special-heading-inner-border' style='border-color:#000000'><\/div><\/div><\/div><br \/>\n<section class=\"av_textblock_section \"  itemscope=\"itemscope\" itemtype=\"https:\/\/schema.org\/CreativeWork\" ><div class='avia_textblock  '   itemprop=\"text\" ><div class=\"KvSummary__productHeadiing__UPRDo KvSummary__themeWhite__21KI0\"><\/div>\n<div class=\"KvSummary__productIntro__1WXF- KvSummary__themeWhite__21KI0\">\n<p>Compact desktop supercomputer with NVIDIA\u00ae GB10 Grace Blackwell superchip for advanced AI workloads.<\/p>\n<ul>\n<li>Powered by the <strong>NVIDIA\u00ae GB10 superchip<\/strong> with 20-core Arm CPU and Blackwell GPU with 5th generation tensor cores.<\/li>\n<li>Up to 1,000 TOPS of performance for AI processing and complex model inference.<\/li>\n<li>128 GB of unified memory, ideal for handling model development.<\/li>\n<li>NVLink-C2C interconnect for ultra-fast communication between CPU and GPU, with 5x the bandwidth of PCIe 5.0.<\/li>\n<li>FP4 data format support, optimised for generative AI and efficient performance.<\/li>\n<li>Extended connectivity via NVIDIA ConnectX-7 network module, allowing two GX10s to be interconnected to scale up to models such as Llama 3.1 (405B parameters).<\/li>\n<li><strong>Scalable, local architecture<\/strong> &#8211; ideal for prototyping, fine tuning and inference from the desktop.<\/li>\n<li><strong>Seamless transition to cloud<\/strong> environments thanks to NVIDIA&#8217;s software ecosystem, such as NVIDIA DGX Cloud.<\/li>\n<li><strong>Compact, quiet, and efficient design<\/strong> &#8211; perfect for labs, technical offices, and research facilities.<\/li>\n<\/ul>\n<\/div>\n<\/div><\/section><br \/>\n<div  class='avia-button-wrap avia-button-left  avia-builder-el-8  el_after_av_textblock  avia-builder-el-last ' ><a href='https:\/\/www.matrix.es\/wp-content\/uploads\/2025\/05\/ruc-1000g-datasheet.pdf' class='avia-button   avia-icon_select-yes-left-icon avia-color-theme-color-subtle avia-size-small avia-position-left ' target=\"_blank\" rel=\"noopener\"><span class='avia_button_icon avia_button_icon_left ' aria-hidden='true' data-av_icon='\ue82d' data-av_iconfont='entypo-fontello'><\/span><span class='avia_iconbox_title' >Datasheet<\/span><\/a><\/div><\/p><\/div><div  style='padding-bottom:10px; font-size:21px;' class='av-special-heading av-special-heading-h2  blockquote modern-quote  avia-builder-el-9  el_after_av_three_fifth  el_before_av_hr  av-inherit-size '><h2 class='av-special-heading-tag '  itemprop=\"headline\"  >Please contact us if you are interested in this product<\/h2><div class='special-heading-border'><div class='special-heading-inner-border' ><\/div><\/div><\/div>\n<div   class='hr hr-default   avia-builder-el-10  el_after_av_heading  el_before_av_two_third '><span class='hr-inner ' ><span class='hr-inner-style'><\/span><\/span><\/div>\n<div class=\"flex_column av_two_third  flex_column_div av-zero-column-padding first  avia-builder-el-11  el_after_av_hr  avia-builder-el-last  \" style='border-radius:0px; '><\/div>\n","protected":false},"excerpt":{"rendered":"<p>Compact desktop supercomputer with NVIDIA\u00ae GB10 Grace Blackwell superchip for advanced AI workloads<\/p>\n","protected":false},"featured_media":42487,"template":"","meta":[],"product_brand":[],"product_cat":[2170,2175],"product_tag":[],"class_list":{"0":"post-42492","1":"product","2":"type-product","3":"status-publish","4":"has-post-thumbnail","6":"product_cat-asus-iot-en","7":"product_cat-rugged-edge-gpu-computer-en","9":"first","10":"instock","11":"shipping-taxable","12":"product-type-simple"},"yoast_head":"<!-- This site is optimized with the Yoast SEO plugin v25.5 - https:\/\/yoast.com\/wordpress\/plugins\/seo\/ -->\n<title>Ascent GX10 - MATRIX electr\u00f3nica<\/title>\n<meta name=\"description\" content=\"Ascent GX10, Compact desktop supercomputer with NVIDIA\u00ae GB10 Grace Blackwell superchip for advanced AI workloads\" \/>\n<meta name=\"robots\" content=\"index, follow, max-snippet:-1, max-image-preview:large, max-video-preview:-1\" \/>\n<link rel=\"canonical\" href=\"https:\/\/www.matrix.es\/en\/product\/asus-iot-en\/ascent-gx10\" \/>\n<meta property=\"og:locale\" content=\"en_US\" \/>\n<meta property=\"og:type\" content=\"article\" \/>\n<meta property=\"og:title\" content=\"Ascent GX10 - MATRIX electr\u00f3nica\" \/>\n<meta property=\"og:description\" content=\"Ascent GX10, Compact desktop supercomputer with NVIDIA\u00ae GB10 Grace Blackwell superchip for advanced AI workloads\" \/>\n<meta property=\"og:url\" content=\"https:\/\/www.matrix.es\/en\/product\/asus-iot-en\/ascent-gx10\" \/>\n<meta property=\"og:site_name\" content=\"MATRIX electr\u00f3nica\" \/>\n<meta property=\"article:modified_time\" content=\"2025-05-29T10:32:13+00:00\" \/>\n<meta property=\"og:image\" content=\"https:\/\/www.matrix.es\/wp-content\/uploads\/2025\/05\/IoT_Ascent-GX10.png\" \/>\n\t<meta property=\"og:image:width\" content=\"692\" \/>\n\t<meta property=\"og:image:height\" content=\"692\" \/>\n\t<meta property=\"og:image:type\" content=\"image\/png\" \/>\n<meta name=\"twitter:card\" content=\"summary_large_image\" \/>\n<meta name=\"twitter:label1\" content=\"Est. reading time\" \/>\n\t<meta name=\"twitter:data1\" content=\"3 minutes\" \/>\n<script type=\"application\/ld+json\" class=\"yoast-schema-graph\">{\"@context\":\"https:\/\/schema.org\",\"@graph\":[{\"@type\":\"WebPage\",\"@id\":\"https:\/\/www.matrix.es\/en\/product\/asus-iot-en\/ascent-gx10\",\"url\":\"https:\/\/www.matrix.es\/en\/product\/asus-iot-en\/ascent-gx10\",\"name\":\"Ascent GX10 - MATRIX electr\u00f3nica\",\"isPartOf\":{\"@id\":\"https:\/\/www.matrix.es\/#website\"},\"primaryImageOfPage\":{\"@id\":\"https:\/\/www.matrix.es\/en\/product\/asus-iot-en\/ascent-gx10#primaryimage\"},\"image\":{\"@id\":\"https:\/\/www.matrix.es\/en\/product\/asus-iot-en\/ascent-gx10#primaryimage\"},\"thumbnailUrl\":\"https:\/\/www.matrix.es\/wp-content\/uploads\/2025\/05\/IoT_Ascent-GX10.png\",\"datePublished\":\"2025-05-29T08:23:40+00:00\",\"dateModified\":\"2025-05-29T10:32:13+00:00\",\"description\":\"Ascent GX10, Compact desktop supercomputer with NVIDIA\u00ae GB10 Grace Blackwell superchip for advanced AI workloads\",\"breadcrumb\":{\"@id\":\"https:\/\/www.matrix.es\/en\/product\/asus-iot-en\/ascent-gx10#breadcrumb\"},\"inLanguage\":\"en-US\",\"potentialAction\":[{\"@type\":\"ReadAction\",\"target\":[\"https:\/\/www.matrix.es\/en\/product\/asus-iot-en\/ascent-gx10\"]}]},{\"@type\":\"ImageObject\",\"inLanguage\":\"en-US\",\"@id\":\"https:\/\/www.matrix.es\/en\/product\/asus-iot-en\/ascent-gx10#primaryimage\",\"url\":\"https:\/\/www.matrix.es\/wp-content\/uploads\/2025\/05\/IoT_Ascent-GX10.png\",\"contentUrl\":\"https:\/\/www.matrix.es\/wp-content\/uploads\/2025\/05\/IoT_Ascent-GX10.png\",\"width\":692,\"height\":692,\"caption\":\"IoT_Ascent GX10\"},{\"@type\":\"BreadcrumbList\",\"@id\":\"https:\/\/www.matrix.es\/en\/product\/asus-iot-en\/ascent-gx10#breadcrumb\",\"itemListElement\":[{\"@type\":\"ListItem\",\"position\":1,\"name\":\"Portada\",\"item\":\"https:\/\/www.matrix.es\/en\"},{\"@type\":\"ListItem\",\"position\":2,\"name\":\"Products\",\"item\":\"https:\/\/www.matrix.es\/shop\"},{\"@type\":\"ListItem\",\"position\":3,\"name\":\"Ascent GX10\"}]},{\"@type\":\"WebSite\",\"@id\":\"https:\/\/www.matrix.es\/#website\",\"url\":\"https:\/\/www.matrix.es\/\",\"name\":\"MATRIX electr\u00f3nica\",\"description\":\"Componentes, m\u00f3dulos y dispositivos electr\u00f3nicos para dise\u00f1adores e integradores de sistemas\",\"publisher\":{\"@id\":\"https:\/\/www.matrix.es\/#organization\"},\"potentialAction\":[{\"@type\":\"SearchAction\",\"target\":{\"@type\":\"EntryPoint\",\"urlTemplate\":\"https:\/\/www.matrix.es\/?s={search_term_string}\"},\"query-input\":{\"@type\":\"PropertyValueSpecification\",\"valueRequired\":true,\"valueName\":\"search_term_string\"}}],\"inLanguage\":\"en-US\"},{\"@type\":\"Organization\",\"@id\":\"https:\/\/www.matrix.es\/#organization\",\"name\":\"MATRIX Electronica, S.L.\",\"url\":\"https:\/\/www.matrix.es\/\",\"logo\":{\"@type\":\"ImageObject\",\"inLanguage\":\"en-US\",\"@id\":\"https:\/\/www.matrix.es\/#\/schema\/logo\/image\/\",\"url\":\"https:\/\/www.matrix.es\/wp-content\/uploads\/2022\/01\/Logo.png\",\"contentUrl\":\"https:\/\/www.matrix.es\/wp-content\/uploads\/2022\/01\/Logo.png\",\"width\":286,\"height\":120,\"caption\":\"MATRIX Electronica, S.L.\"},\"image\":{\"@id\":\"https:\/\/www.matrix.es\/#\/schema\/logo\/image\/\"}}]}<\/script>\n<!-- \/ Yoast SEO plugin. -->","yoast_head_json":{"title":"Ascent GX10 - MATRIX electr\u00f3nica","description":"Ascent GX10, Compact desktop supercomputer with NVIDIA\u00ae GB10 Grace Blackwell superchip for advanced AI workloads","robots":{"index":"index","follow":"follow","max-snippet":"max-snippet:-1","max-image-preview":"max-image-preview:large","max-video-preview":"max-video-preview:-1"},"canonical":"https:\/\/www.matrix.es\/en\/product\/asus-iot-en\/ascent-gx10","og_locale":"en_US","og_type":"article","og_title":"Ascent GX10 - MATRIX electr\u00f3nica","og_description":"Ascent GX10, Compact desktop supercomputer with NVIDIA\u00ae GB10 Grace Blackwell superchip for advanced AI workloads","og_url":"https:\/\/www.matrix.es\/en\/product\/asus-iot-en\/ascent-gx10","og_site_name":"MATRIX electr\u00f3nica","article_modified_time":"2025-05-29T10:32:13+00:00","og_image":[{"width":692,"height":692,"url":"https:\/\/www.matrix.es\/wp-content\/uploads\/2025\/05\/IoT_Ascent-GX10.png","type":"image\/png"}],"twitter_card":"summary_large_image","twitter_misc":{"Est. reading time":"3 minutes"},"schema":{"@context":"https:\/\/schema.org","@graph":[{"@type":"WebPage","@id":"https:\/\/www.matrix.es\/en\/product\/asus-iot-en\/ascent-gx10","url":"https:\/\/www.matrix.es\/en\/product\/asus-iot-en\/ascent-gx10","name":"Ascent GX10 - MATRIX electr\u00f3nica","isPartOf":{"@id":"https:\/\/www.matrix.es\/#website"},"primaryImageOfPage":{"@id":"https:\/\/www.matrix.es\/en\/product\/asus-iot-en\/ascent-gx10#primaryimage"},"image":{"@id":"https:\/\/www.matrix.es\/en\/product\/asus-iot-en\/ascent-gx10#primaryimage"},"thumbnailUrl":"https:\/\/www.matrix.es\/wp-content\/uploads\/2025\/05\/IoT_Ascent-GX10.png","datePublished":"2025-05-29T08:23:40+00:00","dateModified":"2025-05-29T10:32:13+00:00","description":"Ascent GX10, Compact desktop supercomputer with NVIDIA\u00ae GB10 Grace Blackwell superchip for advanced AI workloads","breadcrumb":{"@id":"https:\/\/www.matrix.es\/en\/product\/asus-iot-en\/ascent-gx10#breadcrumb"},"inLanguage":"en-US","potentialAction":[{"@type":"ReadAction","target":["https:\/\/www.matrix.es\/en\/product\/asus-iot-en\/ascent-gx10"]}]},{"@type":"ImageObject","inLanguage":"en-US","@id":"https:\/\/www.matrix.es\/en\/product\/asus-iot-en\/ascent-gx10#primaryimage","url":"https:\/\/www.matrix.es\/wp-content\/uploads\/2025\/05\/IoT_Ascent-GX10.png","contentUrl":"https:\/\/www.matrix.es\/wp-content\/uploads\/2025\/05\/IoT_Ascent-GX10.png","width":692,"height":692,"caption":"IoT_Ascent GX10"},{"@type":"BreadcrumbList","@id":"https:\/\/www.matrix.es\/en\/product\/asus-iot-en\/ascent-gx10#breadcrumb","itemListElement":[{"@type":"ListItem","position":1,"name":"Portada","item":"https:\/\/www.matrix.es\/en"},{"@type":"ListItem","position":2,"name":"Products","item":"https:\/\/www.matrix.es\/shop"},{"@type":"ListItem","position":3,"name":"Ascent GX10"}]},{"@type":"WebSite","@id":"https:\/\/www.matrix.es\/#website","url":"https:\/\/www.matrix.es\/","name":"MATRIX electr\u00f3nica","description":"Componentes, m\u00f3dulos y dispositivos electr\u00f3nicos para dise\u00f1adores e integradores de sistemas","publisher":{"@id":"https:\/\/www.matrix.es\/#organization"},"potentialAction":[{"@type":"SearchAction","target":{"@type":"EntryPoint","urlTemplate":"https:\/\/www.matrix.es\/?s={search_term_string}"},"query-input":{"@type":"PropertyValueSpecification","valueRequired":true,"valueName":"search_term_string"}}],"inLanguage":"en-US"},{"@type":"Organization","@id":"https:\/\/www.matrix.es\/#organization","name":"MATRIX Electronica, S.L.","url":"https:\/\/www.matrix.es\/","logo":{"@type":"ImageObject","inLanguage":"en-US","@id":"https:\/\/www.matrix.es\/#\/schema\/logo\/image\/","url":"https:\/\/www.matrix.es\/wp-content\/uploads\/2022\/01\/Logo.png","contentUrl":"https:\/\/www.matrix.es\/wp-content\/uploads\/2022\/01\/Logo.png","width":286,"height":120,"caption":"MATRIX Electronica, S.L."},"image":{"@id":"https:\/\/www.matrix.es\/#\/schema\/logo\/image\/"}}]}},"_links":{"self":[{"href":"https:\/\/www.matrix.es\/en\/wp-json\/wp\/v2\/product\/42492","targetHints":{"allow":["GET"]}}],"collection":[{"href":"https:\/\/www.matrix.es\/en\/wp-json\/wp\/v2\/product"}],"about":[{"href":"https:\/\/www.matrix.es\/en\/wp-json\/wp\/v2\/types\/product"}],"wp:featuredmedia":[{"embeddable":true,"href":"https:\/\/www.matrix.es\/en\/wp-json\/wp\/v2\/media\/42487"}],"wp:attachment":[{"href":"https:\/\/www.matrix.es\/en\/wp-json\/wp\/v2\/media?parent=42492"}],"wp:term":[{"taxonomy":"product_brand","embeddable":true,"href":"https:\/\/www.matrix.es\/en\/wp-json\/wp\/v2\/product_brand?post=42492"},{"taxonomy":"product_cat","embeddable":true,"href":"https:\/\/www.matrix.es\/en\/wp-json\/wp\/v2\/product_cat?post=42492"},{"taxonomy":"product_tag","embeddable":true,"href":"https:\/\/www.matrix.es\/en\/wp-json\/wp\/v2\/product_tag?post=42492"}],"curies":[{"name":"wp","href":"https:\/\/api.w.org\/{rel}","templated":true}]}}