{"id":42480,"date":"2025-05-29T12:32:38","date_gmt":"2025-05-29T10:32:38","guid":{"rendered":"https:\/\/www.matrix.es\/?post_type=product&#038;p=42480"},"modified":"2025-05-29T12:32:38","modified_gmt":"2025-05-29T10:32:38","slug":"pe3100g","status":"publish","type":"product","link":"https:\/\/www.matrix.es\/en\/product\/asus-iot-en\/rugged-edge-gpu-computer-en\/pe3100g","title":{"rendered":"PE3100G"},"content":{"rendered":"<div id='av_section_1'  class='avia-section main_color avia-section-default avia-no-shadow avia-bg-style-scroll  avia-builder-el-0  avia-builder-el-no-sibling   container_wrap fullsize' style='background-color: #ffffff;  '  ><div class='container' ><main  role=\"main\" itemprop=\"mainContentOfPage\"  class='template-page content  av-content-full alpha units'><div class='post-entry post-entry-type-page post-entry-42480'><div class='entry-content-wrapper clearfix'>\n<div class=\"flex_column av_two_fifth  flex_column_div av-zero-column-padding first  avia-builder-el-1  el_before_av_three_fifth  avia-builder-el-first  \" style='border-radius:0px; '><div  class='avia-image-container  av-styling-    avia-builder-el-2  avia-builder-el-no-sibling  avia-align-center '  itemprop=\"image\" itemscope=\"itemscope\" itemtype=\"https:\/\/schema.org\/ImageObject\"  ><div class='avia-image-container-inner'><div class='avia-image-overlay-wrap'><a href='https:\/\/www.matrix.es\/wp-content\/uploads\/2025\/05\/PE3100G.png' class='avia_image'  ><img class='avia_image ' src='https:\/\/www.matrix.es\/wp-content\/uploads\/2025\/05\/PE3100G-300x300.png' alt='PE3100G' title='PE3100G'  itemprop=\"thumbnailUrl\"  \/><\/a><\/div><\/div><\/div><\/div><div class=\"flex_column av_three_fifth  flex_column_div av-zero-column-padding   avia-builder-el-3  el_after_av_two_fifth  el_before_av_heading  \" style='border-radius:0px; '><p><div  class='avia-image-container  av-styling-    avia-builder-el-4  el_before_av_hr  avia-builder-el-first  avia-align-left '  itemprop=\"image\" itemscope=\"itemscope\" itemtype=\"https:\/\/schema.org\/ImageObject\"  ><div class='avia-image-container-inner'><div class='avia-image-overlay-wrap'><a href='https:\/\/www.matrix.es\/en\/asus-iot-spain' class='avia_image'  ><img class='avia_image ' src='https:\/\/www.matrix.es\/wp-content\/uploads\/2024\/05\/logo-ASUSMATRIX-1.jpg' alt='' title='logo-ASUS+MATRIX'  itemprop=\"thumbnailUrl\"  \/><\/a><\/div><\/div><\/div><br \/>\n<div  style='height:10px' class='hr hr-invisible   avia-builder-el-5  el_after_av_image  el_before_av_heading '><span class='hr-inner ' ><span class='hr-inner-style'><\/span><\/span><\/div><br \/>\n<div  style='padding-bottom:10px; color:#000000;font-size:45px;' class='av-special-heading av-special-heading-h1 custom-color-heading blockquote modern-quote  avia-builder-el-6  el_after_av_hr  el_before_av_textblock  av-inherit-size '><h1 class='av-special-heading-tag '  itemprop=\"headline\"  >PE3100G<\/h1><div class='special-heading-border'><div class='special-heading-inner-border' style='border-color:#000000'><\/div><\/div><\/div><br \/>\n<section class=\"av_textblock_section \"  itemscope=\"itemscope\" itemtype=\"https:\/\/schema.org\/CreativeWork\" ><div class='avia_textblock  '   itemprop=\"text\" ><div class=\"attribute-short short_description\">\n<p>Robusto ordenador de IA en el borde compatible con GPU NVIDIA\u00ae o Intel\u00ae MXM y procesador Intel\u00ae Core&#x2122; de 13\u00aa generaci\u00f3n.<\/p>\n<ul>\n<li>Compatible con la GPU NVIDIA\u00ae Ampere\/Ada Lovelace o Intel\u00ae Arc&#x2122; serie A MXM, para computaci\u00f3n de IA diversa en el borde<\/li>\n<li>Compatible con MXM 3. M\u00f3dulo de GPU de factor de forma Tipo A y Tipo B, hasta 125 W<\/li>\n<li>CPU Intel\u00ae Core de 13\u00aa generaci\u00f3n (Raptor Lake-P, H) de 45 W, hasta 64 GB de SDRAM DDR5 4800<\/li>\n<li>La arquitectura patentada del sistema y el dise\u00f1o t\u00e9rmico garantizan el funcionamiento sin ventilador desde -20 \u00b0C hasta 60 \u00b0C con el m\u00f3dulo de GPU MXM de 60 W.*<\/li>\n<li>3 puertos de 2,5 GbE y 1 puerto GbE con soporte opcional de PoE+<\/li>\n<li>1 x M.2 M (NVMe), 1 x M.2 B (4G\/5G NR), 1x M.2 E (WiFi 6)<\/li>\n<li>Entrada de CC de amplio rango de 8-48 V con control de alimentaci\u00f3n de encendido integrado<\/li>\n<li>MIL-STD-810H y soporta vibraciones de 5 Grms<\/li>\n<\/ul>\n<p>* Patente ROC n\u00ba M638395<\/p>\n<\/div>\n<div class=\"attribute-long description\"><\/div>\n<\/div><\/section><br \/>\n<div  class='avia-button-wrap avia-button-left  avia-builder-el-8  el_after_av_textblock  avia-builder-el-last ' ><a href='https:\/\/www.matrix.es\/wp-content\/uploads\/2025\/05\/PE3100G-Datasheet.pdf' class='avia-button   avia-icon_select-yes-left-icon avia-color-theme-color-subtle avia-size-small avia-position-left ' target=\"_blank\" rel=\"noopener\"><span class='avia_button_icon avia_button_icon_left ' aria-hidden='true' data-av_icon='\ue82d' data-av_iconfont='entypo-fontello'><\/span><span class='avia_iconbox_title' >Datasheet<\/span><\/a><\/div><\/p><\/div><div  style='padding-bottom:10px; font-size:21px;' class='av-special-heading av-special-heading-h2  blockquote modern-quote  avia-builder-el-9  el_after_av_three_fifth  el_before_av_hr  av-inherit-size '><h2 class='av-special-heading-tag '  itemprop=\"headline\"  >Contacta con nosotros si est\u00e1s interesado en este producto<\/h2><div class='special-heading-border'><div class='special-heading-inner-border' ><\/div><\/div><\/div>\n<div   class='hr hr-default   avia-builder-el-10  el_after_av_heading  el_before_av_two_third '><span class='hr-inner ' ><span class='hr-inner-style'><\/span><\/span><\/div>\n<div class=\"flex_column av_two_third  flex_column_div av-zero-column-padding first  avia-builder-el-11  el_after_av_hr  avia-builder-el-last  \" style='border-radius:0px; '><\/div>\n","protected":false},"excerpt":{"rendered":"<p>Rugged edge AI computer supporting NVIDIA<sup>\u00ae<\/sup>\u00a0or Intel<sup>\u00ae<\/sup>\u00a0MXM GPU and 13<sup>th<\/sup>\u00a0Gen Intel<sup>\u00ae<\/sup>\u00a0Core&#x2122; processor<\/p>\n","protected":false},"featured_media":42348,"template":"","meta":[],"product_brand":[],"product_cat":[2170,2175],"product_tag":[],"class_list":{"0":"post-42480","1":"product","2":"type-product","3":"status-publish","4":"has-post-thumbnail","6":"product_cat-asus-iot-en","7":"product_cat-rugged-edge-gpu-computer-en","9":"first","10":"instock","11":"shipping-taxable","12":"product-type-simple"},"yoast_head":"<!-- This site is optimized with the Yoast SEO plugin v25.5 - https:\/\/yoast.com\/wordpress\/plugins\/seo\/ -->\n<title>PE3100G - MATRIX electr\u00f3nica<\/title>\n<meta name=\"description\" content=\"PE3100G,Rugged edge AI computer supporting NVIDIA\u00ae or Intel\u00ae MXM GPU and 13th Gen Intel\u00ae Core\u2122 processor\" \/>\n<meta name=\"robots\" content=\"index, follow, max-snippet:-1, max-image-preview:large, max-video-preview:-1\" \/>\n<link rel=\"canonical\" href=\"https:\/\/www.matrix.es\/en\/product\/asus-iot-en\/pe3100g\" \/>\n<meta property=\"og:locale\" content=\"en_US\" \/>\n<meta property=\"og:type\" content=\"article\" \/>\n<meta property=\"og:title\" content=\"PE3100G - MATRIX electr\u00f3nica\" \/>\n<meta property=\"og:description\" content=\"PE3100G,Rugged edge AI computer supporting NVIDIA\u00ae or Intel\u00ae MXM GPU and 13th Gen Intel\u00ae Core\u2122 processor\" \/>\n<meta property=\"og:url\" content=\"https:\/\/www.matrix.es\/en\/product\/asus-iot-en\/pe3100g\" \/>\n<meta property=\"og:site_name\" content=\"MATRIX electr\u00f3nica\" \/>\n<meta property=\"og:image\" content=\"https:\/\/www.matrix.es\/wp-content\/uploads\/2025\/05\/PE3100G.png\" \/>\n\t<meta property=\"og:image:width\" content=\"692\" \/>\n\t<meta property=\"og:image:height\" content=\"692\" \/>\n\t<meta property=\"og:image:type\" content=\"image\/png\" \/>\n<meta name=\"twitter:card\" content=\"summary_large_image\" \/>\n<meta name=\"twitter:label1\" content=\"Est. reading time\" \/>\n\t<meta name=\"twitter:data1\" content=\"3 minutes\" \/>\n<script type=\"application\/ld+json\" class=\"yoast-schema-graph\">{\"@context\":\"https:\/\/schema.org\",\"@graph\":[{\"@type\":\"WebPage\",\"@id\":\"https:\/\/www.matrix.es\/en\/product\/asus-iot-en\/pe3100g\",\"url\":\"https:\/\/www.matrix.es\/en\/product\/asus-iot-en\/pe3100g\",\"name\":\"PE3100G - MATRIX electr\u00f3nica\",\"isPartOf\":{\"@id\":\"https:\/\/www.matrix.es\/#website\"},\"primaryImageOfPage\":{\"@id\":\"https:\/\/www.matrix.es\/en\/product\/asus-iot-en\/pe3100g#primaryimage\"},\"image\":{\"@id\":\"https:\/\/www.matrix.es\/en\/product\/asus-iot-en\/pe3100g#primaryimage\"},\"thumbnailUrl\":\"https:\/\/www.matrix.es\/wp-content\/uploads\/2025\/05\/PE3100G.png\",\"datePublished\":\"2025-05-29T10:32:38+00:00\",\"description\":\"PE3100G,Rugged edge AI computer supporting NVIDIA\u00ae or Intel\u00ae MXM GPU and 13th Gen Intel\u00ae Core\u2122 processor\",\"breadcrumb\":{\"@id\":\"https:\/\/www.matrix.es\/en\/product\/asus-iot-en\/pe3100g#breadcrumb\"},\"inLanguage\":\"en-US\",\"potentialAction\":[{\"@type\":\"ReadAction\",\"target\":[\"https:\/\/www.matrix.es\/en\/product\/asus-iot-en\/pe3100g\"]}]},{\"@type\":\"ImageObject\",\"inLanguage\":\"en-US\",\"@id\":\"https:\/\/www.matrix.es\/en\/product\/asus-iot-en\/pe3100g#primaryimage\",\"url\":\"https:\/\/www.matrix.es\/wp-content\/uploads\/2025\/05\/PE3100G.png\",\"contentUrl\":\"https:\/\/www.matrix.es\/wp-content\/uploads\/2025\/05\/PE3100G.png\",\"width\":692,\"height\":692,\"caption\":\"PE3100G\"},{\"@type\":\"BreadcrumbList\",\"@id\":\"https:\/\/www.matrix.es\/en\/product\/asus-iot-en\/pe3100g#breadcrumb\",\"itemListElement\":[{\"@type\":\"ListItem\",\"position\":1,\"name\":\"Portada\",\"item\":\"https:\/\/www.matrix.es\/en\"},{\"@type\":\"ListItem\",\"position\":2,\"name\":\"Products\",\"item\":\"https:\/\/www.matrix.es\/shop\"},{\"@type\":\"ListItem\",\"position\":3,\"name\":\"PE3100G\"}]},{\"@type\":\"WebSite\",\"@id\":\"https:\/\/www.matrix.es\/#website\",\"url\":\"https:\/\/www.matrix.es\/\",\"name\":\"MATRIX electr\u00f3nica\",\"description\":\"Componentes, m\u00f3dulos y dispositivos electr\u00f3nicos para dise\u00f1adores e integradores de sistemas\",\"publisher\":{\"@id\":\"https:\/\/www.matrix.es\/#organization\"},\"potentialAction\":[{\"@type\":\"SearchAction\",\"target\":{\"@type\":\"EntryPoint\",\"urlTemplate\":\"https:\/\/www.matrix.es\/?s={search_term_string}\"},\"query-input\":{\"@type\":\"PropertyValueSpecification\",\"valueRequired\":true,\"valueName\":\"search_term_string\"}}],\"inLanguage\":\"en-US\"},{\"@type\":\"Organization\",\"@id\":\"https:\/\/www.matrix.es\/#organization\",\"name\":\"MATRIX Electronica, S.L.\",\"url\":\"https:\/\/www.matrix.es\/\",\"logo\":{\"@type\":\"ImageObject\",\"inLanguage\":\"en-US\",\"@id\":\"https:\/\/www.matrix.es\/#\/schema\/logo\/image\/\",\"url\":\"https:\/\/www.matrix.es\/wp-content\/uploads\/2022\/01\/Logo.png\",\"contentUrl\":\"https:\/\/www.matrix.es\/wp-content\/uploads\/2022\/01\/Logo.png\",\"width\":286,\"height\":120,\"caption\":\"MATRIX Electronica, S.L.\"},\"image\":{\"@id\":\"https:\/\/www.matrix.es\/#\/schema\/logo\/image\/\"}}]}<\/script>\n<!-- \/ Yoast SEO plugin. -->","yoast_head_json":{"title":"PE3100G - MATRIX electr\u00f3nica","description":"PE3100G,Rugged edge AI computer supporting NVIDIA\u00ae or Intel\u00ae MXM GPU and 13th Gen Intel\u00ae Core\u2122 processor","robots":{"index":"index","follow":"follow","max-snippet":"max-snippet:-1","max-image-preview":"max-image-preview:large","max-video-preview":"max-video-preview:-1"},"canonical":"https:\/\/www.matrix.es\/en\/product\/asus-iot-en\/pe3100g","og_locale":"en_US","og_type":"article","og_title":"PE3100G - MATRIX electr\u00f3nica","og_description":"PE3100G,Rugged edge AI computer supporting NVIDIA\u00ae or Intel\u00ae MXM GPU and 13th Gen Intel\u00ae Core\u2122 processor","og_url":"https:\/\/www.matrix.es\/en\/product\/asus-iot-en\/pe3100g","og_site_name":"MATRIX electr\u00f3nica","og_image":[{"width":692,"height":692,"url":"https:\/\/www.matrix.es\/wp-content\/uploads\/2025\/05\/PE3100G.png","type":"image\/png"}],"twitter_card":"summary_large_image","twitter_misc":{"Est. reading time":"3 minutes"},"schema":{"@context":"https:\/\/schema.org","@graph":[{"@type":"WebPage","@id":"https:\/\/www.matrix.es\/en\/product\/asus-iot-en\/pe3100g","url":"https:\/\/www.matrix.es\/en\/product\/asus-iot-en\/pe3100g","name":"PE3100G - MATRIX electr\u00f3nica","isPartOf":{"@id":"https:\/\/www.matrix.es\/#website"},"primaryImageOfPage":{"@id":"https:\/\/www.matrix.es\/en\/product\/asus-iot-en\/pe3100g#primaryimage"},"image":{"@id":"https:\/\/www.matrix.es\/en\/product\/asus-iot-en\/pe3100g#primaryimage"},"thumbnailUrl":"https:\/\/www.matrix.es\/wp-content\/uploads\/2025\/05\/PE3100G.png","datePublished":"2025-05-29T10:32:38+00:00","description":"PE3100G,Rugged edge AI computer supporting NVIDIA\u00ae or Intel\u00ae MXM GPU and 13th Gen Intel\u00ae Core\u2122 processor","breadcrumb":{"@id":"https:\/\/www.matrix.es\/en\/product\/asus-iot-en\/pe3100g#breadcrumb"},"inLanguage":"en-US","potentialAction":[{"@type":"ReadAction","target":["https:\/\/www.matrix.es\/en\/product\/asus-iot-en\/pe3100g"]}]},{"@type":"ImageObject","inLanguage":"en-US","@id":"https:\/\/www.matrix.es\/en\/product\/asus-iot-en\/pe3100g#primaryimage","url":"https:\/\/www.matrix.es\/wp-content\/uploads\/2025\/05\/PE3100G.png","contentUrl":"https:\/\/www.matrix.es\/wp-content\/uploads\/2025\/05\/PE3100G.png","width":692,"height":692,"caption":"PE3100G"},{"@type":"BreadcrumbList","@id":"https:\/\/www.matrix.es\/en\/product\/asus-iot-en\/pe3100g#breadcrumb","itemListElement":[{"@type":"ListItem","position":1,"name":"Portada","item":"https:\/\/www.matrix.es\/en"},{"@type":"ListItem","position":2,"name":"Products","item":"https:\/\/www.matrix.es\/shop"},{"@type":"ListItem","position":3,"name":"PE3100G"}]},{"@type":"WebSite","@id":"https:\/\/www.matrix.es\/#website","url":"https:\/\/www.matrix.es\/","name":"MATRIX electr\u00f3nica","description":"Componentes, m\u00f3dulos y dispositivos electr\u00f3nicos para dise\u00f1adores e integradores de sistemas","publisher":{"@id":"https:\/\/www.matrix.es\/#organization"},"potentialAction":[{"@type":"SearchAction","target":{"@type":"EntryPoint","urlTemplate":"https:\/\/www.matrix.es\/?s={search_term_string}"},"query-input":{"@type":"PropertyValueSpecification","valueRequired":true,"valueName":"search_term_string"}}],"inLanguage":"en-US"},{"@type":"Organization","@id":"https:\/\/www.matrix.es\/#organization","name":"MATRIX Electronica, S.L.","url":"https:\/\/www.matrix.es\/","logo":{"@type":"ImageObject","inLanguage":"en-US","@id":"https:\/\/www.matrix.es\/#\/schema\/logo\/image\/","url":"https:\/\/www.matrix.es\/wp-content\/uploads\/2022\/01\/Logo.png","contentUrl":"https:\/\/www.matrix.es\/wp-content\/uploads\/2022\/01\/Logo.png","width":286,"height":120,"caption":"MATRIX Electronica, S.L."},"image":{"@id":"https:\/\/www.matrix.es\/#\/schema\/logo\/image\/"}}]}},"_links":{"self":[{"href":"https:\/\/www.matrix.es\/en\/wp-json\/wp\/v2\/product\/42480","targetHints":{"allow":["GET"]}}],"collection":[{"href":"https:\/\/www.matrix.es\/en\/wp-json\/wp\/v2\/product"}],"about":[{"href":"https:\/\/www.matrix.es\/en\/wp-json\/wp\/v2\/types\/product"}],"wp:featuredmedia":[{"embeddable":true,"href":"https:\/\/www.matrix.es\/en\/wp-json\/wp\/v2\/media\/42348"}],"wp:attachment":[{"href":"https:\/\/www.matrix.es\/en\/wp-json\/wp\/v2\/media?parent=42480"}],"wp:term":[{"taxonomy":"product_brand","embeddable":true,"href":"https:\/\/www.matrix.es\/en\/wp-json\/wp\/v2\/product_brand?post=42480"},{"taxonomy":"product_cat","embeddable":true,"href":"https:\/\/www.matrix.es\/en\/wp-json\/wp\/v2\/product_cat?post=42480"},{"taxonomy":"product_tag","embeddable":true,"href":"https:\/\/www.matrix.es\/en\/wp-json\/wp\/v2\/product_tag?post=42480"}],"curies":[{"name":"wp","href":"https:\/\/api.w.org\/{rel}","templated":true}]}}