{"id":38330,"date":"2024-10-23T10:57:09","date_gmt":"2024-10-23T08:57:09","guid":{"rendered":"https:\/\/www.matrix.es\/?post_type=product&#038;p=38330"},"modified":"2024-10-24T10:33:47","modified_gmt":"2024-10-24T08:33:47","slug":"ebs-4u700","status":"publish","type":"product","link":"https:\/\/www.matrix.es\/en\/product\/asus-iot-en\/box-ipc-en\/ebs-4u700","title":{"rendered":"EBS-4U700"},"content":{"rendered":"<div id='av_section_1'  class='avia-section main_color avia-section-default avia-no-shadow avia-bg-style-scroll  avia-builder-el-0  avia-builder-el-no-sibling   container_wrap fullsize' style='background-color: #ffffff;  '  ><div class='container' ><main  role=\"main\" itemprop=\"mainContentOfPage\"  class='template-page content  av-content-full alpha units'><div class='post-entry post-entry-type-page post-entry-38330'><div class='entry-content-wrapper clearfix'>\n<div class=\"flex_column av_two_fifth  flex_column_div av-zero-column-padding first  avia-builder-el-1  el_before_av_three_fifth  avia-builder-el-first  \" style='border-radius:0px; '><div   data-size='featured'  data-lightbox_size='large'  data-animation='slide'  data-conditional_play=''  data-ids='38322,38324,38326'  data-video_counter='0'  data-autoplay='false'  data-bg_slider='false'  data-slide_height=''  data-handle='av_slideshow'  data-interval='5'  data-class=' avia-builder-el-2  avia-builder-el-no-sibling  '  data-el_id=''  data-css_id=''  data-scroll_down=''  data-control_layout='av-control-default'  data-custom_markup=''  data-perma_caption=''  data-autoplay_stopper=''  data-image_attachment=''  data-min_height='0px'  data-default-height='28.666666666667'  class='avia-slideshow avia-slideshow-1  av-control-default av-default-height-applied avia-slideshow-featured av_slideshow  avia-builder-el-2  avia-builder-el-no-sibling   avia-slide-slider '  itemprop=\"image\" itemscope=\"itemscope\" itemtype=\"https:\/\/schema.org\/ImageObject\" ><ul class='avia-slideshow-inner ' style='padding-bottom: 86%;' ><li  class=' slide-1 ' ><div data-rel='slideshow-1' class='avia-slide-wrap '   ><img src='https:\/\/www.matrix.es\/wp-content\/uploads\/2024\/10\/EBS-4U700-1-500x430.png' width='500' height='430' title='EBS-4U700' alt='EBS-4U700'  itemprop=\"thumbnailUrl\"   \/><\/div><\/li><li  class=' slide-2 ' ><div data-rel='slideshow-1' class='avia-slide-wrap '   ><img src='https:\/\/www.matrix.es\/wp-content\/uploads\/2024\/10\/EBS-4U700_2-500x430.png' width='500' height='430' title='EBS-4U700_2' alt=''  itemprop=\"thumbnailUrl\"   \/><\/div><\/li><li  class=' slide-3 ' ><div data-rel='slideshow-1' class='avia-slide-wrap '   ><img src='https:\/\/www.matrix.es\/wp-content\/uploads\/2024\/10\/EBS-4U700_3-500x430.png' width='500' height='430' title='EBS-4U700_3' alt=''  itemprop=\"thumbnailUrl\"   \/><\/div><\/li><\/ul><div class='avia-slideshow-arrows avia-slideshow-controls'><a href='#prev' class='prev-slide' aria-hidden='true' data-av_icon='\ue87c' data-av_iconfont='entypo-fontello'>Previous<\/a><a href='#next' class='next-slide' aria-hidden='true' data-av_icon='\ue87d' data-av_iconfont='entypo-fontello'>Next<\/a><\/div><div class='avia-slideshow-dots avia-slideshow-controls'><a href='#1' class='goto-slide active' >1<\/a><a href='#2' class='goto-slide ' >2<\/a><a href='#3' class='goto-slide ' >3<\/a><\/div><\/div><\/div><div class=\"flex_column av_three_fifth  flex_column_div av-zero-column-padding   avia-builder-el-3  el_after_av_two_fifth  el_before_av_heading  \" style='border-radius:0px; '><p><div  class='avia-image-container  av-styling-    avia-builder-el-4  el_before_av_hr  avia-builder-el-first  avia-align-left '  itemprop=\"image\" itemscope=\"itemscope\" itemtype=\"https:\/\/schema.org\/ImageObject\"  ><div class='avia-image-container-inner'><div class='avia-image-overlay-wrap'><a href='https:\/\/www.matrix.es\/en\/asus-iot-spain' class='avia_image'  ><img class='avia_image ' src='https:\/\/www.matrix.es\/wp-content\/uploads\/2024\/05\/logo-ASUSMATRIX-1.jpg' alt='' title='logo-ASUS+MATRIX'  itemprop=\"thumbnailUrl\"  \/><\/a><\/div><\/div><\/div><br \/>\n<div  style='height:10px' class='hr hr-invisible   avia-builder-el-5  el_after_av_image  el_before_av_textblock '><span class='hr-inner ' ><span class='hr-inner-style'><\/span><\/span><\/div><br \/>\n<section class=\"av_textblock_section \"  itemscope=\"itemscope\" itemtype=\"https:\/\/schema.org\/CreativeWork\" ><div class='avia_textblock  '   itemprop=\"text\" ><div class=\"KvSummary__productHeadiing__UPRDo KvSummary__themeWhite__21KI0\">\n<p>Standard 19-inch rackmount 4U chassis, made of sturdy and durable 1.2mm SGCC sheet metal, compatibility with AT, micro ITX motherboards, including Intel<sup>\u00ae<\/sup>\u00a0Q470, H610, or Q670E chipsets, and equipped with a 500W, 850W or 1300W power supply, enhance security, compatibility, and adaptability.<\/p>\n<\/div>\n<div class=\"KvSummary__productIntro__1WXF- KvSummary__themeWhite__21KI0\">\n<ul>\n<li>Standard 19\u201d Industrial Rackmount 4U Chassis<\/li>\n<li>Supports ATX MB up to 12\u201d x 9.6\u201d<\/li>\n<li>RM42300 7-Slot upgrade to support CRPS<\/li>\n<li>Available for rackmount and stand-alone installation<\/li>\n<li>Optional second 3 x 5.25\u201d drive cage for maximum configuration flexibility<\/li>\n<\/ul>\n<\/div>\n<div class=\"attribute-short short_description\"><\/div>\n<div class=\"attribute-long description\"><\/div>\n<\/div><\/section><br \/>\n<div  class='avia-button-wrap avia-button-left  avia-builder-el-7  el_after_av_textblock  avia-builder-el-last ' ><a href='https:\/\/www.matrix.es\/wp-content\/uploads\/2024\/10\/EBS-4U700-Datasheet.pdf' class='avia-button   avia-icon_select-yes-left-icon avia-color-theme-color-subtle avia-size-small avia-position-left ' target=\"_blank\" rel=\"noopener\"><span class='avia_button_icon avia_button_icon_left ' aria-hidden='true' data-av_icon='\ue82d' data-av_iconfont='entypo-fontello'><\/span><span class='avia_iconbox_title' >Datasheet<\/span><\/a><\/div><\/p><\/div><div  style='padding-bottom:10px; font-size:21px;' class='av-special-heading av-special-heading-h2  blockquote modern-quote  avia-builder-el-8  el_after_av_three_fifth  el_before_av_hr  av-inherit-size '><h2 class='av-special-heading-tag '  itemprop=\"headline\"  >Please contact us if you are interested in this product<\/h2><div class='special-heading-border'><div class='special-heading-inner-border' ><\/div><\/div><\/div>\n<div   class='hr hr-default   avia-builder-el-9  el_after_av_heading  el_before_av_two_third '><span class='hr-inner ' ><span class='hr-inner-style'><\/span><\/span><\/div>\n<div class=\"flex_column av_two_third  flex_column_div av-zero-column-padding first  avia-builder-el-10  el_after_av_hr  avia-builder-el-last  \" style='border-radius:0px; '><\/div>\n","protected":false},"excerpt":{"rendered":"<p>EBS-4U700, Standard 19-inch rackmount 4U chassis, made of sturdy and durable 1.2mm SGCC sheet metal, compatibility with AT<\/p>\n","protected":false},"featured_media":38322,"template":"","meta":[],"product_brand":[],"product_cat":[2170,2173],"product_tag":[],"class_list":{"0":"post-38330","1":"product","2":"type-product","3":"status-publish","4":"has-post-thumbnail","6":"product_cat-asus-iot-en","7":"product_cat-box-ipc-en","9":"first","10":"instock","11":"shipping-taxable","12":"product-type-simple"},"yoast_head":"<!-- This site is optimized with the Yoast SEO plugin v25.5 - https:\/\/yoast.com\/wordpress\/plugins\/seo\/ -->\n<title>EBS-4U700 - MATRIX electr\u00f3nica<\/title>\n<meta name=\"description\" content=\"EBS-4U700, Standard 19-inch rackmount 4U chassis, made of sturdy and durable 1.2mm SGCC sheet metal, compatibility with AT\" \/>\n<meta name=\"robots\" content=\"index, follow, max-snippet:-1, max-image-preview:large, max-video-preview:-1\" \/>\n<link rel=\"canonical\" href=\"https:\/\/www.matrix.es\/en\/product\/asus-iot-en\/ebs-4u700\" \/>\n<meta property=\"og:locale\" content=\"en_US\" \/>\n<meta property=\"og:type\" content=\"article\" \/>\n<meta property=\"og:title\" content=\"EBS-4U700 - MATRIX electr\u00f3nica\" \/>\n<meta property=\"og:description\" content=\"EBS-4U700, Standard 19-inch rackmount 4U chassis, made of sturdy and durable 1.2mm SGCC sheet metal, compatibility with AT\" \/>\n<meta property=\"og:url\" content=\"https:\/\/www.matrix.es\/en\/product\/asus-iot-en\/ebs-4u700\" \/>\n<meta property=\"og:site_name\" content=\"MATRIX electr\u00f3nica\" \/>\n<meta property=\"article:modified_time\" content=\"2024-10-24T08:33:47+00:00\" \/>\n<meta property=\"og:image\" content=\"https:\/\/www.matrix.es\/wp-content\/uploads\/2024\/10\/EBS-4U700-1.png\" \/>\n\t<meta property=\"og:image:width\" content=\"500\" \/>\n\t<meta property=\"og:image:height\" content=\"500\" \/>\n\t<meta property=\"og:image:type\" content=\"image\/png\" \/>\n<meta name=\"twitter:card\" content=\"summary_large_image\" \/>\n<meta name=\"twitter:label1\" content=\"Est. reading time\" \/>\n\t<meta name=\"twitter:data1\" content=\"5 minutes\" \/>\n<script type=\"application\/ld+json\" class=\"yoast-schema-graph\">{\"@context\":\"https:\/\/schema.org\",\"@graph\":[{\"@type\":\"WebPage\",\"@id\":\"https:\/\/www.matrix.es\/en\/product\/asus-iot-en\/ebs-4u700\",\"url\":\"https:\/\/www.matrix.es\/en\/product\/asus-iot-en\/ebs-4u700\",\"name\":\"EBS-4U700 - MATRIX electr\u00f3nica\",\"isPartOf\":{\"@id\":\"https:\/\/www.matrix.es\/#website\"},\"primaryImageOfPage\":{\"@id\":\"https:\/\/www.matrix.es\/en\/product\/asus-iot-en\/ebs-4u700#primaryimage\"},\"image\":{\"@id\":\"https:\/\/www.matrix.es\/en\/product\/asus-iot-en\/ebs-4u700#primaryimage\"},\"thumbnailUrl\":\"https:\/\/www.matrix.es\/wp-content\/uploads\/2024\/10\/EBS-4U700-1.png\",\"datePublished\":\"2024-10-23T08:57:09+00:00\",\"dateModified\":\"2024-10-24T08:33:47+00:00\",\"description\":\"EBS-4U700, Standard 19-inch rackmount 4U chassis, made of sturdy and durable 1.2mm SGCC sheet metal, compatibility with AT\",\"breadcrumb\":{\"@id\":\"https:\/\/www.matrix.es\/en\/product\/asus-iot-en\/ebs-4u700#breadcrumb\"},\"inLanguage\":\"en-US\",\"potentialAction\":[{\"@type\":\"ReadAction\",\"target\":[\"https:\/\/www.matrix.es\/en\/product\/asus-iot-en\/ebs-4u700\"]}]},{\"@type\":\"ImageObject\",\"inLanguage\":\"en-US\",\"@id\":\"https:\/\/www.matrix.es\/en\/product\/asus-iot-en\/ebs-4u700#primaryimage\",\"url\":\"https:\/\/www.matrix.es\/wp-content\/uploads\/2024\/10\/EBS-4U700-1.png\",\"contentUrl\":\"https:\/\/www.matrix.es\/wp-content\/uploads\/2024\/10\/EBS-4U700-1.png\",\"width\":500,\"height\":500,\"caption\":\"EBS-4U700\"},{\"@type\":\"BreadcrumbList\",\"@id\":\"https:\/\/www.matrix.es\/en\/product\/asus-iot-en\/ebs-4u700#breadcrumb\",\"itemListElement\":[{\"@type\":\"ListItem\",\"position\":1,\"name\":\"Portada\",\"item\":\"https:\/\/www.matrix.es\/en\"},{\"@type\":\"ListItem\",\"position\":2,\"name\":\"Products\",\"item\":\"https:\/\/www.matrix.es\/shop\"},{\"@type\":\"ListItem\",\"position\":3,\"name\":\"EBS-4U700\"}]},{\"@type\":\"WebSite\",\"@id\":\"https:\/\/www.matrix.es\/#website\",\"url\":\"https:\/\/www.matrix.es\/\",\"name\":\"MATRIX electr\u00f3nica\",\"description\":\"Componentes, m\u00f3dulos y dispositivos electr\u00f3nicos para dise\u00f1adores e integradores de sistemas\",\"publisher\":{\"@id\":\"https:\/\/www.matrix.es\/#organization\"},\"potentialAction\":[{\"@type\":\"SearchAction\",\"target\":{\"@type\":\"EntryPoint\",\"urlTemplate\":\"https:\/\/www.matrix.es\/?s={search_term_string}\"},\"query-input\":{\"@type\":\"PropertyValueSpecification\",\"valueRequired\":true,\"valueName\":\"search_term_string\"}}],\"inLanguage\":\"en-US\"},{\"@type\":\"Organization\",\"@id\":\"https:\/\/www.matrix.es\/#organization\",\"name\":\"MATRIX Electronica, S.L.\",\"url\":\"https:\/\/www.matrix.es\/\",\"logo\":{\"@type\":\"ImageObject\",\"inLanguage\":\"en-US\",\"@id\":\"https:\/\/www.matrix.es\/#\/schema\/logo\/image\/\",\"url\":\"https:\/\/www.matrix.es\/wp-content\/uploads\/2022\/01\/Logo.png\",\"contentUrl\":\"https:\/\/www.matrix.es\/wp-content\/uploads\/2022\/01\/Logo.png\",\"width\":286,\"height\":120,\"caption\":\"MATRIX Electronica, S.L.\"},\"image\":{\"@id\":\"https:\/\/www.matrix.es\/#\/schema\/logo\/image\/\"}}]}<\/script>\n<!-- \/ Yoast SEO plugin. -->","yoast_head_json":{"title":"EBS-4U700 - MATRIX electr\u00f3nica","description":"EBS-4U700, Standard 19-inch rackmount 4U chassis, made of sturdy and durable 1.2mm SGCC sheet metal, compatibility with AT","robots":{"index":"index","follow":"follow","max-snippet":"max-snippet:-1","max-image-preview":"max-image-preview:large","max-video-preview":"max-video-preview:-1"},"canonical":"https:\/\/www.matrix.es\/en\/product\/asus-iot-en\/ebs-4u700","og_locale":"en_US","og_type":"article","og_title":"EBS-4U700 - MATRIX electr\u00f3nica","og_description":"EBS-4U700, Standard 19-inch rackmount 4U chassis, made of sturdy and durable 1.2mm SGCC sheet metal, compatibility with AT","og_url":"https:\/\/www.matrix.es\/en\/product\/asus-iot-en\/ebs-4u700","og_site_name":"MATRIX electr\u00f3nica","article_modified_time":"2024-10-24T08:33:47+00:00","og_image":[{"width":500,"height":500,"url":"https:\/\/www.matrix.es\/wp-content\/uploads\/2024\/10\/EBS-4U700-1.png","type":"image\/png"}],"twitter_card":"summary_large_image","twitter_misc":{"Est. reading time":"5 minutes"},"schema":{"@context":"https:\/\/schema.org","@graph":[{"@type":"WebPage","@id":"https:\/\/www.matrix.es\/en\/product\/asus-iot-en\/ebs-4u700","url":"https:\/\/www.matrix.es\/en\/product\/asus-iot-en\/ebs-4u700","name":"EBS-4U700 - MATRIX electr\u00f3nica","isPartOf":{"@id":"https:\/\/www.matrix.es\/#website"},"primaryImageOfPage":{"@id":"https:\/\/www.matrix.es\/en\/product\/asus-iot-en\/ebs-4u700#primaryimage"},"image":{"@id":"https:\/\/www.matrix.es\/en\/product\/asus-iot-en\/ebs-4u700#primaryimage"},"thumbnailUrl":"https:\/\/www.matrix.es\/wp-content\/uploads\/2024\/10\/EBS-4U700-1.png","datePublished":"2024-10-23T08:57:09+00:00","dateModified":"2024-10-24T08:33:47+00:00","description":"EBS-4U700, Standard 19-inch rackmount 4U chassis, made of sturdy and durable 1.2mm SGCC sheet metal, compatibility with AT","breadcrumb":{"@id":"https:\/\/www.matrix.es\/en\/product\/asus-iot-en\/ebs-4u700#breadcrumb"},"inLanguage":"en-US","potentialAction":[{"@type":"ReadAction","target":["https:\/\/www.matrix.es\/en\/product\/asus-iot-en\/ebs-4u700"]}]},{"@type":"ImageObject","inLanguage":"en-US","@id":"https:\/\/www.matrix.es\/en\/product\/asus-iot-en\/ebs-4u700#primaryimage","url":"https:\/\/www.matrix.es\/wp-content\/uploads\/2024\/10\/EBS-4U700-1.png","contentUrl":"https:\/\/www.matrix.es\/wp-content\/uploads\/2024\/10\/EBS-4U700-1.png","width":500,"height":500,"caption":"EBS-4U700"},{"@type":"BreadcrumbList","@id":"https:\/\/www.matrix.es\/en\/product\/asus-iot-en\/ebs-4u700#breadcrumb","itemListElement":[{"@type":"ListItem","position":1,"name":"Portada","item":"https:\/\/www.matrix.es\/en"},{"@type":"ListItem","position":2,"name":"Products","item":"https:\/\/www.matrix.es\/shop"},{"@type":"ListItem","position":3,"name":"EBS-4U700"}]},{"@type":"WebSite","@id":"https:\/\/www.matrix.es\/#website","url":"https:\/\/www.matrix.es\/","name":"MATRIX electr\u00f3nica","description":"Componentes, m\u00f3dulos y dispositivos electr\u00f3nicos para dise\u00f1adores e integradores de sistemas","publisher":{"@id":"https:\/\/www.matrix.es\/#organization"},"potentialAction":[{"@type":"SearchAction","target":{"@type":"EntryPoint","urlTemplate":"https:\/\/www.matrix.es\/?s={search_term_string}"},"query-input":{"@type":"PropertyValueSpecification","valueRequired":true,"valueName":"search_term_string"}}],"inLanguage":"en-US"},{"@type":"Organization","@id":"https:\/\/www.matrix.es\/#organization","name":"MATRIX Electronica, S.L.","url":"https:\/\/www.matrix.es\/","logo":{"@type":"ImageObject","inLanguage":"en-US","@id":"https:\/\/www.matrix.es\/#\/schema\/logo\/image\/","url":"https:\/\/www.matrix.es\/wp-content\/uploads\/2022\/01\/Logo.png","contentUrl":"https:\/\/www.matrix.es\/wp-content\/uploads\/2022\/01\/Logo.png","width":286,"height":120,"caption":"MATRIX Electronica, S.L."},"image":{"@id":"https:\/\/www.matrix.es\/#\/schema\/logo\/image\/"}}]}},"_links":{"self":[{"href":"https:\/\/www.matrix.es\/en\/wp-json\/wp\/v2\/product\/38330","targetHints":{"allow":["GET"]}}],"collection":[{"href":"https:\/\/www.matrix.es\/en\/wp-json\/wp\/v2\/product"}],"about":[{"href":"https:\/\/www.matrix.es\/en\/wp-json\/wp\/v2\/types\/product"}],"wp:featuredmedia":[{"embeddable":true,"href":"https:\/\/www.matrix.es\/en\/wp-json\/wp\/v2\/media\/38322"}],"wp:attachment":[{"href":"https:\/\/www.matrix.es\/en\/wp-json\/wp\/v2\/media?parent=38330"}],"wp:term":[{"taxonomy":"product_brand","embeddable":true,"href":"https:\/\/www.matrix.es\/en\/wp-json\/wp\/v2\/product_brand?post=38330"},{"taxonomy":"product_cat","embeddable":true,"href":"https:\/\/www.matrix.es\/en\/wp-json\/wp\/v2\/product_cat?post=38330"},{"taxonomy":"product_tag","embeddable":true,"href":"https:\/\/www.matrix.es\/en\/wp-json\/wp\/v2\/product_tag?post=38330"}],"curies":[{"name":"wp","href":"https:\/\/api.w.org\/{rel}","templated":true}]}}