{"id":36703,"date":"2024-05-09T15:28:30","date_gmt":"2024-05-09T13:28:30","guid":{"rendered":"https:\/\/www.matrix.es\/product\/sin%20categor\u00eda\/pe1000n"},"modified":"2025-05-29T13:22:44","modified_gmt":"2025-05-29T11:22:44","slug":"pe1000n","status":"publish","type":"product","link":"https:\/\/www.matrix.es\/en\/product\/asus-iot-en\/fanless-box-pcs-asus-iot-en\/pe1000n","title":{"rendered":"PE1000N"},"content":{"rendered":"<div id='av_section_1'  class='avia-section main_color avia-section-default avia-no-shadow avia-bg-style-scroll  avia-builder-el-0  avia-builder-el-no-sibling   container_wrap fullsize' style='background-color: #ffffff;  '  ><div class='container' ><main  role=\"main\" itemprop=\"mainContentOfPage\"  class='template-page content  av-content-full alpha units'><div class='post-entry post-entry-type-page post-entry-36703'><div class='entry-content-wrapper clearfix'>\n<div class=\"flex_column av_two_fifth  flex_column_div av-zero-column-padding first  avia-builder-el-1  el_before_av_three_fifth  avia-builder-el-first  \" style='border-radius:0px; '><div  class='avia-image-container  av-styling-    avia-builder-el-2  avia-builder-el-no-sibling  avia-align-center '  itemprop=\"image\" itemscope=\"itemscope\" itemtype=\"https:\/\/schema.org\/ImageObject\"  ><div class='avia-image-container-inner'><div class='avia-image-overlay-wrap'><a href='https:\/\/www.matrix.es\/wp-content\/uploads\/2024\/05\/PE1000N.png' class='avia_image'  ><img class='avia_image ' src='https:\/\/www.matrix.es\/wp-content\/uploads\/2024\/05\/PE1000N-300x300.png' alt='EBS - PE1000N' title='PE1000N'  itemprop=\"thumbnailUrl\"  \/><\/a><\/div><\/div><\/div><\/div><div class=\"flex_column av_three_fifth  flex_column_div av-zero-column-padding   avia-builder-el-3  el_after_av_two_fifth  el_before_av_heading  \" style='border-radius:0px; '><p><div  class='avia-image-container  av-styling-    avia-builder-el-4  el_before_av_hr  avia-builder-el-first  avia-align-left '  itemprop=\"image\" itemscope=\"itemscope\" itemtype=\"https:\/\/schema.org\/ImageObject\"  ><div class='avia-image-container-inner'><div class='avia-image-overlay-wrap'><a href='https:\/\/www.matrix.es\/en\/asus-iot-spain' class='avia_image'  ><img class='avia_image ' src='https:\/\/www.matrix.es\/wp-content\/uploads\/2024\/05\/logo-ASUSMATRIX-1.jpg' alt='' title='logo-ASUS+MATRIX'  itemprop=\"thumbnailUrl\"  \/><\/a><\/div><\/div><\/div><br \/>\n<div  style='height:10px' class='hr hr-invisible   avia-builder-el-5  el_after_av_image  el_before_av_textblock '><span class='hr-inner ' ><span class='hr-inner-style'><\/span><\/span><\/div><br \/>\n<section class=\"av_textblock_section \"  itemscope=\"itemscope\" itemtype=\"https:\/\/schema.org\/CreativeWork\" ><div class='avia_textblock  '   itemprop=\"text\" ><div class=\"attribute-short short_description\">\n<p>Arm System, NVIDIA Jetson, LPDDR4, eMMC, USB3, Dual LAN, HDMI, M.2 E, M.2 M, mini PCIe, AEM, Dual SIM, 12-24V<\/p>\n<ul>\n<li>Intelligent Edge AI System with NVIDIA Jetson&#x2122; Nano&#x2122;, TX2 NX and Xavier&#x2122; NX<\/li>\n<li>Fanless design and diverse I\/O in a compact size<\/li>\n<li>Built in Wi-Fi BT module, LTE ready to connect<\/li>\n<li>Wide range of power input and operating temperature<\/li>\n<li>Support ASUS Expansion Module (AEM)<\/li>\n<\/ul>\n<\/div>\n<div class=\"attribute-long description\"><\/div>\n<\/div><\/section><br \/>\n<div  class='avia-button-wrap avia-button-left  avia-builder-el-7  el_after_av_textblock  avia-builder-el-last ' ><a href='https:\/\/www.matrix.es\/wp-content\/uploads\/2024\/05\/PE1000N-Datasheet.pdf' class='avia-button   avia-icon_select-yes-left-icon avia-color-theme-color-subtle avia-size-small avia-position-left ' target=\"_blank\" rel=\"noopener\"><span class='avia_button_icon avia_button_icon_left ' aria-hidden='true' data-av_icon='\ue82d' data-av_iconfont='entypo-fontello'><\/span><span class='avia_iconbox_title' >Datasheet<\/span><\/a><\/div><\/p><\/div><div  style='padding-bottom:10px; font-size:21px;' class='av-special-heading av-special-heading-h2  blockquote modern-quote  avia-builder-el-8  el_after_av_three_fifth  el_before_av_hr  av-inherit-size '><h2 class='av-special-heading-tag '  itemprop=\"headline\"  >Please contact us if you are interested in this product<\/h2><div class='special-heading-border'><div class='special-heading-inner-border' ><\/div><\/div><\/div>\n<div   class='hr hr-default   avia-builder-el-9  el_after_av_heading  el_before_av_two_third '><span class='hr-inner ' ><span class='hr-inner-style'><\/span><\/span><\/div>\n<div class=\"flex_column av_two_third  flex_column_div av-zero-column-padding first  avia-builder-el-10  el_after_av_hr  avia-builder-el-last  \" style='border-radius:0px; '><\/div>\n","protected":false},"excerpt":{"rendered":"<p>Ordenador robusto sin ventilador con procesador Intel\u00ae Core&#x2122; Ultra serie 100U, DDR5 5600MHz, DisplayPort, HDMI, doble LAN, varios puertos USB y COM, y entrada de CC de 9-36 V.<\/p>\n","protected":false},"featured_media":36116,"template":"","meta":[],"product_brand":[],"product_cat":[2170,2171,2175],"product_tag":[],"class_list":{"0":"post-36703","1":"product","2":"type-product","3":"status-publish","4":"has-post-thumbnail","6":"product_cat-asus-iot-en","7":"product_cat-fanless-box-pcs-asus-iot-en","8":"product_cat-rugged-edge-gpu-computer-en","10":"first","11":"instock","12":"shipping-taxable","13":"product-type-simple"},"yoast_head":"<!-- This site is optimized with the Yoast SEO plugin v25.5 - https:\/\/yoast.com\/wordpress\/plugins\/seo\/ -->\n<title>PE1000N - MATRIX electr\u00f3nica<\/title>\n<meta name=\"description\" content=\"PE1000N, Sistema Arm, NVIDIA Jetson, LPDDR4, eMMC, USB3, Dual LAN, HDMI, M.2 E, M.2 M, mini PCIe, AEM, Dual SIM, 12-24V\" \/>\n<meta name=\"robots\" content=\"index, follow, max-snippet:-1, max-image-preview:large, max-video-preview:-1\" \/>\n<link rel=\"canonical\" href=\"https:\/\/www.matrix.es\/en\/product\/asus-iot-en\/pe1000n\" \/>\n<meta property=\"og:locale\" content=\"en_US\" \/>\n<meta property=\"og:type\" content=\"article\" \/>\n<meta property=\"og:title\" content=\"PE1000N - MATRIX electr\u00f3nica\" \/>\n<meta property=\"og:description\" content=\"PE1000N, Sistema Arm, NVIDIA Jetson, LPDDR4, eMMC, USB3, Dual LAN, HDMI, M.2 E, M.2 M, mini PCIe, AEM, Dual SIM, 12-24V\" \/>\n<meta property=\"og:url\" content=\"https:\/\/www.matrix.es\/en\/product\/asus-iot-en\/pe1000n\" \/>\n<meta property=\"og:site_name\" content=\"MATRIX electr\u00f3nica\" \/>\n<meta property=\"article:modified_time\" content=\"2025-05-29T11:22:44+00:00\" \/>\n<meta property=\"og:image\" content=\"https:\/\/www.matrix.es\/wp-content\/uploads\/2024\/05\/PE1000N.png\" \/>\n\t<meta property=\"og:image:width\" content=\"692\" \/>\n\t<meta property=\"og:image:height\" content=\"692\" \/>\n\t<meta property=\"og:image:type\" content=\"image\/png\" \/>\n<meta name=\"twitter:card\" content=\"summary_large_image\" \/>\n<meta name=\"twitter:label1\" content=\"Est. reading time\" \/>\n\t<meta name=\"twitter:data1\" content=\"2 minutes\" \/>\n<script type=\"application\/ld+json\" class=\"yoast-schema-graph\">{\"@context\":\"https:\/\/schema.org\",\"@graph\":[{\"@type\":\"WebPage\",\"@id\":\"https:\/\/www.matrix.es\/en\/product\/asus-iot-en\/pe1000n\",\"url\":\"https:\/\/www.matrix.es\/en\/product\/asus-iot-en\/pe1000n\",\"name\":\"PE1000N - MATRIX electr\u00f3nica\",\"isPartOf\":{\"@id\":\"https:\/\/www.matrix.es\/#website\"},\"primaryImageOfPage\":{\"@id\":\"https:\/\/www.matrix.es\/en\/product\/asus-iot-en\/pe1000n#primaryimage\"},\"image\":{\"@id\":\"https:\/\/www.matrix.es\/en\/product\/asus-iot-en\/pe1000n#primaryimage\"},\"thumbnailUrl\":\"https:\/\/www.matrix.es\/wp-content\/uploads\/2024\/05\/PE1000N.png\",\"datePublished\":\"2024-05-09T13:28:30+00:00\",\"dateModified\":\"2025-05-29T11:22:44+00:00\",\"description\":\"PE1000N, Sistema Arm, NVIDIA Jetson, LPDDR4, eMMC, USB3, Dual LAN, HDMI, M.2 E, M.2 M, mini PCIe, AEM, Dual SIM, 12-24V\",\"breadcrumb\":{\"@id\":\"https:\/\/www.matrix.es\/en\/product\/asus-iot-en\/pe1000n#breadcrumb\"},\"inLanguage\":\"en-US\",\"potentialAction\":[{\"@type\":\"ReadAction\",\"target\":[\"https:\/\/www.matrix.es\/en\/product\/asus-iot-en\/pe1000n\"]}]},{\"@type\":\"ImageObject\",\"inLanguage\":\"en-US\",\"@id\":\"https:\/\/www.matrix.es\/en\/product\/asus-iot-en\/pe1000n#primaryimage\",\"url\":\"https:\/\/www.matrix.es\/wp-content\/uploads\/2024\/05\/PE1000N.png\",\"contentUrl\":\"https:\/\/www.matrix.es\/wp-content\/uploads\/2024\/05\/PE1000N.png\",\"width\":692,\"height\":692,\"caption\":\"EBS - PE1000N\"},{\"@type\":\"BreadcrumbList\",\"@id\":\"https:\/\/www.matrix.es\/en\/product\/asus-iot-en\/pe1000n#breadcrumb\",\"itemListElement\":[{\"@type\":\"ListItem\",\"position\":1,\"name\":\"Portada\",\"item\":\"https:\/\/www.matrix.es\/en\"},{\"@type\":\"ListItem\",\"position\":2,\"name\":\"Products\",\"item\":\"https:\/\/www.matrix.es\/shop\"},{\"@type\":\"ListItem\",\"position\":3,\"name\":\"PE1000N\"}]},{\"@type\":\"WebSite\",\"@id\":\"https:\/\/www.matrix.es\/#website\",\"url\":\"https:\/\/www.matrix.es\/\",\"name\":\"MATRIX electr\u00f3nica\",\"description\":\"Componentes, m\u00f3dulos y dispositivos electr\u00f3nicos para dise\u00f1adores e integradores de sistemas\",\"publisher\":{\"@id\":\"https:\/\/www.matrix.es\/#organization\"},\"potentialAction\":[{\"@type\":\"SearchAction\",\"target\":{\"@type\":\"EntryPoint\",\"urlTemplate\":\"https:\/\/www.matrix.es\/?s={search_term_string}\"},\"query-input\":{\"@type\":\"PropertyValueSpecification\",\"valueRequired\":true,\"valueName\":\"search_term_string\"}}],\"inLanguage\":\"en-US\"},{\"@type\":\"Organization\",\"@id\":\"https:\/\/www.matrix.es\/#organization\",\"name\":\"MATRIX Electronica, S.L.\",\"url\":\"https:\/\/www.matrix.es\/\",\"logo\":{\"@type\":\"ImageObject\",\"inLanguage\":\"en-US\",\"@id\":\"https:\/\/www.matrix.es\/#\/schema\/logo\/image\/\",\"url\":\"https:\/\/www.matrix.es\/wp-content\/uploads\/2022\/01\/Logo.png\",\"contentUrl\":\"https:\/\/www.matrix.es\/wp-content\/uploads\/2022\/01\/Logo.png\",\"width\":286,\"height\":120,\"caption\":\"MATRIX Electronica, S.L.\"},\"image\":{\"@id\":\"https:\/\/www.matrix.es\/#\/schema\/logo\/image\/\"}}]}<\/script>\n<!-- \/ Yoast SEO plugin. -->","yoast_head_json":{"title":"PE1000N - MATRIX electr\u00f3nica","description":"PE1000N, Sistema Arm, NVIDIA Jetson, LPDDR4, eMMC, USB3, Dual LAN, HDMI, M.2 E, M.2 M, mini PCIe, AEM, Dual SIM, 12-24V","robots":{"index":"index","follow":"follow","max-snippet":"max-snippet:-1","max-image-preview":"max-image-preview:large","max-video-preview":"max-video-preview:-1"},"canonical":"https:\/\/www.matrix.es\/en\/product\/asus-iot-en\/pe1000n","og_locale":"en_US","og_type":"article","og_title":"PE1000N - MATRIX electr\u00f3nica","og_description":"PE1000N, Sistema Arm, NVIDIA Jetson, LPDDR4, eMMC, USB3, Dual LAN, HDMI, M.2 E, M.2 M, mini PCIe, AEM, Dual SIM, 12-24V","og_url":"https:\/\/www.matrix.es\/en\/product\/asus-iot-en\/pe1000n","og_site_name":"MATRIX electr\u00f3nica","article_modified_time":"2025-05-29T11:22:44+00:00","og_image":[{"width":692,"height":692,"url":"https:\/\/www.matrix.es\/wp-content\/uploads\/2024\/05\/PE1000N.png","type":"image\/png"}],"twitter_card":"summary_large_image","twitter_misc":{"Est. reading time":"2 minutes"},"schema":{"@context":"https:\/\/schema.org","@graph":[{"@type":"WebPage","@id":"https:\/\/www.matrix.es\/en\/product\/asus-iot-en\/pe1000n","url":"https:\/\/www.matrix.es\/en\/product\/asus-iot-en\/pe1000n","name":"PE1000N - MATRIX electr\u00f3nica","isPartOf":{"@id":"https:\/\/www.matrix.es\/#website"},"primaryImageOfPage":{"@id":"https:\/\/www.matrix.es\/en\/product\/asus-iot-en\/pe1000n#primaryimage"},"image":{"@id":"https:\/\/www.matrix.es\/en\/product\/asus-iot-en\/pe1000n#primaryimage"},"thumbnailUrl":"https:\/\/www.matrix.es\/wp-content\/uploads\/2024\/05\/PE1000N.png","datePublished":"2024-05-09T13:28:30+00:00","dateModified":"2025-05-29T11:22:44+00:00","description":"PE1000N, Sistema Arm, NVIDIA Jetson, LPDDR4, eMMC, USB3, Dual LAN, HDMI, M.2 E, M.2 M, mini PCIe, AEM, Dual SIM, 12-24V","breadcrumb":{"@id":"https:\/\/www.matrix.es\/en\/product\/asus-iot-en\/pe1000n#breadcrumb"},"inLanguage":"en-US","potentialAction":[{"@type":"ReadAction","target":["https:\/\/www.matrix.es\/en\/product\/asus-iot-en\/pe1000n"]}]},{"@type":"ImageObject","inLanguage":"en-US","@id":"https:\/\/www.matrix.es\/en\/product\/asus-iot-en\/pe1000n#primaryimage","url":"https:\/\/www.matrix.es\/wp-content\/uploads\/2024\/05\/PE1000N.png","contentUrl":"https:\/\/www.matrix.es\/wp-content\/uploads\/2024\/05\/PE1000N.png","width":692,"height":692,"caption":"EBS - PE1000N"},{"@type":"BreadcrumbList","@id":"https:\/\/www.matrix.es\/en\/product\/asus-iot-en\/pe1000n#breadcrumb","itemListElement":[{"@type":"ListItem","position":1,"name":"Portada","item":"https:\/\/www.matrix.es\/en"},{"@type":"ListItem","position":2,"name":"Products","item":"https:\/\/www.matrix.es\/shop"},{"@type":"ListItem","position":3,"name":"PE1000N"}]},{"@type":"WebSite","@id":"https:\/\/www.matrix.es\/#website","url":"https:\/\/www.matrix.es\/","name":"MATRIX electr\u00f3nica","description":"Componentes, m\u00f3dulos y dispositivos electr\u00f3nicos para dise\u00f1adores e integradores de sistemas","publisher":{"@id":"https:\/\/www.matrix.es\/#organization"},"potentialAction":[{"@type":"SearchAction","target":{"@type":"EntryPoint","urlTemplate":"https:\/\/www.matrix.es\/?s={search_term_string}"},"query-input":{"@type":"PropertyValueSpecification","valueRequired":true,"valueName":"search_term_string"}}],"inLanguage":"en-US"},{"@type":"Organization","@id":"https:\/\/www.matrix.es\/#organization","name":"MATRIX Electronica, S.L.","url":"https:\/\/www.matrix.es\/","logo":{"@type":"ImageObject","inLanguage":"en-US","@id":"https:\/\/www.matrix.es\/#\/schema\/logo\/image\/","url":"https:\/\/www.matrix.es\/wp-content\/uploads\/2022\/01\/Logo.png","contentUrl":"https:\/\/www.matrix.es\/wp-content\/uploads\/2022\/01\/Logo.png","width":286,"height":120,"caption":"MATRIX Electronica, S.L."},"image":{"@id":"https:\/\/www.matrix.es\/#\/schema\/logo\/image\/"}}]}},"_links":{"self":[{"href":"https:\/\/www.matrix.es\/en\/wp-json\/wp\/v2\/product\/36703","targetHints":{"allow":["GET"]}}],"collection":[{"href":"https:\/\/www.matrix.es\/en\/wp-json\/wp\/v2\/product"}],"about":[{"href":"https:\/\/www.matrix.es\/en\/wp-json\/wp\/v2\/types\/product"}],"wp:featuredmedia":[{"embeddable":true,"href":"https:\/\/www.matrix.es\/en\/wp-json\/wp\/v2\/media\/36116"}],"wp:attachment":[{"href":"https:\/\/www.matrix.es\/en\/wp-json\/wp\/v2\/media?parent=36703"}],"wp:term":[{"taxonomy":"product_brand","embeddable":true,"href":"https:\/\/www.matrix.es\/en\/wp-json\/wp\/v2\/product_brand?post=36703"},{"taxonomy":"product_cat","embeddable":true,"href":"https:\/\/www.matrix.es\/en\/wp-json\/wp\/v2\/product_cat?post=36703"},{"taxonomy":"product_tag","embeddable":true,"href":"https:\/\/www.matrix.es\/en\/wp-json\/wp\/v2\/product_tag?post=36703"}],"curies":[{"name":"wp","href":"https:\/\/api.w.org\/{rel}","templated":true}]}}