{"id":43472,"date":"2025-10-09T13:38:39","date_gmt":"2025-10-09T11:38:39","guid":{"rendered":"https:\/\/www.matrix.es\/wireless-sensors\/medidas-electricas"},"modified":"2025-10-09T14:01:53","modified_gmt":"2025-10-09T12:01:53","slug":"electrical-measurement","status":"publish","type":"page","link":"https:\/\/www.matrix.es\/en\/wireless-sensors\/electrical-measurement","title":{"rendered":"Electrical Measurement"},"content":{"rendered":"<div id='av_section_1'  class='avia-section main_color avia-section-small avia-no-shadow avia-bg-style-scroll  avia-builder-el-0  el_before_av_textblock  avia-builder-el-first   container_wrap fullsize' style='background-color: #c4c4c4;  margin-top:0px; margin-bottom:-20px; '  ><div class='container' ><main  role=\"main\" itemprop=\"mainContentOfPage\"  class='template-page content  av-content-full alpha units'><div class='post-entry post-entry-type-page post-entry-43472'><div class='entry-content-wrapper clearfix'>\n<div class='flex_column_table av-equal-height-column-flextable -flextable' style='margin-top:5px; margin-bottom:5px; '><div class=\"flex_column av_one_full  flex_column_table_cell av-equal-height-column av-align-middle av-zero-column-padding first  avia-builder-el-1  avia-builder-el-no-sibling  \" style='border-radius:0px; '><section class=\"av_textblock_section \"  itemscope=\"itemscope\" itemtype=\"https:\/\/schema.org\/CreativeWork\" ><div class='avia_textblock  '   itemprop=\"text\" ><h1><u><a href=\"https:\/\/www.matrix.es\/en\/sensores-inalambricos\">Wireless Sensors<\/a><\/u> \/ Electrical Measurement Sensors<\/h1>\n<\/div><\/section><\/div><\/div><!--close column table wrapper. Autoclose: 1 -->\n<\/div><\/div><\/main><!-- close content main element --><\/div><\/div><div id='after_section_1'  class='main_color av_default_container_wrap container_wrap fullsize' style=' '  ><div class='container' ><div class='template-page content  av-content-full alpha units'><div class='post-entry post-entry-type-page post-entry-43472'><div class='entry-content-wrapper clearfix'>\n<section class=\"av_textblock_section \"  itemscope=\"itemscope\" itemtype=\"https:\/\/schema.org\/CreativeWork\" ><div class='avia_textblock  '   itemprop=\"text\" ><h3 style=\"text-align: left;\"><img loading=\"lazy\" decoding=\"async\" class=\"wp-image-29046 alignnone\" src=\"https:\/\/www.matrix.es\/wp-content\/uploads\/2022\/11\/descarga-1-80x80.png\" alt=\"\" width=\"40\" height=\"40\" srcset=\"https:\/\/www.matrix.es\/wp-content\/uploads\/2022\/11\/descarga-1-80x80.png 80w, https:\/\/www.matrix.es\/wp-content\/uploads\/2022\/11\/descarga-1-36x36.png 36w, https:\/\/www.matrix.es\/wp-content\/uploads\/2022\/11\/descarga-1-100x100.png 100w, https:\/\/www.matrix.es\/wp-content\/uploads\/2022\/11\/descarga-1.png 123w\" sizes=\"auto, (max-width: 40px) 100vw, 40px\" \/>Wireless Standard Technologies for Smart Building<\/h3>\n<h3>LoRaWAN Solutions<\/h3>\n<\/div><\/section>\n<div class=\"flex_column av_one_third  flex_column_div av-zero-column-padding first  avia-builder-el-4  el_after_av_textblock  el_before_av_postcontent  avia-builder-el-last  column-top-margin\" style='border-radius:0px; '><p><div  class='avia-image-container  av-styling-    avia-builder-el-5  el_before_av_textblock  avia-builder-el-first  avia-align-center '  itemprop=\"image\" itemscope=\"itemscope\" itemtype=\"https:\/\/schema.org\/ImageObject\"  ><div class='avia-image-container-inner'><div class='avia-image-overlay-wrap'><img class='avia_image' src='https:\/\/www.matrix.es\/wp-content\/uploads\/2024\/06\/202001303.png' alt='' title='202001303' height=\"200\" width=\"300\"  itemprop=\"thumbnailUrl\"  \/><\/div><\/div><\/div><br \/>\n<section class=\"av_textblock_section \"  itemscope=\"itemscope\" itemtype=\"https:\/\/schema.org\/CreativeWork\" ><div class='avia_textblock  '   itemprop=\"text\" ><p style=\"text-align: center;\"><strong>202001303<\/strong><\/p>\n<p style=\"text-align: center;\"><strong>WATTECO Power Meter Three-Phase with 3 Toroids 60A &#8211; LoRaWAN 868 (50-70-105)<\/strong><\/p>\n<\/div><\/section><br \/>\n<div  class='avia-button-wrap avia-button-center  avia-builder-el-7  el_after_av_textblock  avia-builder-el-last ' ><a href='https:\/\/www.matrix.es\/wp-content\/uploads\/2024\/06\/WATTECO_DS_50-70-105_TRIPHASO_v1.9-1.pdf' class='avia-button   avia-icon_select-yes-left-icon avia-color-theme-color-subtle avia-size-medium avia-position-center ' target=\"_blank\" rel=\"noopener\"><span class='avia_button_icon avia_button_icon_left ' aria-hidden='true' data-av_icon='\ue84d' data-av_iconfont='entypo-fontello'><\/span><span class='avia_iconbox_title' >Datasheet<\/span><\/a><\/div><\/p><\/div>\n[av_section min_height='' min_height_pc='25' min_height_px='500px' padding='small' shadow='no-shadow' bottom_border='no-border-styling' bottom_border_diagonal_color='#333333' bottom_border_diagonal_direction='' bottom_border_style='' margin='aviaTBmargin' custom_margin='0px,-20px' custom_arrow_bg='' color='main_color' background='bg_color' custom_bg='' background_gradient_color1='' background_gradient_color2='' background_gradient_direction='vertical' src='http:\/\/www.matrix.es\/wp-content\/uploads\/2019\/10\/Fondo-Productos-Izquierda-1.jpg' attachment='18323' attachment_size='full' attach='scroll' position='center center' repeat='stretch' video='' video_ratio='16:9' overlay_opacity='0.5' overlay_color='' overlay_pattern='' overlay_custom_pattern='' id='' custom_class='' aria_label='' av_element_hidden_in_editor='0' av_uid='av-k1hz086x']\r\n[av_one_full first min_height='' vertical_alignment='' space='' custom_margin='' margin='0px' row_boxshadow='' row_boxshadow_color='' row_boxshadow_width='10' link='' linktarget='' link_hover='' title_attr='' alt_attr='' padding='0px' highlight='' highlight_size='' border='' border_color='' radius='0px' column_boxshadow='' column_boxshadow_color='' column_boxshadow_width='10' background='bg_color' background_color='' background_gradient_color1='' background_gradient_color2='' background_gradient_direction='vertical' src='' background_position='top left' background_repeat='no-repeat' animation='' mobile_breaking='' mobile_display='' av_uid='av-rxf3df']\r\n\r\n[av_textblock size='' font_color='' color='' av-medium-font-size='' av-small-font-size='' av-mini-font-size='' av_uid='av-9yxppol' id='' custom_class='' admin_preview_bg='']\r\n<h1>Contact Matrix Electr\u00f3nica<\/h1>\r\n[\/av_textblock]\r\n\r\n[\/av_one_full]\r\n[\/av_section]\r\n\r\n[av_section min_height='' min_height_pc='25' min_height_px='500px' padding='default' shadow='no-border-styling' bottom_border='no-border-styling' bottom_border_diagonal_color='#333333' bottom_border_diagonal_direction='' bottom_border_style='' custom_margin='0px' custom_margin_sync='true' custom_arrow_bg='' color='main_color' background='bg_color' custom_bg='#ffffff' background_gradient_color1='' background_gradient_color2='' background_gradient_direction='vertical' src='' attachment='' attachment_size='' attach='scroll' position='top left' repeat='no-repeat' video='' video_ratio='16:9' overlay_opacity='0.5' overlay_color='' overlay_pattern='' overlay_custom_pattern='' id='' custom_class='' aria_label='' av_element_hidden_in_editor='0' av_uid='av-k1giwjei']\r\n\r\n[av_one_full first min_height='' vertical_alignment='' space='' custom_margin='' margin='0px' row_boxshadow='' row_boxshadow_color='' row_boxshadow_width='10' link='' linktarget='' link_hover='' title_attr='' alt_attr='' padding='0px' highlight='' highlight_size='' border='' border_color='' radius='0px' column_boxshadow='' column_boxshadow_color='' column_boxshadow_width='10' background='bg_color' background_color='' background_gradient_color1='' background_gradient_color2='' background_gradient_direction='vertical' src='' background_position='top left' background_repeat='no-repeat' animation='' mobile_breaking='' mobile_display='' av_uid='av-1ox0fj9']\r\n\r\n[av_textblock size='' font_color='' color='' av-medium-font-size='' av-small-font-size='' av-mini-font-size='' av_uid='av-9yxppol' id='' custom_class='' admin_preview_bg='']\r\n<h1 style=\"text-align: center;\">Let's Talk<\/h1>\r\n<h5 style=\"text-align: center;\">We want to be your reliable partner in IoT solutions and industrial electronics.<\/h5>\r\n[\/av_textblock]\r\n\r\n[av_hr class='invisible' height='30' shadow='no-shadow' position='center' custom_border='av-border-thin' custom_width='50px' custom_border_color='' custom_margin_top='30px' custom_margin_bottom='30px' icon_select='yes' custom_icon_color='' icon='ue808' font='entypo-fontello' av_uid='av-k1gkg7yk' id='' custom_class='' admin_preview_bg='']\r\n\r\n[\/av_one_full][av_one_fourth first min_height='' vertical_alignment='' space='' custom_margin='' margin='0px' row_boxshadow='' row_boxshadow_color='' row_boxshadow_width='10' link='' linktarget='' link_hover='' title_attr='' alt_attr='' padding='0px' highlight='' highlight_size='' border='' border_color='' radius='0px' column_boxshadow='' column_boxshadow_color='' column_boxshadow_width='10' background='bg_color' background_color='' background_gradient_color1='' background_gradient_color2='' background_gradient_direction='vertical' src='' background_position='top left' background_repeat='no-repeat' animation='' mobile_breaking='' mobile_display='' av_uid='av-1ox0fj9']\r\n\r\n[av_textblock size='' font_color='' color='' av-medium-font-size='' av-small-font-size='' av-mini-font-size='' av_uid='av-9yxppol' id='' custom_class='' admin_preview_bg='']\r\n<h5 style=\"text-align: left;\">Madrid<\/h5>\r\nAlejandro S\u00e1nchez, 109\r\n28019 Madrid\r\nTel 902.19.81.46 (+34.91.560.27.37)\r\n<h5>Barcelona<\/h5>\r\nSantCugat Business Park\r\nAv. Via Augusta 15-25, Edificio B2\r\n08174 Sant Cugat del Vall\u00e9s (Barcelona)\r\nTel 902.19.81.46\r\n<h5>Seville<\/h5>\r\nCalle Arquitectura, 1 \u2013 Torre 6\r\n41015 Sevilla\r\nTel 902.19.81.46 (+34.91.560.27.37)\r\n<h5>Valencia<\/h5>\r\nTel 902.19.81.46 (+34.91.560.27.37)\r\n<h5>Durango<\/h5>\r\nPol. Aliendalde 11 Oficina 2G\r\n48200 Durango, Vizcaya\r\nTel 902.19.81.46 (+34.91.560.27.37)\r\n[\/av_textblock]\r\n\r\n[\/av_one_fourth][av_one_fourth min_height='' vertical_alignment='' space='' custom_margin='' margin='0px' row_boxshadow='' row_boxshadow_color='' row_boxshadow_width='10' link='' linktarget='' link_hover='' title_attr='' alt_attr='' padding='0px' highlight='' highlight_size='' border='' border_color='' radius='0px' column_boxshadow='' column_boxshadow_color='' column_boxshadow_width='10' background='bg_color' background_color='' background_gradient_color1='' background_gradient_color2='' background_gradient_direction='vertical' src='' background_position='top left' background_repeat='no-repeat' animation='' mobile_breaking='' mobile_display='' av_uid='av-1ox0fj9']\r\n\r\n[av_textblock size='' font_color='' color='' av-medium-font-size='' av-small-font-size='' av-mini-font-size='' av_uid='av-9yxppol' id='' custom_class='' admin_preview_bg='']\r\n<h5>Portugal<\/h5>\r\nAv. Coronel Eduardo Galhardo, 7, 1\u00baC\r\n1170-105 Lisbon\r\nTel +351 218 162 625\r\n<h5>France<\/h5>\r\n26 rue Gaudines\r\n78100 - St Germain en Laye\r\nTel +33 1 39 04 29 40\r\n<h5>India<\/h5>\r\n803-804, 8th Floor, Vishwadeep Building, District Centre Janakpuri\r\nNew Delhi 110 058\r\nTel: +91 11 4151 9011\r\n[\/av_textblock]\r\n\r\n[\/av_one_fourth][av_one_half min_height='' vertical_alignment='' space='' custom_margin='' margin='0px' row_boxshadow='' row_boxshadow_color='' row_boxshadow_width='10' link='' linktarget='' link_hover='' title_attr='' alt_attr='' padding='0px' highlight='' highlight_size='' border='' border_color='' radius='0px' column_boxshadow='' column_boxshadow_color='' column_boxshadow_width='10' background='bg_color' background_color='' background_gradient_color1='' background_gradient_color2='' background_gradient_direction='vertical' src='' background_position='top left' background_repeat='no-repeat' animation='' mobile_breaking='' mobile_display='' av_uid='av-13va1xh']\r\n\r\n[av_textblock size='' font_color='' color='' av-medium-font-size='' av-small-font-size='' av-mini-font-size='' av_uid='av-9yxppol' id='' custom_class='' admin_preview_bg='']\r\n<h5 style=\"text-align: center;\">Contact Form<\/h5>\r\n[\/av_textblock]\r\n\r\n[av_codeblock wrapper_element='' wrapper_element_attributes='' codeblock_type='' av_uid='av-u8j77p' alb_description='' id='' custom_class='']\r\n[contact-form-7 id=\"20942\" title=\"Formulario General EN\"]\r\n[\/av_codeblock]\r\n\r\n[\/av_one_half][\/av_section]\n","protected":false},"excerpt":{"rendered":"","protected":false},"author":23,"featured_media":0,"parent":32133,"menu_order":0,"comment_status":"closed","ping_status":"closed","template":"","meta":{"footnotes":""},"class_list":["post-43472","page","type-page","status-publish","hentry"],"yoast_head":"<!-- This site is optimized with the Yoast SEO plugin v25.5 - https:\/\/yoast.com\/wordpress\/plugins\/seo\/ -->\n<title>Electrical Measurement - MATRIX electr\u00f3nica<\/title>\n<meta name=\"description\" content=\"Electrical Measurement - Wireless Standard Technologies for Smart BuildingLoRaWAN Solutions\" \/>\n<meta name=\"robots\" content=\"index, follow, max-snippet:-1, max-image-preview:large, max-video-preview:-1\" \/>\n<link rel=\"canonical\" href=\"https:\/\/www.matrix.es\/en\/wireless-sensors\/electrical-measurement\" \/>\n<meta property=\"og:locale\" content=\"en_US\" \/>\n<meta property=\"og:type\" content=\"article\" \/>\n<meta property=\"og:title\" content=\"Electrical Measurement - MATRIX electr\u00f3nica\" \/>\n<meta property=\"og:description\" content=\"Electrical Measurement - Wireless Standard Technologies for Smart BuildingLoRaWAN Solutions\" \/>\n<meta property=\"og:url\" content=\"https:\/\/www.matrix.es\/en\/wireless-sensors\/electrical-measurement\" \/>\n<meta property=\"og:site_name\" content=\"MATRIX electr\u00f3nica\" \/>\n<meta property=\"article:modified_time\" content=\"2025-10-09T12:01:53+00:00\" \/>\n<meta property=\"og:image\" content=\"https:\/\/www.matrix.es\/wp-content\/uploads\/2022\/11\/descarga-1.png\" \/>\n\t<meta property=\"og:image:width\" content=\"123\" \/>\n\t<meta property=\"og:image:height\" content=\"123\" \/>\n\t<meta property=\"og:image:type\" content=\"image\/png\" \/>\n<meta name=\"twitter:card\" content=\"summary_large_image\" \/>\n<meta name=\"twitter:label1\" content=\"Est. reading time\" \/>\n\t<meta name=\"twitter:data1\" content=\"2 minutes\" \/>\n<script type=\"application\/ld+json\" class=\"yoast-schema-graph\">{\"@context\":\"https:\/\/schema.org\",\"@graph\":[{\"@type\":\"WebPage\",\"@id\":\"https:\/\/www.matrix.es\/en\/wireless-sensors\/electrical-measurement\",\"url\":\"https:\/\/www.matrix.es\/en\/wireless-sensors\/electrical-measurement\",\"name\":\"Electrical Measurement - MATRIX electr\u00f3nica\",\"isPartOf\":{\"@id\":\"https:\/\/www.matrix.es\/#website\"},\"primaryImageOfPage\":{\"@id\":\"https:\/\/www.matrix.es\/en\/wireless-sensors\/electrical-measurement#primaryimage\"},\"image\":{\"@id\":\"https:\/\/www.matrix.es\/en\/wireless-sensors\/electrical-measurement#primaryimage\"},\"thumbnailUrl\":\"https:\/\/www.matrix.es\/wp-content\/uploads\/2022\/11\/descarga-1-80x80.png\",\"datePublished\":\"2025-10-09T11:38:39+00:00\",\"dateModified\":\"2025-10-09T12:01:53+00:00\",\"description\":\"Electrical Measurement - Wireless Standard Technologies for Smart BuildingLoRaWAN Solutions\",\"breadcrumb\":{\"@id\":\"https:\/\/www.matrix.es\/en\/wireless-sensors\/electrical-measurement#breadcrumb\"},\"inLanguage\":\"en-US\",\"potentialAction\":[{\"@type\":\"ReadAction\",\"target\":[\"https:\/\/www.matrix.es\/en\/wireless-sensors\/electrical-measurement\"]}]},{\"@type\":\"ImageObject\",\"inLanguage\":\"en-US\",\"@id\":\"https:\/\/www.matrix.es\/en\/wireless-sensors\/electrical-measurement#primaryimage\",\"url\":\"https:\/\/www.matrix.es\/wp-content\/uploads\/2022\/11\/descarga-1-80x80.png\",\"contentUrl\":\"https:\/\/www.matrix.es\/wp-content\/uploads\/2022\/11\/descarga-1-80x80.png\"},{\"@type\":\"BreadcrumbList\",\"@id\":\"https:\/\/www.matrix.es\/en\/wireless-sensors\/electrical-measurement#breadcrumb\",\"itemListElement\":[{\"@type\":\"ListItem\",\"position\":1,\"name\":\"Portada\",\"item\":\"https:\/\/www.matrix.es\/en\"},{\"@type\":\"ListItem\",\"position\":2,\"name\":\"Wireless Sensors\",\"item\":\"https:\/\/www.matrix.es\/en\/wireless-sensors\"},{\"@type\":\"ListItem\",\"position\":3,\"name\":\"Electrical Measurement\"}]},{\"@type\":\"WebSite\",\"@id\":\"https:\/\/www.matrix.es\/#website\",\"url\":\"https:\/\/www.matrix.es\/\",\"name\":\"MATRIX electr\u00f3nica\",\"description\":\"Componentes, m\u00f3dulos y dispositivos electr\u00f3nicos para dise\u00f1adores e integradores de sistemas\",\"publisher\":{\"@id\":\"https:\/\/www.matrix.es\/#organization\"},\"potentialAction\":[{\"@type\":\"SearchAction\",\"target\":{\"@type\":\"EntryPoint\",\"urlTemplate\":\"https:\/\/www.matrix.es\/?s={search_term_string}\"},\"query-input\":{\"@type\":\"PropertyValueSpecification\",\"valueRequired\":true,\"valueName\":\"search_term_string\"}}],\"inLanguage\":\"en-US\"},{\"@type\":\"Organization\",\"@id\":\"https:\/\/www.matrix.es\/#organization\",\"name\":\"MATRIX Electronica, S.L.\",\"url\":\"https:\/\/www.matrix.es\/\",\"logo\":{\"@type\":\"ImageObject\",\"inLanguage\":\"en-US\",\"@id\":\"https:\/\/www.matrix.es\/#\/schema\/logo\/image\/\",\"url\":\"https:\/\/www.matrix.es\/wp-content\/uploads\/2022\/01\/Logo.png\",\"contentUrl\":\"https:\/\/www.matrix.es\/wp-content\/uploads\/2022\/01\/Logo.png\",\"width\":286,\"height\":120,\"caption\":\"MATRIX Electronica, S.L.\"},\"image\":{\"@id\":\"https:\/\/www.matrix.es\/#\/schema\/logo\/image\/\"}}]}<\/script>\n<!-- \/ Yoast SEO plugin. -->","yoast_head_json":{"title":"Electrical Measurement - MATRIX electr\u00f3nica","description":"Electrical Measurement - Wireless Standard Technologies for Smart BuildingLoRaWAN Solutions","robots":{"index":"index","follow":"follow","max-snippet":"max-snippet:-1","max-image-preview":"max-image-preview:large","max-video-preview":"max-video-preview:-1"},"canonical":"https:\/\/www.matrix.es\/en\/wireless-sensors\/electrical-measurement","og_locale":"en_US","og_type":"article","og_title":"Electrical Measurement - MATRIX electr\u00f3nica","og_description":"Electrical Measurement - Wireless Standard Technologies for Smart BuildingLoRaWAN Solutions","og_url":"https:\/\/www.matrix.es\/en\/wireless-sensors\/electrical-measurement","og_site_name":"MATRIX electr\u00f3nica","article_modified_time":"2025-10-09T12:01:53+00:00","og_image":[{"width":123,"height":123,"url":"https:\/\/www.matrix.es\/wp-content\/uploads\/2022\/11\/descarga-1.png","type":"image\/png"}],"twitter_card":"summary_large_image","twitter_misc":{"Est. reading time":"2 minutes"},"schema":{"@context":"https:\/\/schema.org","@graph":[{"@type":"WebPage","@id":"https:\/\/www.matrix.es\/en\/wireless-sensors\/electrical-measurement","url":"https:\/\/www.matrix.es\/en\/wireless-sensors\/electrical-measurement","name":"Electrical Measurement - MATRIX electr\u00f3nica","isPartOf":{"@id":"https:\/\/www.matrix.es\/#website"},"primaryImageOfPage":{"@id":"https:\/\/www.matrix.es\/en\/wireless-sensors\/electrical-measurement#primaryimage"},"image":{"@id":"https:\/\/www.matrix.es\/en\/wireless-sensors\/electrical-measurement#primaryimage"},"thumbnailUrl":"https:\/\/www.matrix.es\/wp-content\/uploads\/2022\/11\/descarga-1-80x80.png","datePublished":"2025-10-09T11:38:39+00:00","dateModified":"2025-10-09T12:01:53+00:00","description":"Electrical Measurement - Wireless Standard Technologies for Smart BuildingLoRaWAN Solutions","breadcrumb":{"@id":"https:\/\/www.matrix.es\/en\/wireless-sensors\/electrical-measurement#breadcrumb"},"inLanguage":"en-US","potentialAction":[{"@type":"ReadAction","target":["https:\/\/www.matrix.es\/en\/wireless-sensors\/electrical-measurement"]}]},{"@type":"ImageObject","inLanguage":"en-US","@id":"https:\/\/www.matrix.es\/en\/wireless-sensors\/electrical-measurement#primaryimage","url":"https:\/\/www.matrix.es\/wp-content\/uploads\/2022\/11\/descarga-1-80x80.png","contentUrl":"https:\/\/www.matrix.es\/wp-content\/uploads\/2022\/11\/descarga-1-80x80.png"},{"@type":"BreadcrumbList","@id":"https:\/\/www.matrix.es\/en\/wireless-sensors\/electrical-measurement#breadcrumb","itemListElement":[{"@type":"ListItem","position":1,"name":"Portada","item":"https:\/\/www.matrix.es\/en"},{"@type":"ListItem","position":2,"name":"Wireless Sensors","item":"https:\/\/www.matrix.es\/en\/wireless-sensors"},{"@type":"ListItem","position":3,"name":"Electrical Measurement"}]},{"@type":"WebSite","@id":"https:\/\/www.matrix.es\/#website","url":"https:\/\/www.matrix.es\/","name":"MATRIX electr\u00f3nica","description":"Componentes, m\u00f3dulos y dispositivos electr\u00f3nicos para dise\u00f1adores e integradores de sistemas","publisher":{"@id":"https:\/\/www.matrix.es\/#organization"},"potentialAction":[{"@type":"SearchAction","target":{"@type":"EntryPoint","urlTemplate":"https:\/\/www.matrix.es\/?s={search_term_string}"},"query-input":{"@type":"PropertyValueSpecification","valueRequired":true,"valueName":"search_term_string"}}],"inLanguage":"en-US"},{"@type":"Organization","@id":"https:\/\/www.matrix.es\/#organization","name":"MATRIX Electronica, S.L.","url":"https:\/\/www.matrix.es\/","logo":{"@type":"ImageObject","inLanguage":"en-US","@id":"https:\/\/www.matrix.es\/#\/schema\/logo\/image\/","url":"https:\/\/www.matrix.es\/wp-content\/uploads\/2022\/01\/Logo.png","contentUrl":"https:\/\/www.matrix.es\/wp-content\/uploads\/2022\/01\/Logo.png","width":286,"height":120,"caption":"MATRIX Electronica, S.L."},"image":{"@id":"https:\/\/www.matrix.es\/#\/schema\/logo\/image\/"}}]}},"_links":{"self":[{"href":"https:\/\/www.matrix.es\/en\/wp-json\/wp\/v2\/pages\/43472","targetHints":{"allow":["GET"]}}],"collection":[{"href":"https:\/\/www.matrix.es\/en\/wp-json\/wp\/v2\/pages"}],"about":[{"href":"https:\/\/www.matrix.es\/en\/wp-json\/wp\/v2\/types\/page"}],"author":[{"embeddable":true,"href":"https:\/\/www.matrix.es\/en\/wp-json\/wp\/v2\/users\/23"}],"replies":[{"embeddable":true,"href":"https:\/\/www.matrix.es\/en\/wp-json\/wp\/v2\/comments?post=43472"}],"version-history":[{"count":0,"href":"https:\/\/www.matrix.es\/en\/wp-json\/wp\/v2\/pages\/43472\/revisions"}],"up":[{"embeddable":true,"href":"https:\/\/www.matrix.es\/en\/wp-json\/wp\/v2\/pages\/32133"}],"wp:attachment":[{"href":"https:\/\/www.matrix.es\/en\/wp-json\/wp\/v2\/media?parent=43472"}],"curies":[{"name":"wp","href":"https:\/\/api.w.org\/{rel}","templated":true}]}}