{"id":23284,"date":"2020-04-14T08:12:09","date_gmt":"2020-04-14T08:12:09","guid":{"rendered":"http:\/\/www.matrix.es\/webinars"},"modified":"2020-07-02T08:56:34","modified_gmt":"2020-07-02T08:56:34","slug":"webinars","status":"publish","type":"page","link":"https:\/\/www.matrix.es\/en\/webinars","title":{"rendered":"Webinars"},"content":{"rendered":"<div id='av_section_1'  class='avia-section main_color avia-section-small avia-no-border-styling avia-full-stretch avia-bg-style-scroll  avia-builder-el-0  el_before_av_section  avia-builder-el-first   container_wrap fullsize' style='background-repeat: no-repeat; background-image: url(https:\/\/www.matrix.es\/wp-content\/uploads\/2019\/10\/Fondo-Productos-Izquierda-1.jpg);background-attachment: scroll; background-position: center center;  '  data-section-bg-repeat='stretch'><div class='container' ><main  role=\"main\" itemprop=\"mainContentOfPage\"  class='template-page content  av-content-full alpha units'><div class='post-entry post-entry-type-page post-entry-23284'><div class='entry-content-wrapper clearfix'>\n<div class=\"flex_column av_two_fifth  flex_column_div av-zero-column-padding first  avia-builder-el-1  el_before_av_one_half  avia-builder-el-first  \" style='border-radius:0px; '><div  class='avia-image-container  av-styling-    avia-builder-el-2  avia-builder-el-no-sibling  avia-align-right '  itemprop=\"image\" itemscope=\"itemscope\" itemtype=\"https:\/\/schema.org\/ImageObject\"  ><div class='avia-image-container-inner'><div class='avia-image-overlay-wrap'><img class='avia_image' src='https:\/\/www.matrix.es\/wp-content\/uploads\/2020\/04\/logo-matrix-academy-300x52.png' alt='' title='logo-matrix-academy' height=\"52\" width=\"300\"  itemprop=\"thumbnailUrl\"  \/><\/div><\/div><\/div><\/div><div class=\"flex_column av_one_half  flex_column_div   avia-builder-el-3  el_after_av_two_fifth  avia-builder-el-last  \" style='padding:15px 0px 0px 0px ; border-radius:0px; '><section class=\"av_textblock_section \"  itemscope=\"itemscope\" itemtype=\"https:\/\/schema.org\/CreativeWork\" ><div class='avia_textblock  '   itemprop=\"text\" ><div class=\"attribute-short short_description\">\n<div class=\"flex_column av_one_full flex_column_div av-zero-column-padding first avia-builder-el-97 el_before_av_one_full avia-builder-el-first \">\n<section class=\"av_textblock_section \">\n<div class=\"avia_textblock \">\n<h3>Free online webinars about IoT and IIoT.<\/h3>\n<\/div>\n<\/section>\n<\/div>\n<\/div>\n<div class=\"attribute-long description\"><\/div>\n<\/div><\/section><\/div>\n\n<\/div><\/div><\/main><!-- close content main element --><\/div><\/div><div id='av_section_2'  class='avia-section main_color avia-section-default avia-no-border-styling avia-bg-style-scroll  avia-builder-el-5  el_after_av_section  avia-builder-el-last   container_wrap fullsize' style=' '  ><div class='container' ><div class='template-page content  av-content-full alpha units'><div class='post-entry post-entry-type-page post-entry-23284'><div class='entry-content-wrapper clearfix'>\n<div  style='padding-bottom:10px; color:#004ea1;' class='av-special-heading av-special-heading-h3 custom-color-heading   avia-builder-el-6  el_before_av_one_third  avia-builder-el-first  '><h3 class='av-special-heading-tag '  itemprop=\"headline\"  >Webinars on video<\/h3><div class='special-heading-border'><div class='special-heading-inner-border' style='border-color:#004ea1'><\/div><\/div><\/div>\n<div class=\"flex_column av_one_third  flex_column_div avia-link-column av-column-link first  avia-builder-el-7  el_after_av_heading  el_before_av_one_third  \" style='border-width:1px; border-color:#cccccc; border-style:solid; padding:10px; border-radius:0px; ' data-link-column-url=\"https:\/\/www.matrix.es\/en\/webinars-en\/webinar-new-mtx-router-eos\" ><a class=\"av-screen-reader-only\" href=https:\/\/www.matrix.es\/en\/webinars-en\/webinar-new-mtx-router-eos >Link to: Webinar: New MTX-Router-EOS<\/a><section class=\"av_textblock_section \"  itemscope=\"itemscope\" itemtype=\"https:\/\/schema.org\/CreativeWork\" ><div class='avia_textblock  '   itemprop=\"text\" ><h3>New MTX-Router-EOS<\/h3>\n<p>It has a very compact design with a very resistant housing and accessories to wall mounting. It has dual SIM, 3x Ethernet, VPN client and 3 antennas included (another for optional GPS). The MTX-EOS can be used in many different IOT applications such as kiosk, telemetry, remote sensing, smart grid, security, industrial automation, etc. <strong>On video\u00bb<\/strong><\/p>\n<\/div><\/section><\/div><div class=\"flex_column av_one_third  flex_column_div avia-link-column av-column-link   avia-builder-el-9  el_after_av_one_third  el_before_av_one_third  \" style='border-width:1px; border-color:#cccccc; border-style:solid; padding:10px; border-radius:0px; ' data-link-column-url=\"https:\/\/www.matrix.es\/en\/webinars-en\/webinar-mtx-router-titan-ii\" ><a class=\"av-screen-reader-only\" href=https:\/\/www.matrix.es\/en\/webinars-en\/webinar-mtx-router-titan-ii >Link to: Webinar: MTX-Router-Titan II<\/a><section class=\"av_textblock_section \"  itemscope=\"itemscope\" itemtype=\"https:\/\/schema.org\/CreativeWork\" ><div class='avia_textblock  '   itemprop=\"text\" ><h3><strong>MTX-Router-titan II<\/strong><\/h3>\n<p>Webinar dedicated to one of the most advanced iot routers on the market, with live demo. We will see the features of the MTX-Router-Titan-II, a demo scenario (Modbus probe &#8211; MQTT), view of the device in Cervello IoT Platform, data processing in Cervello (Attributes + telemetry) and MQTT messages and their visualization. <strong>On video\u00bb<\/strong><\/p>\n<\/div><\/section><\/div><div class=\"flex_column av_one_third  flex_column_div avia-link-column av-column-link   avia-builder-el-11  el_after_av_one_third  el_before_av_one_third  \" style='border-width:1px; border-color:#cccccc; border-style:solid; padding:10px; border-radius:0px; ' data-link-column-url=\"https:\/\/www.matrix.es\/en\/webinars-en\/webinar-new-cervello-iot-platform-and-integration-with-modems-and-mtx-routers\" ><a class=\"av-screen-reader-only\" href=https:\/\/www.matrix.es\/en\/webinars-en\/webinar-new-cervello-iot-platform-and-integration-with-modems-and-mtx-routers >Link to: Webinar: New Cervello IoT Platform and integration with Modems and MTX Routers<\/a><section class=\"av_textblock_section \"  itemscope=\"itemscope\" itemtype=\"https:\/\/schema.org\/CreativeWork\" ><div class='avia_textblock  '   itemprop=\"text\" ><h3><strong>New Cervello IoT Platform and integration with Modems and MTX Routers<\/strong><\/h3>\n<p>In this webinar we will premiere one of the great Matrix news for the first half of the year. This is the launch of a new version of Cervello IoT Platform, which among many other news incorporates one of the most demanded features, a total and automatic integration between MTX Modems and Routers and Cervello IoT Platform. You can see a live demo. <strong>On video\u00bb<\/strong><\/p>\n<\/div><\/section><\/div><div class=\"flex_column av_one_third  flex_column_div avia-link-column av-column-link first  avia-builder-el-13  el_after_av_one_third  el_before_av_one_third  column-top-margin\" style='border-width:1px; border-color:#cccccc; border-style:solid; padding:10px; border-radius:0px; ' data-link-column-url=\"https:\/\/www.matrix.es\/en\/webinars-en\/webinar-mtx-iot-modem-and-mtx-tunnel-software\" ><a class=\"av-screen-reader-only\" href=https:\/\/www.matrix.es\/en\/webinars-en\/webinar-mtx-iot-modem-and-mtx-tunnel-software >Link to: Webinar: MTX IoT Modem and MTX Tunnel Software<\/a><section class=\"av_textblock_section \"  itemscope=\"itemscope\" itemtype=\"https:\/\/schema.org\/CreativeWork\" ><div class='avia_textblock  '   itemprop=\"text\" ><h3>MTX IoT Modem and MTX Tunnel Software<\/h3>\n<p>In this webinar we will focus on the MTX-IoT modem, which incorporates the MTX-Tunnel firmware that allows to cover practically any need that an IoT solution may ask a modem. We will take the opportunity to incorporate a live demo of device configuration with a temperature probe. <strong>On video\u00bb<\/strong><\/p>\n<\/div><\/section><\/div><div class=\"flex_column av_one_third  flex_column_div avia-link-column av-column-link   avia-builder-el-15  el_after_av_one_third  avia-builder-el-last  column-top-margin\" style='border-width:1px; border-color:#cccccc; border-style:solid; padding:10px; border-radius:0px; ' data-link-column-url=\"https:\/\/www.matrix.es\/en\/webinars-en\/webinar-mtx-starroad-router-para-automocion-con-itxpt\" ><a class=\"av-screen-reader-only\" href=https:\/\/www.matrix.es\/en\/webinars-en\/webinar-mtx-starroad-router-para-automocion-con-itxpt >Link to: Webinar: MTX-StarRoad, Automotive Router with ITxPT<\/a><section class=\"av_textblock_section \"  itemscope=\"itemscope\" itemtype=\"https:\/\/schema.org\/CreativeWork\" ><div class='avia_textblock  '   itemprop=\"text\" ><h3>MTX-StarRoad, Automotive Router with ITxPT<\/h3>\n<p>In this webinar we will discover the first MTX device for transportation and automotive solutions that is ITxPT certified. It is an industrial router with an automotive housing and anti-vibration connectors with important and interesting features for the transport sector. <strong>On video\u00bb<\/strong><\/p>\n<\/div><\/section><\/div>\n","protected":false},"excerpt":{"rendered":"","protected":false},"author":1,"featured_media":0,"parent":0,"menu_order":0,"comment_status":"closed","ping_status":"closed","template":"","meta":{"footnotes":""},"class_list":["post-23284","page","type-page","status-publish","hentry"],"yoast_head":"<!-- This site is optimized with the Yoast SEO plugin v25.5 - https:\/\/yoast.com\/wordpress\/plugins\/seo\/ -->\n<title>Webinars - MATRIX electr\u00f3nica<\/title>\n<meta name=\"robots\" content=\"index, follow, max-snippet:-1, max-image-preview:large, max-video-preview:-1\" \/>\n<link rel=\"canonical\" href=\"https:\/\/www.matrix.es\/en\/webinars\" \/>\n<meta property=\"og:locale\" content=\"en_US\" \/>\n<meta property=\"og:type\" content=\"article\" \/>\n<meta property=\"og:title\" content=\"Webinars - MATRIX electr\u00f3nica\" \/>\n<meta property=\"og:url\" content=\"https:\/\/www.matrix.es\/en\/webinars\" \/>\n<meta property=\"og:site_name\" content=\"MATRIX electr\u00f3nica\" \/>\n<meta property=\"article:modified_time\" content=\"2020-07-02T08:56:34+00:00\" \/>\n<meta name=\"twitter:card\" content=\"summary_large_image\" \/>\n<meta name=\"twitter:label1\" content=\"Est. reading time\" \/>\n\t<meta name=\"twitter:data1\" content=\"9 minutes\" \/>\n<script type=\"application\/ld+json\" class=\"yoast-schema-graph\">{\"@context\":\"https:\/\/schema.org\",\"@graph\":[{\"@type\":\"WebPage\",\"@id\":\"https:\/\/www.matrix.es\/en\/webinars\",\"url\":\"https:\/\/www.matrix.es\/en\/webinars\",\"name\":\"Webinars - MATRIX electr\u00f3nica\",\"isPartOf\":{\"@id\":\"https:\/\/www.matrix.es\/#website\"},\"datePublished\":\"2020-04-14T08:12:09+00:00\",\"dateModified\":\"2020-07-02T08:56:34+00:00\",\"breadcrumb\":{\"@id\":\"https:\/\/www.matrix.es\/en\/webinars#breadcrumb\"},\"inLanguage\":\"en-US\",\"potentialAction\":[{\"@type\":\"ReadAction\",\"target\":[\"https:\/\/www.matrix.es\/en\/webinars\"]}]},{\"@type\":\"BreadcrumbList\",\"@id\":\"https:\/\/www.matrix.es\/en\/webinars#breadcrumb\",\"itemListElement\":[{\"@type\":\"ListItem\",\"position\":1,\"name\":\"Portada\",\"item\":\"https:\/\/www.matrix.es\/en\"},{\"@type\":\"ListItem\",\"position\":2,\"name\":\"Webinars\"}]},{\"@type\":\"WebSite\",\"@id\":\"https:\/\/www.matrix.es\/#website\",\"url\":\"https:\/\/www.matrix.es\/\",\"name\":\"MATRIX electr\u00f3nica\",\"description\":\"Componentes, m\u00f3dulos y dispositivos electr\u00f3nicos para dise\u00f1adores e integradores de sistemas\",\"publisher\":{\"@id\":\"https:\/\/www.matrix.es\/#organization\"},\"potentialAction\":[{\"@type\":\"SearchAction\",\"target\":{\"@type\":\"EntryPoint\",\"urlTemplate\":\"https:\/\/www.matrix.es\/?s={search_term_string}\"},\"query-input\":{\"@type\":\"PropertyValueSpecification\",\"valueRequired\":true,\"valueName\":\"search_term_string\"}}],\"inLanguage\":\"en-US\"},{\"@type\":\"Organization\",\"@id\":\"https:\/\/www.matrix.es\/#organization\",\"name\":\"MATRIX Electronica, S.L.\",\"url\":\"https:\/\/www.matrix.es\/\",\"logo\":{\"@type\":\"ImageObject\",\"inLanguage\":\"en-US\",\"@id\":\"https:\/\/www.matrix.es\/#\/schema\/logo\/image\/\",\"url\":\"https:\/\/www.matrix.es\/wp-content\/uploads\/2022\/01\/Logo.png\",\"contentUrl\":\"https:\/\/www.matrix.es\/wp-content\/uploads\/2022\/01\/Logo.png\",\"width\":286,\"height\":120,\"caption\":\"MATRIX Electronica, S.L.\"},\"image\":{\"@id\":\"https:\/\/www.matrix.es\/#\/schema\/logo\/image\/\"}}]}<\/script>\n<!-- \/ Yoast SEO plugin. -->","yoast_head_json":{"title":"Webinars - MATRIX electr\u00f3nica","robots":{"index":"index","follow":"follow","max-snippet":"max-snippet:-1","max-image-preview":"max-image-preview:large","max-video-preview":"max-video-preview:-1"},"canonical":"https:\/\/www.matrix.es\/en\/webinars","og_locale":"en_US","og_type":"article","og_title":"Webinars - MATRIX electr\u00f3nica","og_url":"https:\/\/www.matrix.es\/en\/webinars","og_site_name":"MATRIX electr\u00f3nica","article_modified_time":"2020-07-02T08:56:34+00:00","twitter_card":"summary_large_image","twitter_misc":{"Est. reading time":"9 minutes"},"schema":{"@context":"https:\/\/schema.org","@graph":[{"@type":"WebPage","@id":"https:\/\/www.matrix.es\/en\/webinars","url":"https:\/\/www.matrix.es\/en\/webinars","name":"Webinars - MATRIX electr\u00f3nica","isPartOf":{"@id":"https:\/\/www.matrix.es\/#website"},"datePublished":"2020-04-14T08:12:09+00:00","dateModified":"2020-07-02T08:56:34+00:00","breadcrumb":{"@id":"https:\/\/www.matrix.es\/en\/webinars#breadcrumb"},"inLanguage":"en-US","potentialAction":[{"@type":"ReadAction","target":["https:\/\/www.matrix.es\/en\/webinars"]}]},{"@type":"BreadcrumbList","@id":"https:\/\/www.matrix.es\/en\/webinars#breadcrumb","itemListElement":[{"@type":"ListItem","position":1,"name":"Portada","item":"https:\/\/www.matrix.es\/en"},{"@type":"ListItem","position":2,"name":"Webinars"}]},{"@type":"WebSite","@id":"https:\/\/www.matrix.es\/#website","url":"https:\/\/www.matrix.es\/","name":"MATRIX electr\u00f3nica","description":"Componentes, m\u00f3dulos y dispositivos electr\u00f3nicos para dise\u00f1adores e integradores de sistemas","publisher":{"@id":"https:\/\/www.matrix.es\/#organization"},"potentialAction":[{"@type":"SearchAction","target":{"@type":"EntryPoint","urlTemplate":"https:\/\/www.matrix.es\/?s={search_term_string}"},"query-input":{"@type":"PropertyValueSpecification","valueRequired":true,"valueName":"search_term_string"}}],"inLanguage":"en-US"},{"@type":"Organization","@id":"https:\/\/www.matrix.es\/#organization","name":"MATRIX Electronica, S.L.","url":"https:\/\/www.matrix.es\/","logo":{"@type":"ImageObject","inLanguage":"en-US","@id":"https:\/\/www.matrix.es\/#\/schema\/logo\/image\/","url":"https:\/\/www.matrix.es\/wp-content\/uploads\/2022\/01\/Logo.png","contentUrl":"https:\/\/www.matrix.es\/wp-content\/uploads\/2022\/01\/Logo.png","width":286,"height":120,"caption":"MATRIX Electronica, S.L."},"image":{"@id":"https:\/\/www.matrix.es\/#\/schema\/logo\/image\/"}}]}},"_links":{"self":[{"href":"https:\/\/www.matrix.es\/en\/wp-json\/wp\/v2\/pages\/23284","targetHints":{"allow":["GET"]}}],"collection":[{"href":"https:\/\/www.matrix.es\/en\/wp-json\/wp\/v2\/pages"}],"about":[{"href":"https:\/\/www.matrix.es\/en\/wp-json\/wp\/v2\/types\/page"}],"author":[{"embeddable":true,"href":"https:\/\/www.matrix.es\/en\/wp-json\/wp\/v2\/users\/1"}],"replies":[{"embeddable":true,"href":"https:\/\/www.matrix.es\/en\/wp-json\/wp\/v2\/comments?post=23284"}],"version-history":[{"count":0,"href":"https:\/\/www.matrix.es\/en\/wp-json\/wp\/v2\/pages\/23284\/revisions"}],"wp:attachment":[{"href":"https:\/\/www.matrix.es\/en\/wp-json\/wp\/v2\/media?parent=23284"}],"curies":[{"name":"wp","href":"https:\/\/api.w.org\/{rel}","templated":true}]}}