{"id":22414,"date":"2019-11-21T14:44:04","date_gmt":"2019-11-21T14:44:04","guid":{"rendered":"http:\/\/www.matrix.es\/sensores"},"modified":"2023-07-12T12:18:18","modified_gmt":"2023-07-12T10:18:18","slug":"sensors","status":"publish","type":"page","link":"https:\/\/www.matrix.es\/en\/sensors","title":{"rendered":"Sensors"},"content":{"rendered":"<div id='av_section_1'  class='avia-section main_color avia-section-small avia-no-border-styling avia-bg-style-scroll  avia-builder-el-0  el_before_av_image  avia-builder-el-first   container_wrap fullsize' style='background-color: #dddddd;  margin-top:0px; margin-bottom:-20px; '  ><div class='container' ><main  role=\"main\" itemprop=\"mainContentOfPage\"  class='template-page content  av-content-full alpha units'><div class='post-entry post-entry-type-page post-entry-22414'><div class='entry-content-wrapper clearfix'>\n<div class=\"flex_column av_one_full  flex_column_div av-zero-column-padding first  avia-builder-el-1  avia-builder-el-no-sibling  \" style='border-radius:0px; '><section class=\"av_textblock_section \"  itemscope=\"itemscope\" itemtype=\"https:\/\/schema.org\/CreativeWork\" ><div class='avia_textblock  '   itemprop=\"text\" ><h1><a href=\"https:\/\/www.matrix.es\/en\/wired-sensors\">Wired Sensors<\/a><\/h1>\n<\/div><\/section><br \/>\n<section class=\"av_textblock_section \"  itemscope=\"itemscope\" itemtype=\"https:\/\/schema.org\/CreativeWork\" ><div class='avia_textblock  '   itemprop=\"text\" ><p>They have the same functionality as wireless sensors, but differ from them in the way they transmit information, now being wired through signals such as 4-20 mAh, 0-10 V or protocols such as Modbus, which travel by conducting cables that serve as a way to receive or send the message.<\/p>\n<\/div><\/section><br \/>\n<div  class='avia-button-wrap avia-button-left  avia-builder-el-4  el_after_av_textblock  avia-builder-el-last ' ><a href='https:\/\/www.matrix.es\/en\/wired-sensors'  class='avia-button   avia-icon_select-yes-left-icon avia-color-theme-color-subtle avia-size-large avia-position-left '   ><span class='avia_button_icon avia_button_icon_left ' aria-hidden='true' data-av_icon='\ue8a7' data-av_iconfont='entypo-fontello'><\/span><span class='avia_iconbox_title' >Wired Sensors<\/span><\/a><\/div><\/p><\/div>\n<\/div><\/div><\/main><!-- close content main element --><\/div><\/div><div id='after_section_1'  class='main_color av_default_container_wrap container_wrap fullsize' style=' '  ><div class='container' ><div class='template-page content  av-content-full alpha units'><div class='post-entry post-entry-type-page post-entry-22414'><div class='entry-content-wrapper clearfix'>\n<div  class='avia-image-container  av-styling-    avia-builder-el-5  el_after_av_section  el_before_av_section  avia-builder-el-no-sibling  avia-align-center '  itemprop=\"image\" itemscope=\"itemscope\" itemtype=\"https:\/\/schema.org\/ImageObject\"  ><div class='avia-image-container-inner'><div class='avia-image-overlay-wrap'><a href='https:\/\/www.matrix.es\/en\/wired-sensors' class='avia_image'  ><img class='avia_image ' src='https:\/\/www.matrix.es\/wp-content\/uploads\/2023\/07\/wired-sensor.jpg' alt='' title='wired-sensor'  itemprop=\"thumbnailUrl\"  \/><\/a><\/div><\/div><\/div>\n<\/div><\/div><\/div><!-- close content main div --><\/div><\/div><div id='av_section_2'  class='avia-section main_color avia-section-small avia-no-border-styling avia-bg-style-scroll  avia-builder-el-6  el_after_av_image  el_before_av_image   container_wrap fullsize' style='background-color: #dddddd;  margin-top:0px; margin-bottom:-20px; '  ><div class='container' ><div class='template-page content  av-content-full alpha units'><div class='post-entry post-entry-type-page post-entry-22414'><div class='entry-content-wrapper clearfix'>\n<div class=\"flex_column av_one_full  flex_column_div av-zero-column-padding first  avia-builder-el-7  avia-builder-el-no-sibling  \" style='border-radius:0px; '><section class=\"av_textblock_section \"  itemscope=\"itemscope\" itemtype=\"https:\/\/schema.org\/CreativeWork\" ><div class='avia_textblock  '   itemprop=\"text\" ><h1><a href=\"https:\/\/www.matrix.es\/en\/wireless-sensors\">Wireless Sensors<\/a><\/h1>\n<\/div><\/section><br \/>\n<section class=\"av_textblock_section \"  itemscope=\"itemscope\" itemtype=\"https:\/\/schema.org\/CreativeWork\" ><div class='avia_textblock  '   itemprop=\"text\" ><p>Under certain circumstances, it is not possible to wire the sensors to the monitoring equipment.\u00a0In these cases,\u00a0\u00a0<a href=\"https:\/\/www.matrix.es\/en\/wireless-sensors\"><strong>Wireless Sensors\u00a0<\/strong><\/a>\u00a0are used where the measured variables are conditioned and transmitted using electromagnetic waves.\u00a0There are many types of wireless technologies to condition these signals, and depending on the technology used, the range, power consumption, amount of information, and frequency of signal transmissions will vary.<\/p>\n<p>Wireless measurement sensors for different applications. Choose the wireless sensor that best suits your needs.<\/p>\n<\/div><\/section><br \/>\n<div  class='avia-button-wrap avia-button-left  avia-builder-el-10  el_after_av_textblock  avia-builder-el-last ' ><a href='https:\/\/www.matrix.es\/en\/wireless-sensors'  class='avia-button   avia-icon_select-yes-left-icon avia-color-theme-color-subtle avia-size-large avia-position-left '   ><span class='avia_button_icon avia_button_icon_left ' aria-hidden='true' data-av_icon='\ue8a7' data-av_iconfont='entypo-fontello'><\/span><span class='avia_iconbox_title' >Wireless Sensors<\/span><\/a><\/div><\/p><\/div>\n<\/div><\/div><\/div><!-- close content main div --><\/div><\/div><div id='after_section_2'  class='main_color av_default_container_wrap container_wrap fullsize' style=' '  ><div class='container' ><div class='template-page content  av-content-full alpha units'><div class='post-entry post-entry-type-page post-entry-22414'><div class='entry-content-wrapper clearfix'>\n<div  class='avia-image-container  av-styling-    avia-builder-el-11  el_after_av_section  el_before_av_postcontent  avia-builder-el-no-sibling  avia-align-center '  itemprop=\"image\" itemscope=\"itemscope\" itemtype=\"https:\/\/schema.org\/ImageObject\"  ><div class='avia-image-container-inner'><div class='avia-image-overlay-wrap'><a href='https:\/\/www.matrix.es\/en\/wireless-sensors' class='avia_image'  ><img class='avia_image ' src='https:\/\/www.matrix.es\/wp-content\/uploads\/2023\/07\/wireless-sensors-1.jpg' alt='' title='wireless sensors'  itemprop=\"thumbnailUrl\"  \/><\/a><\/div><\/div><\/div>\n[av_section min_height='' min_height_pc='25' min_height_px='500px' padding='no-padding' shadow='no-border-styling' bottom_border='no-border-styling' bottom_border_diagonal_color='#333333' bottom_border_diagonal_direction='' bottom_border_style='' custom_margin='-50px,0px' custom_arrow_bg='' color='main_color' background='bg_color' custom_bg='' background_gradient_color1='' background_gradient_color2='' background_gradient_direction='vertical' src='' attachment='' attachment_size='' attach='scroll' position='top left' repeat='no-repeat' video='' video_ratio='16:9' overlay_opacity='0.5' overlay_color='' overlay_pattern='' overlay_custom_pattern='' id='' custom_class='' aria_label='' av_element_hidden_in_editor='0' av_uid='av-1jj7uc3']\r\n\r\n[av_one_full first min_height='' vertical_alignment='' space='' custom_margin='' margin='0px' row_boxshadow='' row_boxshadow_color='' row_boxshadow_width='10' link='' linktarget='' link_hover='' title_attr='' alt_attr='' padding='0px' highlight='' highlight_size='' border='' border_color='' radius='0px' column_boxshadow='' column_boxshadow_color='' column_boxshadow_width='10' background='bg_color' background_color='' background_gradient_color1='' background_gradient_color2='' background_gradient_direction='vertical' src='' background_position='top left' background_repeat='no-repeat' animation='' mobile_breaking='' mobile_display='' av_uid='av-10w66er']\r\n\r\n[av_hr class='custom' height='50' shadow='no-shadow' position='center' custom_border='av-border-thin' custom_width='100%' custom_border_color='' custom_margin_top='0px' custom_margin_bottom='30px' icon_select='no' custom_icon_color='' icon='ue808' font='entypo-fontello' av_uid='av-k1j6yjfs' id='' custom_class='' admin_preview_bg='']\r\n\r\n[av_textblock size='' font_color='' color='' av-medium-font-size='' av-small-font-size='' av-mini-font-size='' av_uid='av-k1j36lko' id='' custom_class='' admin_preview_bg='']\r\n<h1 style=\"text-align: center;\">Let's Talk<\/h1>\r\n<h5 style=\"text-align: center;\">We want to be your reliable partner in IoT solutions and industrial electronics.<\/h5>\r\n[\/av_textblock]\r\n\r\n[av_hr class='invisible' height='50' shadow='no-shadow' position='center' custom_border='av-border-thin' custom_width='100%' custom_border_color='' custom_margin_top='0px' custom_margin_bottom='30px' icon_select='no' custom_icon_color='' icon='ue808' font='entypo-fontello' av_uid='av-k1j6yjfs' id='' custom_class='' admin_preview_bg='']\r\n\r\n[\/av_one_full][av_one_half first min_height='' vertical_alignment='av-align-top' space='no_margin' margin='0px' margin_sync='true' row_boxshadow_color='' row_boxshadow_width='10' link='' linktarget='' link_hover='' title_attr='' alt_attr='' padding='0px' padding_sync='true' highlight_size='1.1' border='' border_color='' radius='0px' radius_sync='true' column_boxshadow_color='' column_boxshadow_width='10' background='bg_color' background_color='' background_gradient_color1='' background_gradient_color2='' background_gradient_direction='vertical' src='' attachment='' attachment_size='' background_position='top left' background_repeat='no-repeat' animation='' mobile_breaking='' mobile_display='' av_uid='av-r2c9lf' id='' custom_class='']\r\n\r\n[av_textblock size='' font_color='' color='' av-medium-font-size='' av-small-font-size='' av-mini-font-size='' av_uid='av-k1j36lko' id='' custom_class='' admin_preview_bg='']\r\n<h3 style=\"text-align: left;\">Why Matrix Electr\u00f3nica?<\/h3>\r\n[\/av_textblock]\r\n\r\n[av_hr class='invisible' height='20' shadow='no-shadow' position='center' custom_border='av-border-thin' custom_width='100%' custom_border_color='' custom_margin_top='0px' custom_margin_bottom='30px' icon_select='no' custom_icon_color='' icon='ue808' font='entypo-fontello' av_uid='av-k1j6yjfs' id='' custom_class='' admin_preview_bg='']\r\n\r\n[\/av_one_half][av_one_half min_height='' vertical_alignment='av-align-top' space='no_margin' margin='0px' margin_sync='true' row_boxshadow_color='' row_boxshadow_width='10' link='' linktarget='' link_hover='' title_attr='' alt_attr='' padding='0px' padding_sync='true' highlight_size='1.1' border='' border_color='' radius='0px' radius_sync='true' column_boxshadow_color='' column_boxshadow_width='10' background='bg_color' background_color='' background_gradient_color1='' background_gradient_color2='' background_gradient_direction='vertical' src='' attachment='' attachment_size='' background_position='top left' background_repeat='no-repeat' animation='' mobile_breaking='' mobile_display='' av_uid='av-r2c9lf' id='' custom_class='']\r\n\r\n[\/av_one_half][av_one_fourth first min_height='' vertical_alignment='av-align-top' space='' margin='0px' margin_sync='true' row_boxshadow_color='' row_boxshadow_width='10' link='' linktarget='' link_hover='' title_attr='' alt_attr='' padding='0px' padding_sync='true' highlight_size='1.1' border='' border_color='' radius='0px' radius_sync='true' column_boxshadow_color='' column_boxshadow_width='10' background='bg_color' background_color='' background_gradient_color1='' background_gradient_color2='' background_gradient_direction='vertical' src='' attachment='' attachment_size='' background_position='top left' background_repeat='no-repeat' animation='' mobile_breaking='' mobile_display='' av_uid='av-r2c9lf' id='' custom_class='']\r\n\r\n[av_textblock size='' font_color='' color='' av-medium-font-size='' av-small-font-size='' av-mini-font-size='' av_uid='av-k1j36lko' id='' custom_class='' admin_preview_bg='']\r\n<h5 style=\"text-align: left;\"><img loading=\"lazy\" decoding=\"async\" class=\"alignnone wp-image-41093\" style=\"margin-bottom: -5px;\" src=\"https:\/\/www.matrix.es\/wp-content\/uploads\/2025\/02\/Historia.png\" alt=\"\" width=\"30\" height=\"30\" srcset=\"https:\/\/www.matrix.es\/wp-content\/uploads\/2025\/02\/Historia.png 80w, https:\/\/www.matrix.es\/wp-content\/uploads\/2025\/02\/Historia-36x36.png 36w\" sizes=\"auto, (max-width: 30px) 100vw, 30px\" \/> More than 30 years of history<\/h5>\r\nWe distribute equipment, modules and components since 1991.\r\n<h5><img loading=\"lazy\" decoding=\"async\" class=\"alignnone wp-image-41095\" style=\"margin-bottom: -5px;\" src=\"https:\/\/www.matrix.es\/wp-content\/uploads\/2025\/02\/suministro.png\" alt=\"\" width=\"30\" height=\"30\" srcset=\"https:\/\/www.matrix.es\/wp-content\/uploads\/2025\/02\/suministro.png 80w, https:\/\/www.matrix.es\/wp-content\/uploads\/2025\/02\/suministro-36x36.png 36w\" sizes=\"auto, (max-width: 30px) 100vw, 30px\" \/> National and international distribution<\/h5>\r\nWe have commercial offices in Spain, Portugal and France.\r\n<h5><img loading=\"lazy\" decoding=\"async\" class=\"alignnone wp-image-41097\" style=\"margin-bottom: -5px;\" src=\"https:\/\/www.matrix.es\/wp-content\/uploads\/2025\/02\/soporte.png\" alt=\"\" width=\"30\" height=\"30\" srcset=\"https:\/\/www.matrix.es\/wp-content\/uploads\/2025\/02\/soporte.png 80w, https:\/\/www.matrix.es\/wp-content\/uploads\/2025\/02\/soporte-36x36.png 36w\" sizes=\"auto, (max-width: 30px) 100vw, 30px\" \/> Specialized comprehensive technical support<\/h5>\r\nInformation and expert assistance at every stage of the project. Pre-sales, after-sales and turnkey.\r\n<h5><img loading=\"lazy\" decoding=\"async\" class=\"alignnone wp-image-41102\" style=\"margin-bottom: -5px;\" src=\"https:\/\/www.matrix.es\/wp-content\/uploads\/2025\/02\/portafolio.png\" alt=\"\" width=\"30\" height=\"30\" srcset=\"https:\/\/www.matrix.es\/wp-content\/uploads\/2025\/02\/portafolio.png 80w, https:\/\/www.matrix.es\/wp-content\/uploads\/2025\/02\/portafolio-36x36.png 36w\" sizes=\"auto, (max-width: 30px) 100vw, 30px\" \/> Supplementary and synergistic portfolio<\/h5>\r\nAll the market of electronic components and IoT devices.\r\n[\/av_textblock]\r\n\r\n[\/av_one_fourth][av_one_fourth min_height='' vertical_alignment='av-align-top' space='' margin='0px' margin_sync='true' row_boxshadow_color='' row_boxshadow_width='10' link='' linktarget='' link_hover='' title_attr='' alt_attr='' padding='0px' padding_sync='true' highlight_size='1.1' border='' border_color='' radius='0px' radius_sync='true' column_boxshadow_color='' column_boxshadow_width='10' background='bg_color' background_color='' background_gradient_color1='' background_gradient_color2='' background_gradient_direction='vertical' src='' attachment='' attachment_size='' background_position='top left' background_repeat='no-repeat' animation='' mobile_breaking='' mobile_display='' av_uid='av-r2c9lf' id='' custom_class='']\r\n\r\n[av_textblock size='' font_color='' color='' av-medium-font-size='' av-small-font-size='' av-mini-font-size='' av_uid='av-k1j36lko' id='' custom_class='' admin_preview_bg='']\r\n<h5><img loading=\"lazy\" decoding=\"async\" class=\"alignnone wp-image-41111\" style=\"margin-bottom: -5px;\" src=\"https:\/\/www.matrix.es\/wp-content\/uploads\/2025\/02\/desarrollo-1.png\" alt=\"\" width=\"30\" height=\"30\" srcset=\"https:\/\/www.matrix.es\/wp-content\/uploads\/2025\/02\/desarrollo-1.png 80w, https:\/\/www.matrix.es\/wp-content\/uploads\/2025\/02\/desarrollo-1-36x36.png 36w\" sizes=\"auto, (max-width: 30px) 100vw, 30px\" \/>Customized project development<\/h5>\r\nProject definition, design and prototyping. Programming, integration, production and testing.\r\n<h5><img loading=\"lazy\" decoding=\"async\" class=\"alignnone wp-image-41099\" style=\"margin-bottom: -5px;\" src=\"https:\/\/www.matrix.es\/wp-content\/uploads\/2025\/02\/marcas.png\" alt=\"\" width=\"30\" height=\"30\" srcset=\"https:\/\/www.matrix.es\/wp-content\/uploads\/2025\/02\/marcas.png 80w, https:\/\/www.matrix.es\/wp-content\/uploads\/2025\/02\/marcas-36x36.png 36w\" sizes=\"auto, (max-width: 30px) 100vw, 30px\" \/>The most prominent brands<\/h5>\r\nWe select the best products, brands and collaborators..\r\n<h5><img loading=\"lazy\" decoding=\"async\" class=\"alignnone wp-image-41104\" style=\"margin-bottom: -5px;\" src=\"https:\/\/www.matrix.es\/wp-content\/uploads\/2025\/02\/socio.png\" alt=\"\" width=\"30\" height=\"30\" srcset=\"https:\/\/www.matrix.es\/wp-content\/uploads\/2025\/02\/socio.png 80w, https:\/\/www.matrix.es\/wp-content\/uploads\/2025\/02\/socio-36x36.png 36w\" sizes=\"auto, (max-width: 30px) 100vw, 30px\" \/>One partner, all your needs<\/h5>\r\nWe analyze your project and locate all the necessary products.\r\n[\/av_textblock]\r\n\r\n[\/av_one_fourth][av_one_half min_height='' vertical_alignment='av-align-top' space='' margin='0px' margin_sync='true' row_boxshadow_color='' row_boxshadow_width='10' link='' linktarget='' link_hover='' title_attr='' alt_attr='' padding='0px' padding_sync='true' highlight_size='1.1' border='' border_color='' radius='0px' radius_sync='true' column_boxshadow_color='' column_boxshadow_width='10' background='bg_color' background_color='' background_gradient_color1='' background_gradient_color2='' background_gradient_direction='vertical' src='' attachment='' attachment_size='' background_position='top left' background_repeat='no-repeat' animation='' mobile_breaking='' mobile_display='' av_uid='av-r2c9lf' id='' custom_class='']\r\n\r\n[av_textblock size='' font_color='' color='' av-medium-font-size='' av-small-font-size='' av-mini-font-size='' av_uid='av-k1j36lko' id='' custom_class='' admin_preview_bg='']\r\n<h5 style=\"text-align: center;\">Contact Form<\/h5>\r\n[\/av_textblock]\r\n\r\n[av_hr class='invisible' height='20' shadow='no-shadow' position='center' custom_border='av-border-thin' custom_width='100%' custom_border_color='' custom_margin_top='0px' custom_margin_bottom='30px' icon_select='no' custom_icon_color='' icon='ue808' font='entypo-fontello' av_uid='av-k1j6yjfs' id='' custom_class='' admin_preview_bg='']\r\n\r\n[av_codeblock wrapper_element='' wrapper_element_attributes='' codeblock_type='' av_uid='av-kytyy51z' alb_description='' id='' custom_class='']\r\n[contact-form-7 id=\"20942\" title=\"Formulario General EN\"]\r\n[\/av_codeblock]\r\n\r\n[\/av_one_half][\/av_section]\n","protected":false},"excerpt":{"rendered":"","protected":false},"author":1,"featured_media":0,"parent":0,"menu_order":0,"comment_status":"closed","ping_status":"closed","template":"","meta":{"footnotes":""},"class_list":["post-22414","page","type-page","status-publish","hentry"],"yoast_head":"<!-- This site is optimized with the Yoast SEO plugin v25.5 - https:\/\/yoast.com\/wordpress\/plugins\/seo\/ -->\n<title>IoT Sensors - Smart Sensors - MATRIX electr\u00f3nica<\/title>\n<meta name=\"description\" content=\"IoT Sensors. Temperature and Humidity Sensors, CO, CO2 and Air Quality Sensors, Pressure Sensors, Level Sensors, Flow, Brightness Sensors.\" \/>\n<meta name=\"robots\" content=\"index, follow, max-snippet:-1, max-image-preview:large, max-video-preview:-1\" \/>\n<link rel=\"canonical\" href=\"https:\/\/www.matrix.es\/en\/sensors\" \/>\n<meta property=\"og:locale\" content=\"en_US\" \/>\n<meta property=\"og:type\" content=\"article\" \/>\n<meta property=\"og:title\" content=\"IoT Sensors - Smart Sensors - MATRIX electr\u00f3nica\" \/>\n<meta property=\"og:description\" content=\"IoT Sensors. Temperature and Humidity Sensors, CO, CO2 and Air Quality Sensors, Pressure Sensors, Level Sensors, Flow, Brightness Sensors.\" \/>\n<meta property=\"og:url\" content=\"https:\/\/www.matrix.es\/en\/sensors\" \/>\n<meta property=\"og:site_name\" content=\"MATRIX electr\u00f3nica\" \/>\n<meta property=\"article:modified_time\" content=\"2023-07-12T10:18:18+00:00\" \/>\n<meta name=\"twitter:card\" content=\"summary_large_image\" \/>\n<meta name=\"twitter:label1\" content=\"Est. reading time\" \/>\n\t<meta name=\"twitter:data1\" content=\"5 minutes\" \/>\n<script type=\"application\/ld+json\" class=\"yoast-schema-graph\">{\"@context\":\"https:\/\/schema.org\",\"@graph\":[{\"@type\":\"WebPage\",\"@id\":\"https:\/\/www.matrix.es\/en\/sensors\",\"url\":\"https:\/\/www.matrix.es\/en\/sensors\",\"name\":\"IoT Sensors - Smart Sensors - MATRIX electr\u00f3nica\",\"isPartOf\":{\"@id\":\"https:\/\/www.matrix.es\/#website\"},\"datePublished\":\"2019-11-21T14:44:04+00:00\",\"dateModified\":\"2023-07-12T10:18:18+00:00\",\"description\":\"IoT Sensors. Temperature and Humidity Sensors, CO, CO2 and Air Quality Sensors, Pressure Sensors, Level Sensors, Flow, Brightness Sensors.\",\"breadcrumb\":{\"@id\":\"https:\/\/www.matrix.es\/en\/sensors#breadcrumb\"},\"inLanguage\":\"en-US\",\"potentialAction\":[{\"@type\":\"ReadAction\",\"target\":[\"https:\/\/www.matrix.es\/en\/sensors\"]}]},{\"@type\":\"BreadcrumbList\",\"@id\":\"https:\/\/www.matrix.es\/en\/sensors#breadcrumb\",\"itemListElement\":[{\"@type\":\"ListItem\",\"position\":1,\"name\":\"Portada\",\"item\":\"https:\/\/www.matrix.es\/en\"},{\"@type\":\"ListItem\",\"position\":2,\"name\":\"Sensors\"}]},{\"@type\":\"WebSite\",\"@id\":\"https:\/\/www.matrix.es\/#website\",\"url\":\"https:\/\/www.matrix.es\/\",\"name\":\"MATRIX electr\u00f3nica\",\"description\":\"Componentes, m\u00f3dulos y dispositivos electr\u00f3nicos para dise\u00f1adores e integradores de sistemas\",\"publisher\":{\"@id\":\"https:\/\/www.matrix.es\/#organization\"},\"potentialAction\":[{\"@type\":\"SearchAction\",\"target\":{\"@type\":\"EntryPoint\",\"urlTemplate\":\"https:\/\/www.matrix.es\/?s={search_term_string}\"},\"query-input\":{\"@type\":\"PropertyValueSpecification\",\"valueRequired\":true,\"valueName\":\"search_term_string\"}}],\"inLanguage\":\"en-US\"},{\"@type\":\"Organization\",\"@id\":\"https:\/\/www.matrix.es\/#organization\",\"name\":\"MATRIX Electronica, S.L.\",\"url\":\"https:\/\/www.matrix.es\/\",\"logo\":{\"@type\":\"ImageObject\",\"inLanguage\":\"en-US\",\"@id\":\"https:\/\/www.matrix.es\/#\/schema\/logo\/image\/\",\"url\":\"https:\/\/www.matrix.es\/wp-content\/uploads\/2022\/01\/Logo.png\",\"contentUrl\":\"https:\/\/www.matrix.es\/wp-content\/uploads\/2022\/01\/Logo.png\",\"width\":286,\"height\":120,\"caption\":\"MATRIX Electronica, S.L.\"},\"image\":{\"@id\":\"https:\/\/www.matrix.es\/#\/schema\/logo\/image\/\"}}]}<\/script>\n<!-- \/ Yoast SEO plugin. -->","yoast_head_json":{"title":"IoT Sensors - Smart Sensors - MATRIX electr\u00f3nica","description":"IoT Sensors. Temperature and Humidity Sensors, CO, CO2 and Air Quality Sensors, Pressure Sensors, Level Sensors, Flow, Brightness Sensors.","robots":{"index":"index","follow":"follow","max-snippet":"max-snippet:-1","max-image-preview":"max-image-preview:large","max-video-preview":"max-video-preview:-1"},"canonical":"https:\/\/www.matrix.es\/en\/sensors","og_locale":"en_US","og_type":"article","og_title":"IoT Sensors - Smart Sensors - MATRIX electr\u00f3nica","og_description":"IoT Sensors. Temperature and Humidity Sensors, CO, CO2 and Air Quality Sensors, Pressure Sensors, Level Sensors, Flow, Brightness Sensors.","og_url":"https:\/\/www.matrix.es\/en\/sensors","og_site_name":"MATRIX electr\u00f3nica","article_modified_time":"2023-07-12T10:18:18+00:00","twitter_card":"summary_large_image","twitter_misc":{"Est. reading time":"5 minutes"},"schema":{"@context":"https:\/\/schema.org","@graph":[{"@type":"WebPage","@id":"https:\/\/www.matrix.es\/en\/sensors","url":"https:\/\/www.matrix.es\/en\/sensors","name":"IoT Sensors - Smart Sensors - MATRIX electr\u00f3nica","isPartOf":{"@id":"https:\/\/www.matrix.es\/#website"},"datePublished":"2019-11-21T14:44:04+00:00","dateModified":"2023-07-12T10:18:18+00:00","description":"IoT Sensors. Temperature and Humidity Sensors, CO, CO2 and Air Quality Sensors, Pressure Sensors, Level Sensors, Flow, Brightness Sensors.","breadcrumb":{"@id":"https:\/\/www.matrix.es\/en\/sensors#breadcrumb"},"inLanguage":"en-US","potentialAction":[{"@type":"ReadAction","target":["https:\/\/www.matrix.es\/en\/sensors"]}]},{"@type":"BreadcrumbList","@id":"https:\/\/www.matrix.es\/en\/sensors#breadcrumb","itemListElement":[{"@type":"ListItem","position":1,"name":"Portada","item":"https:\/\/www.matrix.es\/en"},{"@type":"ListItem","position":2,"name":"Sensors"}]},{"@type":"WebSite","@id":"https:\/\/www.matrix.es\/#website","url":"https:\/\/www.matrix.es\/","name":"MATRIX electr\u00f3nica","description":"Componentes, m\u00f3dulos y dispositivos electr\u00f3nicos para dise\u00f1adores e integradores de sistemas","publisher":{"@id":"https:\/\/www.matrix.es\/#organization"},"potentialAction":[{"@type":"SearchAction","target":{"@type":"EntryPoint","urlTemplate":"https:\/\/www.matrix.es\/?s={search_term_string}"},"query-input":{"@type":"PropertyValueSpecification","valueRequired":true,"valueName":"search_term_string"}}],"inLanguage":"en-US"},{"@type":"Organization","@id":"https:\/\/www.matrix.es\/#organization","name":"MATRIX Electronica, S.L.","url":"https:\/\/www.matrix.es\/","logo":{"@type":"ImageObject","inLanguage":"en-US","@id":"https:\/\/www.matrix.es\/#\/schema\/logo\/image\/","url":"https:\/\/www.matrix.es\/wp-content\/uploads\/2022\/01\/Logo.png","contentUrl":"https:\/\/www.matrix.es\/wp-content\/uploads\/2022\/01\/Logo.png","width":286,"height":120,"caption":"MATRIX Electronica, S.L."},"image":{"@id":"https:\/\/www.matrix.es\/#\/schema\/logo\/image\/"}}]}},"_links":{"self":[{"href":"https:\/\/www.matrix.es\/en\/wp-json\/wp\/v2\/pages\/22414","targetHints":{"allow":["GET"]}}],"collection":[{"href":"https:\/\/www.matrix.es\/en\/wp-json\/wp\/v2\/pages"}],"about":[{"href":"https:\/\/www.matrix.es\/en\/wp-json\/wp\/v2\/types\/page"}],"author":[{"embeddable":true,"href":"https:\/\/www.matrix.es\/en\/wp-json\/wp\/v2\/users\/1"}],"replies":[{"embeddable":true,"href":"https:\/\/www.matrix.es\/en\/wp-json\/wp\/v2\/comments?post=22414"}],"version-history":[{"count":0,"href":"https:\/\/www.matrix.es\/en\/wp-json\/wp\/v2\/pages\/22414\/revisions"}],"wp:attachment":[{"href":"https:\/\/www.matrix.es\/en\/wp-json\/wp\/v2\/media?parent=22414"}],"curies":[{"name":"wp","href":"https:\/\/api.w.org\/{rel}","templated":true}]}}