{"id":21687,"date":"2014-10-14T15:33:05","date_gmt":"2014-10-14T13:33:05","guid":{"rendered":"http:\/\/www.matrix.es\/normativas"},"modified":"2026-01-22T12:30:33","modified_gmt":"2026-01-22T11:30:33","slug":"regulations","status":"publish","type":"page","link":"https:\/\/www.matrix.es\/en\/about-matrix\/regulations","title":{"rendered":"Regulations"},"content":{"rendered":"<section class=\"av_textblock_section \"  itemscope=\"itemscope\" itemtype=\"https:\/\/schema.org\/CreativeWork\" ><div class='avia_textblock  '   itemprop=\"text\" ><h3>ISO 9001<\/h3>\n<\/div><\/section>\n<section class=\"av_textblock_section \"  itemscope=\"itemscope\" itemtype=\"https:\/\/schema.org\/CreativeWork\" ><div class='avia_textblock  '   itemprop=\"text\" ><p><strong>Matrix Electr\u00f3nica<\/strong> has been certified with ISO 9001, International Quality Standard. The ISO 9001 standard specifies the requirements for a quality management system that can be used for internal application by organizations, for certification or for contractual purposes. It focuses on the effectiveness of the quality management system in meeting customer requirements. <strong><a href=\"https:\/\/www.matrix.es\/wp-content\/uploads\/2026\/01\/10002-Matrix-Electronica-9001-2015-2024-07-Ingles-.pdf\" target=\"_blank\" rel=\"noopener\">You can view\/download this document here &gt;&gt;<\/a><\/strong><\/p>\n<p><span id=\"result_box\" class=\"\" lang=\"es\"><strong><a href=\"https:\/\/www.matrix.es\/wp-content\/uploads\/2026\/01\/10002-Matrix-Electronica-9001-2015-2024-07-Ingles-.pdf\" target=\"_blank\" rel=\"noopener noreferrer\"><img loading=\"lazy\" decoding=\"async\" class=\"aligncenter wp-image-15410\" src=\"http:\/\/www.matrix.es\/wp-content\/uploads\/2014\/10\/ISO9001.jpg\" alt=\"\" width=\"183\" height=\"206\" srcset=\"https:\/\/www.matrix.es\/wp-content\/uploads\/2014\/10\/ISO9001.jpg 427w, https:\/\/www.matrix.es\/wp-content\/uploads\/2014\/10\/ISO9001-200x225.jpg 200w, https:\/\/www.matrix.es\/wp-content\/uploads\/2014\/10\/ISO9001-400x451.jpg 400w, https:\/\/www.matrix.es\/wp-content\/uploads\/2014\/10\/ISO9001-266x300.jpg 266w\" sizes=\"auto, (max-width: 183px) 100vw, 183px\" \/><\/a><\/strong><br \/>\n<\/span><\/p>\n<\/div><\/section>\n<section class=\"av_textblock_section \"  itemscope=\"itemscope\" itemtype=\"https:\/\/schema.org\/CreativeWork\" ><div class='avia_textblock  '   itemprop=\"text\" ><h3>INNOVATIVE PYME<\/h3>\n<\/div><\/section>\n<div  style='height:40px' class='hr hr-invisible   avia-builder-el-3  el_after_av_textblock  el_before_av_textblock '><span class='hr-inner ' ><span class='hr-inner-style'><\/span><\/span><\/div>\n<section class=\"av_textblock_section \"  itemscope=\"itemscope\" itemtype=\"https:\/\/schema.org\/CreativeWork\" ><div class='avia_textblock  '   itemprop=\"text\" ><div style=\"width: 238px; text-align: center;\" title=\"Sello PYME INNOVADORA 17\/09\/2027\">\n<div><img loading=\"lazy\" decoding=\"async\" class=\"wp-image-43738 size-full aligncenter\" src=\"https:\/\/www.matrix.es\/wp-content\/uploads\/2025\/10\/sello.jpg\" alt=\"\" width=\"142\" height=\"153\" \/><\/div>\n<div><\/div>\n<div style=\"width: 238px; text-align: center;\" title=\"Sello PYME INNOVADORA 17\/09\/2027\">\n<div style=\"color: #000000; text-decoration: none; margin-top: 10px; margin-bottom: 10px;\">\n<div style=\"font-weight: bold; font-size: 16px;\">PYME INNOVADORA<\/div>\n<div style=\"font-size: 10px;\">V\u00e1lido hasta el 17\/09\/2027<\/div>\n<\/div>\n<div><img loading=\"lazy\" decoding=\"async\" class=\"wp-image-43740 size-full aligncenter\" title=\"Escudo_PYME INNOVADORA V\u00e1lido hasta el 17\/09\/2027\" src=\"https:\/\/www.matrix.es\/wp-content\/uploads\/2025\/10\/escudo.jpg\" alt=\"\" width=\"238\" height=\"63\" srcset=\"https:\/\/www.matrix.es\/wp-content\/uploads\/2025\/10\/escudo.jpg 238w, https:\/\/www.matrix.es\/wp-content\/uploads\/2025\/10\/escudo-200x53.jpg 200w\" sizes=\"auto, (max-width: 238px) 100vw, 238px\" \/><\/div>\n<\/div>\n<\/div><\/section>\n<div  style='height:40px' class='hr hr-invisible   avia-builder-el-5  el_after_av_textblock  el_before_av_textblock '><span class='hr-inner ' ><span class='hr-inner-style'><\/span><\/span><\/div>\n<section class=\"av_textblock_section \"  itemscope=\"itemscope\" itemtype=\"https:\/\/schema.org\/CreativeWork\" ><div class='avia_textblock  '   itemprop=\"text\" ><h3>QUALITY POLICY<\/h3>\n<\/div><\/section>\n<section class=\"av_textblock_section \"  itemscope=\"itemscope\" itemtype=\"https:\/\/schema.org\/CreativeWork\" ><div class='avia_textblock  '   itemprop=\"text\" ><p>Our main objective is to provide our customers with quality products and services aimed at improving their competitiveness, as the main guarantee of our own future. Our commitment is to meet customer requirements and continually improve the effectiveness of the quality management system, keeping it as one of the most relevant elements of our company.<\/p>\n<p>To materialize these commitments we establish some Principles of Action that you can <strong><a href=\"https:\/\/www.matrix.es\/wp-content\/uploads\/2025\/05\/2025-Politica-de-Calidad-Matrix-ED4-ENG.pdf\">read and download here<\/a>.<\/strong><\/p>\n<\/div><\/section>\n<div  style='height:40px' class='hr hr-invisible   avia-builder-el-8  el_after_av_textblock  el_before_av_textblock '><span class='hr-inner ' ><span class='hr-inner-style'><\/span><\/span><\/div>\n<section class=\"av_textblock_section \"  itemscope=\"itemscope\" itemtype=\"https:\/\/schema.org\/CreativeWork\" ><div class='avia_textblock  '   itemprop=\"text\" ><h3>INTERNAL QUALITY REGULATIONS<\/h3>\n<p>MTX devices are manufactured according to ISO 9001, ISO 14001 and ISO TS\/16949.<\/p>\n<\/div><\/section>\n<section class=\"av_textblock_section \"  itemscope=\"itemscope\" itemtype=\"https:\/\/schema.org\/CreativeWork\" ><div class='avia_textblock  '   itemprop=\"text\" ><h3>CE Mark<\/h3>\n<p><img loading=\"lazy\" decoding=\"async\" class=\"alignleft wp-image-388 size-full\" title=\"Certificado de Conformidad Europeo\" src=\"https:\/\/www.matrix.es\/wp-content\/uploads\/2023\/10\/Certificado-de-conformidad-Europeo.jpg\" alt=\"Certificado de Conformidad Europeo\" width=\"163\" height=\"97\" \/><\/p>\n<p>European Certificate of Conformity. Specifically, the entire MTXM2M family of terminals are encompassed as radio equipment and telecommunication terminal equipment, and must comply with the following standards:<\/p>\n<p>Directive 1999\/5\/EC that aims to ensure that RTTEs meet the essential safety and electromagnetic compatibility requirements. Within this directive our MTXM2M products are CE marked according to the standards:<\/p>\n<ol>\n<li>3GPP TS 51.010-1<\/li>\n<li>EN 301511<\/li>\n<li>EN301489-1 and EN301489<\/li>\n<li>EN 60950-1<\/li>\n<\/ol>\n<\/div><\/section>\n<div  style='height:30px' class='hr hr-invisible   avia-builder-el-11  el_after_av_textblock  el_before_av_textblock '><span class='hr-inner ' ><span class='hr-inner-style'><\/span><\/span><\/div>\n<section class=\"av_textblock_section \"  itemscope=\"itemscope\" itemtype=\"https:\/\/schema.org\/CreativeWork\" ><div class='avia_textblock  '   itemprop=\"text\" ><h3>PTCRB<\/h3>\n<p>PTCRB is a global organization created by mobile phone operators whose purpose is to offer an independent evaluation process to device manufacturers for GSM\/UMTS certification. It authorizes third-party laboratories, primary laboratories, to apply their GSM testing regime.<\/p>\n<p><img loading=\"lazy\" decoding=\"async\" class=\"alignleft wp-image-409 size-full\" title=\"PTCRB\" src=\"https:\/\/www.matrix.es\/wp-content\/uploads\/2023\/10\/PTCRB.png\" alt=\"PTCRB\" width=\"250\" height=\"71\" \/>Most MTX products have been tested and measured by external laboratories (7Layers) for compliance with this standard, necessary above all for its commercialization in the American market. Among the tests and regulations that MTX have undergone and approved are:<\/p>\n<ul>\n<li>Compliance with the telephone network NAPRD.03 for GSM 850 and GSM 1900 and UTRA FDD 2,4,5. LTE FDD 2, 4, 5, 7, 12, 13, 14, 17, 24 and 25<\/li>\n<li>Spurious radiation measurement. SIM electrical compatibility measurement<\/li>\n<\/ul>\n<\/div><\/section>\n<section class=\"av_textblock_section \"  itemscope=\"itemscope\" itemtype=\"https:\/\/schema.org\/CreativeWork\" ><div class='avia_textblock  '   itemprop=\"text\" ><h3>FCC<\/h3>\n<p><a href=\"https:\/\/www.fcc.gov\/\" target=\"_blank\" rel=\"noopener noreferrer\"><img loading=\"lazy\" decoding=\"async\" class=\"alignleft wp-image-414 \" title=\"Federal Communications Commission\" src=\"https:\/\/www.matrix.es\/wp-content\/uploads\/2023\/10\/Federal-Communications-Commission.png\" alt=\"Federal Communications Commission\" width=\"92\" height=\"93\" \/><\/a>The <strong>Federal Communications Commission<\/strong> (FCC) is an independent state agency of the United States, under the direct responsibility of Congress, created in 1934 with the Communications Law and is responsible for telecommunications regulation. It is also responsible for the elaboration of Electromagnetic Compatibility regulations, such as the power listed as ERP part 22 and as EIRP part 24.<\/p>\n<p>All <strong>MTX<\/strong> terminals comply with FCC regulations, listing the communication modules that comply with said standard.<\/p>\n<\/div><\/section>\n<div  style='height:30px' class='hr hr-invisible   avia-builder-el-14  el_after_av_textblock  el_before_av_textblock '><span class='hr-inner ' ><span class='hr-inner-style'><\/span><\/span><\/div>\n<section class=\"av_textblock_section \"  itemscope=\"itemscope\" itemtype=\"https:\/\/schema.org\/CreativeWork\" ><div class='avia_textblock  '   itemprop=\"text\" ><h3>OTHER REGIONAL RULES AND OPERATORS<\/h3>\n<p>The above standards should be sufficient for any <strong>MTX<\/strong> equipment to be marketed and used in most of the world, however, many countries and also telephone operators require their own approval.<\/p>\n<ul>\n<li><strong>CANADA<\/strong><\/li>\n<\/ul>\n<p>Industry Certification Number in Canada. In the same way that MTX modems have the FCC certificate, they also comply with Canadian industry certificates. Ask us about your model.<\/p>\n<ul>\n<li><strong>PERU<\/strong><\/li>\n<\/ul>\n<p>Approved by the Peruvian Ministry of Transportation and Communications.<\/p>\n<\/div><\/section>\n<div  style='height:30px' class='hr hr-invisible   avia-builder-el-16  el_after_av_textblock  el_before_av_textblock '><span class='hr-inner ' ><span class='hr-inner-style'><\/span><\/span><\/div>\n<section class=\"av_textblock_section \"  itemscope=\"itemscope\" itemtype=\"https:\/\/schema.org\/CreativeWork\" ><div class='avia_textblock  '   itemprop=\"text\" ><h3>OPERATORS<\/h3>\n<ul>\n<li><strong>AT&amp;T<\/strong><\/li>\n<\/ul>\n<p>The family of MTX-3G-JAVA programmable modems have been tested for performance compliance in the AT&amp;T 3G network (UMTS-HSPA).<\/p>\n<p><a href=\"http:\/\/www.att.com\/\" target=\"_blank\" rel=\"noopener noreferrer\"><img loading=\"lazy\" decoding=\"async\" class=\"aligncenter wp-image-421 size-full\" title=\"ATT \" src=\"https:\/\/www.matrix.es\/wp-content\/uploads\/2023\/10\/att-logo.jpg\" alt=\"ATT logo\" width=\"236\" height=\"114\" \/><\/a><\/p>\n<ul>\n<li><strong>TELEF\u00d3NICA MOVISTAR<\/strong><\/li>\n<\/ul>\n<p>The JAVA programmable models of the MTX family have been tested and approved by Telef\u00f3nica-Movistar Spain in their internal operations and regulations to be used in mobile networks. Several MTX models are marketed directly by the Telef\u00f3nica Movistar commercial network, developed in its Aplicateca portal.<\/p>\n<p><a href=\"http:\/\/www.movistar.es\/\" target=\"_blank\" rel=\"noopener noreferrer\"><img loading=\"lazy\" decoding=\"async\" class=\"aligncenter wp-image-418 size-full\" title=\"movistar\" src=\"https:\/\/www.matrix.es\/wp-content\/uploads\/2023\/10\/Movistar-azul-horizontal-940x353-1.jpg\" alt=\"movistar\" width=\"290\" height=\"71\" \/><\/a><\/p>\n<\/div><\/section>\n<div  style='height:30px' class='hr hr-invisible   avia-builder-el-18  el_after_av_textblock  el_before_av_textblock '><span class='hr-inner ' ><span class='hr-inner-style'><\/span><\/span><\/div>\n<section class=\"av_textblock_section \"  itemscope=\"itemscope\" itemtype=\"https:\/\/schema.org\/CreativeWork\" ><div class='avia_textblock  '   itemprop=\"text\" ><h3>ROHS COMPLIANT<\/h3>\n<p><strong><a href=\"http:\/\/www.rohsguide.com\/\" target=\"_blank\" rel=\"noopener noreferrer\"><img loading=\"lazy\" decoding=\"async\" class=\"wp-image-389 alignleft\" title=\"RoHS compliant\" src=\"https:\/\/www.matrix.es\/wp-content\/uploads\/2023\/10\/RoHS-compliant.jpg\" alt=\"RoHS compliant\" width=\"127\" height=\"127\" \/><\/a>RoHS <\/strong>(Restriction of Hazardous Substances) refers to the directive 2002\/95\/CE of restriction of certain hazardous substances in electrical and electronic devices, and it was adopted in February 2003 by the European Union. All MTX products are manufactured with a commitment to care for the environment with lead-free components and materials and with absolute RoHs compatibility.<strong><br \/>\n<\/strong><\/p>\n<\/div><\/section>\n<div  style='height:30px' class='hr hr-invisible   avia-builder-el-20  el_after_av_textblock  el_before_av_textblock '><span class='hr-inner ' ><span class='hr-inner-style'><\/span><\/span><\/div>\n<section class=\"av_textblock_section \"  itemscope=\"itemscope\" itemtype=\"https:\/\/schema.org\/CreativeWork\" ><div class='avia_textblock  '   itemprop=\"text\" ><h3>WEEE WASTE ELECTRICAL AND ELECTRONIC EQUIPMENT DIRECTIVE<\/h3>\n<p style=\"text-align: left;\">The directive 2002\/96\/EC of the European Parliament and of the Council of January 27, 2003, on Waste Electrical and Electronic Equipment (WEEE) aims to promote the recycling, reuse and recovery of waste of this equipment to reduce its pollution.<\/p>\n<p><a href=\"http:\/\/ec.europa.eu\/environment\/waste\/weee\/legis_en.htm\" target=\"_blank\" rel=\"noopener noreferrer\"><img loading=\"lazy\" decoding=\"async\" class=\"wp-image-402 alignleft\" title=\"Waste Electrical &amp; Electronic Equipment\" src=\"https:\/\/www.matrix.es\/wp-content\/uploads\/2023\/10\/Waste-Electrical-Electronic-Equipment.jpg\" alt=\"Waste Electrical &amp; Electronic Equipment\" width=\"134\" height=\"96\" \/><\/a>MTX is committed to manage the waste due to the manufacture and subsequent commercialization of its products for collection and treatment in specialized plants.<\/p>\n<p style=\"text-align: center;\"><span id=\"result_box\" class=\"\" lang=\"es\"><a href=\"https:\/\/www.matrix.es\/etc\/regulations\/Certificado_REI-RAEE.PDF\" target=\"_blank\" rel=\"noopener\">You can view\/download this document here &gt;&gt;<\/a><\/span><\/p>\n<\/div><\/section>\n<\/div>\n","protected":false},"excerpt":{"rendered":"","protected":false},"author":1,"featured_media":0,"parent":21690,"menu_order":0,"comment_status":"open","ping_status":"open","template":"","meta":{"footnotes":""},"class_list":["post-21687","page","type-page","status-publish","hentry"],"yoast_head":"<!-- This site is optimized with the Yoast SEO plugin v25.5 - https:\/\/yoast.com\/wordpress\/plugins\/seo\/ -->\n<title>Regulations - MATRIX electr\u00f3nica<\/title>\n<meta name=\"robots\" content=\"index, follow, max-snippet:-1, max-image-preview:large, max-video-preview:-1\" \/>\n<link rel=\"canonical\" href=\"https:\/\/www.matrix.es\/en\/about-matrix\/regulations\" \/>\n<meta property=\"og:locale\" content=\"en_US\" \/>\n<meta property=\"og:type\" content=\"article\" \/>\n<meta property=\"og:title\" content=\"Regulations - MATRIX electr\u00f3nica\" \/>\n<meta property=\"og:url\" content=\"https:\/\/www.matrix.es\/en\/about-matrix\/regulations\" \/>\n<meta property=\"og:site_name\" content=\"MATRIX electr\u00f3nica\" \/>\n<meta property=\"article:modified_time\" content=\"2026-01-22T11:30:33+00:00\" \/>\n<meta property=\"og:image\" content=\"https:\/\/www.matrix.es\/wp-content\/uploads\/2014\/10\/ISO9001.jpg\" \/>\n\t<meta property=\"og:image:width\" content=\"427\" \/>\n\t<meta property=\"og:image:height\" content=\"481\" \/>\n\t<meta property=\"og:image:type\" content=\"image\/jpeg\" \/>\n<meta name=\"twitter:card\" content=\"summary_large_image\" \/>\n<meta name=\"twitter:label1\" content=\"Est. reading time\" \/>\n\t<meta name=\"twitter:data1\" content=\"7 minutes\" \/>\n<script type=\"application\/ld+json\" class=\"yoast-schema-graph\">{\"@context\":\"https:\/\/schema.org\",\"@graph\":[{\"@type\":\"WebPage\",\"@id\":\"https:\/\/www.matrix.es\/en\/about-matrix\/regulations\",\"url\":\"https:\/\/www.matrix.es\/en\/about-matrix\/regulations\",\"name\":\"Regulations - MATRIX electr\u00f3nica\",\"isPartOf\":{\"@id\":\"https:\/\/www.matrix.es\/#website\"},\"primaryImageOfPage\":{\"@id\":\"https:\/\/www.matrix.es\/en\/about-matrix\/regulations#primaryimage\"},\"image\":{\"@id\":\"https:\/\/www.matrix.es\/en\/about-matrix\/regulations#primaryimage\"},\"thumbnailUrl\":\"http:\/\/www.matrix.es\/wp-content\/uploads\/2014\/10\/ISO9001.jpg\",\"datePublished\":\"2014-10-14T13:33:05+00:00\",\"dateModified\":\"2026-01-22T11:30:33+00:00\",\"breadcrumb\":{\"@id\":\"https:\/\/www.matrix.es\/en\/about-matrix\/regulations#breadcrumb\"},\"inLanguage\":\"en-US\",\"potentialAction\":[{\"@type\":\"ReadAction\",\"target\":[\"https:\/\/www.matrix.es\/en\/about-matrix\/regulations\"]}]},{\"@type\":\"ImageObject\",\"inLanguage\":\"en-US\",\"@id\":\"https:\/\/www.matrix.es\/en\/about-matrix\/regulations#primaryimage\",\"url\":\"http:\/\/www.matrix.es\/wp-content\/uploads\/2014\/10\/ISO9001.jpg\",\"contentUrl\":\"http:\/\/www.matrix.es\/wp-content\/uploads\/2014\/10\/ISO9001.jpg\"},{\"@type\":\"BreadcrumbList\",\"@id\":\"https:\/\/www.matrix.es\/en\/about-matrix\/regulations#breadcrumb\",\"itemListElement\":[{\"@type\":\"ListItem\",\"position\":1,\"name\":\"Portada\",\"item\":\"https:\/\/www.matrix.es\/en\"},{\"@type\":\"ListItem\",\"position\":2,\"name\":\"About Matrix Electr\u00f3nica\",\"item\":\"https:\/\/www.matrix.es\/en\/about-matrix\"},{\"@type\":\"ListItem\",\"position\":3,\"name\":\"Regulations\"}]},{\"@type\":\"WebSite\",\"@id\":\"https:\/\/www.matrix.es\/#website\",\"url\":\"https:\/\/www.matrix.es\/\",\"name\":\"MATRIX electr\u00f3nica\",\"description\":\"Componentes, m\u00f3dulos y dispositivos electr\u00f3nicos para dise\u00f1adores e integradores de sistemas\",\"publisher\":{\"@id\":\"https:\/\/www.matrix.es\/#organization\"},\"potentialAction\":[{\"@type\":\"SearchAction\",\"target\":{\"@type\":\"EntryPoint\",\"urlTemplate\":\"https:\/\/www.matrix.es\/?s={search_term_string}\"},\"query-input\":{\"@type\":\"PropertyValueSpecification\",\"valueRequired\":true,\"valueName\":\"search_term_string\"}}],\"inLanguage\":\"en-US\"},{\"@type\":\"Organization\",\"@id\":\"https:\/\/www.matrix.es\/#organization\",\"name\":\"MATRIX Electronica, S.L.\",\"url\":\"https:\/\/www.matrix.es\/\",\"logo\":{\"@type\":\"ImageObject\",\"inLanguage\":\"en-US\",\"@id\":\"https:\/\/www.matrix.es\/#\/schema\/logo\/image\/\",\"url\":\"https:\/\/www.matrix.es\/wp-content\/uploads\/2022\/01\/Logo.png\",\"contentUrl\":\"https:\/\/www.matrix.es\/wp-content\/uploads\/2022\/01\/Logo.png\",\"width\":286,\"height\":120,\"caption\":\"MATRIX Electronica, S.L.\"},\"image\":{\"@id\":\"https:\/\/www.matrix.es\/#\/schema\/logo\/image\/\"}}]}<\/script>\n<!-- \/ Yoast SEO plugin. -->","yoast_head_json":{"title":"Regulations - MATRIX electr\u00f3nica","robots":{"index":"index","follow":"follow","max-snippet":"max-snippet:-1","max-image-preview":"max-image-preview:large","max-video-preview":"max-video-preview:-1"},"canonical":"https:\/\/www.matrix.es\/en\/about-matrix\/regulations","og_locale":"en_US","og_type":"article","og_title":"Regulations - MATRIX electr\u00f3nica","og_url":"https:\/\/www.matrix.es\/en\/about-matrix\/regulations","og_site_name":"MATRIX electr\u00f3nica","article_modified_time":"2026-01-22T11:30:33+00:00","og_image":[{"width":427,"height":481,"url":"https:\/\/www.matrix.es\/wp-content\/uploads\/2014\/10\/ISO9001.jpg","type":"image\/jpeg"}],"twitter_card":"summary_large_image","twitter_misc":{"Est. reading time":"7 minutes"},"schema":{"@context":"https:\/\/schema.org","@graph":[{"@type":"WebPage","@id":"https:\/\/www.matrix.es\/en\/about-matrix\/regulations","url":"https:\/\/www.matrix.es\/en\/about-matrix\/regulations","name":"Regulations - MATRIX electr\u00f3nica","isPartOf":{"@id":"https:\/\/www.matrix.es\/#website"},"primaryImageOfPage":{"@id":"https:\/\/www.matrix.es\/en\/about-matrix\/regulations#primaryimage"},"image":{"@id":"https:\/\/www.matrix.es\/en\/about-matrix\/regulations#primaryimage"},"thumbnailUrl":"http:\/\/www.matrix.es\/wp-content\/uploads\/2014\/10\/ISO9001.jpg","datePublished":"2014-10-14T13:33:05+00:00","dateModified":"2026-01-22T11:30:33+00:00","breadcrumb":{"@id":"https:\/\/www.matrix.es\/en\/about-matrix\/regulations#breadcrumb"},"inLanguage":"en-US","potentialAction":[{"@type":"ReadAction","target":["https:\/\/www.matrix.es\/en\/about-matrix\/regulations"]}]},{"@type":"ImageObject","inLanguage":"en-US","@id":"https:\/\/www.matrix.es\/en\/about-matrix\/regulations#primaryimage","url":"http:\/\/www.matrix.es\/wp-content\/uploads\/2014\/10\/ISO9001.jpg","contentUrl":"http:\/\/www.matrix.es\/wp-content\/uploads\/2014\/10\/ISO9001.jpg"},{"@type":"BreadcrumbList","@id":"https:\/\/www.matrix.es\/en\/about-matrix\/regulations#breadcrumb","itemListElement":[{"@type":"ListItem","position":1,"name":"Portada","item":"https:\/\/www.matrix.es\/en"},{"@type":"ListItem","position":2,"name":"About Matrix Electr\u00f3nica","item":"https:\/\/www.matrix.es\/en\/about-matrix"},{"@type":"ListItem","position":3,"name":"Regulations"}]},{"@type":"WebSite","@id":"https:\/\/www.matrix.es\/#website","url":"https:\/\/www.matrix.es\/","name":"MATRIX electr\u00f3nica","description":"Componentes, m\u00f3dulos y dispositivos electr\u00f3nicos para dise\u00f1adores e integradores de sistemas","publisher":{"@id":"https:\/\/www.matrix.es\/#organization"},"potentialAction":[{"@type":"SearchAction","target":{"@type":"EntryPoint","urlTemplate":"https:\/\/www.matrix.es\/?s={search_term_string}"},"query-input":{"@type":"PropertyValueSpecification","valueRequired":true,"valueName":"search_term_string"}}],"inLanguage":"en-US"},{"@type":"Organization","@id":"https:\/\/www.matrix.es\/#organization","name":"MATRIX Electronica, S.L.","url":"https:\/\/www.matrix.es\/","logo":{"@type":"ImageObject","inLanguage":"en-US","@id":"https:\/\/www.matrix.es\/#\/schema\/logo\/image\/","url":"https:\/\/www.matrix.es\/wp-content\/uploads\/2022\/01\/Logo.png","contentUrl":"https:\/\/www.matrix.es\/wp-content\/uploads\/2022\/01\/Logo.png","width":286,"height":120,"caption":"MATRIX Electronica, S.L."},"image":{"@id":"https:\/\/www.matrix.es\/#\/schema\/logo\/image\/"}}]}},"_links":{"self":[{"href":"https:\/\/www.matrix.es\/en\/wp-json\/wp\/v2\/pages\/21687","targetHints":{"allow":["GET"]}}],"collection":[{"href":"https:\/\/www.matrix.es\/en\/wp-json\/wp\/v2\/pages"}],"about":[{"href":"https:\/\/www.matrix.es\/en\/wp-json\/wp\/v2\/types\/page"}],"author":[{"embeddable":true,"href":"https:\/\/www.matrix.es\/en\/wp-json\/wp\/v2\/users\/1"}],"replies":[{"embeddable":true,"href":"https:\/\/www.matrix.es\/en\/wp-json\/wp\/v2\/comments?post=21687"}],"version-history":[{"count":0,"href":"https:\/\/www.matrix.es\/en\/wp-json\/wp\/v2\/pages\/21687\/revisions"}],"up":[{"embeddable":true,"href":"https:\/\/www.matrix.es\/en\/wp-json\/wp\/v2\/pages\/21690"}],"wp:attachment":[{"href":"https:\/\/www.matrix.es\/en\/wp-json\/wp\/v2\/media?parent=21687"}],"curies":[{"name":"wp","href":"https:\/\/api.w.org\/{rel}","templated":true}]}}