{"id":21681,"date":"2015-07-14T16:01:36","date_gmt":"2015-07-14T16:01:36","guid":{"rendered":"http:\/\/www.matrix.es\/condiciones-de-venta"},"modified":"2021-06-22T11:47:42","modified_gmt":"2021-06-22T11:47:42","slug":"terms-of-sale","status":"publish","type":"page","link":"https:\/\/www.matrix.es\/en\/about-matrix\/terms-of-sale","title":{"rendered":"Terms of Sale"},"content":{"rendered":"<div id='av_section_1'  class='avia-section main_color avia-section-default avia-no-shadow avia-full-stretch avia-bg-style-scroll  avia-builder-el-0  el_before_av_section  avia-builder-el-first   container_wrap fullsize' style='background-repeat: no-repeat; background-image: url(https:\/\/www.matrix.es\/wp-content\/uploads\/2019\/10\/Fondo-Productos-Izquierda-1.jpg);background-attachment: scroll; background-position: center center;  margin-top:0px; margin-bottom:-20px; '  data-section-bg-repeat='stretch'><div class='container' ><main  role=\"main\" itemprop=\"mainContentOfPage\"  class='template-page content  av-content-full alpha units'><div class='post-entry post-entry-type-page post-entry-21681'><div class='entry-content-wrapper clearfix'>\n<div class=\"flex_column av_two_third  flex_column_div av-zero-column-padding first  avia-builder-el-1  avia-builder-el-no-sibling  \" style='border-radius:0px; '><section class=\"av_textblock_section \"  itemscope=\"itemscope\" itemtype=\"https:\/\/schema.org\/CreativeWork\" ><div class='avia_textblock  '   itemprop=\"text\" ><h1>Terms of Sale<\/h1>\n<\/div><\/section><br \/>\n<section class=\"av_textblock_section \"  itemscope=\"itemscope\" itemtype=\"https:\/\/schema.org\/CreativeWork\" ><div class='avia_textblock  '   itemprop=\"text\" ><div class=\"attribute-short short_description\">\n<div class=\"flex_column av_one_full flex_column_div av-zero-column-padding first avia-builder-el-97 el_before_av_one_full avia-builder-el-first \">\n<section class=\"av_textblock_section \">\n<div class=\"avia_textblock \">\n<h5>In this section we detail the conditions that will be applied to the purchase of Matrix products and that appear on the back of our invoices, and whether it is a consequence of their purchase via Internet, telephone or by fax. The shipment of products from Matrix Electr\u00f3nica implies prior knowledge and acceptance of these general conditions by the customer.<\/h5>\n<\/div>\n<\/section>\n<\/div>\n<\/div>\n<div class=\"attribute-long description\"><\/div>\n<\/div><\/section><\/p><\/div>\n\n<\/div><\/div><\/main><!-- close content main element --><\/div><\/div><div id='av_section_2'  class='avia-section main_color avia-section-default avia-no-border-styling avia-bg-style-scroll  avia-builder-el-4  el_after_av_section  avia-builder-el-last   container_wrap fullsize' style=' '  ><div class='container' ><div class='template-page content  av-content-full alpha units'><div class='post-entry post-entry-type-page post-entry-21681'><div class='entry-content-wrapper clearfix'>\n<div class=\"flex_column av_one_full  flex_column_div first  avia-builder-el-5  avia-builder-el-no-sibling  \" ><section class=\"av_textblock_section \"  itemscope=\"itemscope\" itemtype=\"https:\/\/schema.org\/CreativeWork\" ><div class='avia_textblock  '  style='font-size:14px; '  itemprop=\"text\" ><div class=\"attribute-image\"><\/div>\n<div class=\"attribute-long\">\n<div class=\"attribute-long\">\n<p>These general conditions will be those that will regulate the relationship between the buyer and the Matrix unless both parties formalize a special agreement separately.<\/p>\n<p><strong>1.- Sales conditions<\/strong><\/p>\n<p>The payment of the purchase and its term will be those agreed individually between Matrix Electr\u00f3nica, S.L. and the customer The purchase will be considered made from the moment of receipt of the merchandise order. The obligation to supply the purchased product will only arise from that moment. The seller reserves the right to modify the means and payment term at any time.<\/p>\n<p>All shipments of the product are due due to what the buyer pays for transportation costs. The price of transport as well as its assurance have already been passed on within the purchase price of the product, and appear as a cost in the relation of invoice concepts. The product will be sent by the usual Matrix operator and system, unless otherwise agreed.<\/p>\n<p>The buyer will be responsible for all expenses that occur as a result of the delay in receiving the merchandise or the rejection of the merchandise without just cause duly accredited. In any case, these costs will include, but are not limited to: storage costs, product assurance, return, transportation, and even where appropriate, lawyers and professionals costs.<\/p>\n<p><strong>2.- Payment Method<\/strong><\/p>\n<p>The payment method of the product will be the one agreed individually between Matrix Electr\u00f3nica, S.L. and the customer The currency used is the euro.<\/p>\n<p><strong>3.- Applicable legislation<\/strong><\/p>\n<p>The sale made under the protection of these will be governed in all its aspects by the legislation of the Kingdom of Spain.<\/p>\n<p><strong>4.- Shipping costs. Taxes<\/strong><\/p>\n<p>The shipping costs of the product are borne by the buyer. These expenses are included in the purchase price and are reflected as such, and duly broken down, in the purchase invoice.<\/p>\n<p>The sale and purchase operation will also be subject to the payment of taxes that may apply in accordance with the applicable regulations. If applicable, the concept of the tax and its amount will be reflected on the invoice.<\/p>\n<p>The buyer will be responsible and obliged to pay the taxes that apply to the purchase and sale operation.<\/p>\n<p><strong>5.- Order cancellation policy<\/strong><\/p>\n<p>Orders placed for the purchase of standard products cannot be canceled once Matrix has confirmed such orders to the customer. The delivery of such products may be delayed up to 1 month before their delivery, provided that the maximum delay does not exceed 2 months.<\/p>\n<p>Orders placed for the purchase of custom-designed products according to customer specifications are not subject to the cancellation policy of MATRIX ELECTR\u00d3NICA S.L.U., so that its sale will be understood to have been made once the order has been made, the client having to bear the expenses and costs that, prior to the order itself, MATRIX ELECTR\u00d3NICA S.L.U. has spent in their design.<\/p>\n<p><strong>6.- Risk of loss<\/strong><\/p>\n<p>The responsibility for the loss or damage of the product during transport corresponds to Matrix provided that the carrier was chosen by it. The ownership of the product corresponds to the buyer from the moment the product is delivered or made available.<\/p>\n<p><strong>7.- Claims for error or damage to the product<\/strong><\/p>\n<p>The buyer may claim Matrix for errors or defects in the merchandise supplied within a period of five days from the moment of delivery of the product, and always by means of a written claim in which the reason for the same is justified.<\/p>\n<p><strong>8.- Warranty Limits<\/strong><\/p>\n<p>Matrix guarantees that the products supplied comply with the technical characteristics of their specifications and are free from manufacturing defects for a period of one year from the date of delivery of the merchandise.<\/p>\n<p>During the warranty period the buyer may send the products purchased for repair or replacement to Matrix. However, for this it will be necessary that previously the buyer has communicated in writing to Matrix the incident and that it has granted in writing the corresponding RMA (Return Material Authorization) of return of material.<\/p>\n<p>Products returned under this warranty must be in the same condition in which they were received and without having been tampered with or modified, and must be returned in the same packaging in which they were sent.<\/p>\n<p>However, Matrix reserves the right to refuse the repair or replacement of the products that are sent under this warranty if they have been manipulated or from which it is deduced that they are not in their original condition.<\/p>\n<p>Products outside the warranty period may be repaired or replaced at the request of the buyer. In this case the current repair rates or the price of the product applicable at that time will apply.<\/p>\n<p><strong>9.- Exclusion of other Guarantees<\/strong><\/p>\n<p>Matrix does not offer any other express or implied warranty on the products sold, except those expressed in these conditions. In particular, it does not guarantee that the product purchased meets the buyer&#8217;s particular expectations. Matrix will not be liable under any circumstances for any damage or damage caused as a result of the use, use, or use of its products.<\/p>\n<p>However, the maximum amount for which Matrix will respond in case of breach of the guarantees provided under these conditions will amount to the invoice amount of the product supplied.<\/p>\n<p>Matrix is \u200b\u200bnot responsible and will not assume any express or implied responsibility for the use of the products in medical devices or support for health services.<\/p>\n<p><strong>10.- Applicable legislation<\/strong><\/p>\n<p>The buyer and Matrix agree that this contract will be regulated in all its aspects under the protection of Spanish legislation.<\/p>\n<p><strong>11.- Software<\/strong><\/p>\n<p>All software supplied is subject to the license agreement attached to the product. The buyer and his customers are bound by the same license agreement.<\/p>\n<p><strong>12.- Jurisdiction and competition<\/strong><\/p>\n<p>The parties expressly waiving the jurisdiction that may correspond to them decide to submit expressly for the resolution of any dispute relating to these general conditions, to the commercial operations carried out under them, or any other controversy that may arise from them to the jurisdiction and jurisdiction of the Courts and Tribunals of Madrid capital, Spain.<\/p>\n<p>For any questions about your invoice or order please contact Matrix on the phone: 91-560 27 37, fax: 91-565 28 65, e-mail: matrix@matrix.es.<\/p>\n<\/div>\n<\/div>\n<\/div><\/section><\/div>\n","protected":false},"excerpt":{"rendered":"","protected":false},"author":1,"featured_media":0,"parent":21690,"menu_order":3,"comment_status":"closed","ping_status":"closed","template":"","meta":{"footnotes":""},"class_list":["post-21681","page","type-page","status-publish","hentry"],"yoast_head":"<!-- This site is optimized with the Yoast SEO plugin v25.5 - https:\/\/yoast.com\/wordpress\/plugins\/seo\/ -->\n<title>Terms of Sale - MATRIX electr\u00f3nica<\/title>\n<meta name=\"robots\" content=\"index, follow, max-snippet:-1, max-image-preview:large, max-video-preview:-1\" \/>\n<link rel=\"canonical\" href=\"https:\/\/www.matrix.es\/en\/about-matrix\/terms-of-sale\" \/>\n<meta property=\"og:locale\" content=\"en_US\" \/>\n<meta property=\"og:type\" content=\"article\" \/>\n<meta property=\"og:title\" content=\"Terms of Sale - MATRIX electr\u00f3nica\" \/>\n<meta property=\"og:url\" content=\"https:\/\/www.matrix.es\/en\/about-matrix\/terms-of-sale\" \/>\n<meta property=\"og:site_name\" content=\"MATRIX electr\u00f3nica\" \/>\n<meta property=\"article:modified_time\" content=\"2021-06-22T11:47:42+00:00\" \/>\n<meta name=\"twitter:card\" content=\"summary_large_image\" \/>\n<meta name=\"twitter:label1\" content=\"Est. reading time\" \/>\n\t<meta name=\"twitter:data1\" content=\"8 minutes\" \/>\n<script type=\"application\/ld+json\" class=\"yoast-schema-graph\">{\"@context\":\"https:\/\/schema.org\",\"@graph\":[{\"@type\":\"WebPage\",\"@id\":\"https:\/\/www.matrix.es\/en\/about-matrix\/terms-of-sale\",\"url\":\"https:\/\/www.matrix.es\/en\/about-matrix\/terms-of-sale\",\"name\":\"Terms of Sale - MATRIX electr\u00f3nica\",\"isPartOf\":{\"@id\":\"https:\/\/www.matrix.es\/#website\"},\"datePublished\":\"2015-07-14T16:01:36+00:00\",\"dateModified\":\"2021-06-22T11:47:42+00:00\",\"breadcrumb\":{\"@id\":\"https:\/\/www.matrix.es\/en\/about-matrix\/terms-of-sale#breadcrumb\"},\"inLanguage\":\"en-US\",\"potentialAction\":[{\"@type\":\"ReadAction\",\"target\":[\"https:\/\/www.matrix.es\/en\/about-matrix\/terms-of-sale\"]}]},{\"@type\":\"BreadcrumbList\",\"@id\":\"https:\/\/www.matrix.es\/en\/about-matrix\/terms-of-sale#breadcrumb\",\"itemListElement\":[{\"@type\":\"ListItem\",\"position\":1,\"name\":\"Portada\",\"item\":\"https:\/\/www.matrix.es\/en\"},{\"@type\":\"ListItem\",\"position\":2,\"name\":\"About Matrix Electr\u00f3nica\",\"item\":\"https:\/\/www.matrix.es\/en\/about-matrix\"},{\"@type\":\"ListItem\",\"position\":3,\"name\":\"Terms of Sale\"}]},{\"@type\":\"WebSite\",\"@id\":\"https:\/\/www.matrix.es\/#website\",\"url\":\"https:\/\/www.matrix.es\/\",\"name\":\"MATRIX electr\u00f3nica\",\"description\":\"Componentes, m\u00f3dulos y dispositivos electr\u00f3nicos para dise\u00f1adores e integradores de sistemas\",\"publisher\":{\"@id\":\"https:\/\/www.matrix.es\/#organization\"},\"potentialAction\":[{\"@type\":\"SearchAction\",\"target\":{\"@type\":\"EntryPoint\",\"urlTemplate\":\"https:\/\/www.matrix.es\/?s={search_term_string}\"},\"query-input\":{\"@type\":\"PropertyValueSpecification\",\"valueRequired\":true,\"valueName\":\"search_term_string\"}}],\"inLanguage\":\"en-US\"},{\"@type\":\"Organization\",\"@id\":\"https:\/\/www.matrix.es\/#organization\",\"name\":\"MATRIX Electronica, S.L.\",\"url\":\"https:\/\/www.matrix.es\/\",\"logo\":{\"@type\":\"ImageObject\",\"inLanguage\":\"en-US\",\"@id\":\"https:\/\/www.matrix.es\/#\/schema\/logo\/image\/\",\"url\":\"https:\/\/www.matrix.es\/wp-content\/uploads\/2022\/01\/Logo.png\",\"contentUrl\":\"https:\/\/www.matrix.es\/wp-content\/uploads\/2022\/01\/Logo.png\",\"width\":286,\"height\":120,\"caption\":\"MATRIX Electronica, S.L.\"},\"image\":{\"@id\":\"https:\/\/www.matrix.es\/#\/schema\/logo\/image\/\"}}]}<\/script>\n<!-- \/ Yoast SEO plugin. -->","yoast_head_json":{"title":"Terms of Sale - MATRIX electr\u00f3nica","robots":{"index":"index","follow":"follow","max-snippet":"max-snippet:-1","max-image-preview":"max-image-preview:large","max-video-preview":"max-video-preview:-1"},"canonical":"https:\/\/www.matrix.es\/en\/about-matrix\/terms-of-sale","og_locale":"en_US","og_type":"article","og_title":"Terms of Sale - MATRIX electr\u00f3nica","og_url":"https:\/\/www.matrix.es\/en\/about-matrix\/terms-of-sale","og_site_name":"MATRIX electr\u00f3nica","article_modified_time":"2021-06-22T11:47:42+00:00","twitter_card":"summary_large_image","twitter_misc":{"Est. reading time":"8 minutes"},"schema":{"@context":"https:\/\/schema.org","@graph":[{"@type":"WebPage","@id":"https:\/\/www.matrix.es\/en\/about-matrix\/terms-of-sale","url":"https:\/\/www.matrix.es\/en\/about-matrix\/terms-of-sale","name":"Terms of Sale - MATRIX electr\u00f3nica","isPartOf":{"@id":"https:\/\/www.matrix.es\/#website"},"datePublished":"2015-07-14T16:01:36+00:00","dateModified":"2021-06-22T11:47:42+00:00","breadcrumb":{"@id":"https:\/\/www.matrix.es\/en\/about-matrix\/terms-of-sale#breadcrumb"},"inLanguage":"en-US","potentialAction":[{"@type":"ReadAction","target":["https:\/\/www.matrix.es\/en\/about-matrix\/terms-of-sale"]}]},{"@type":"BreadcrumbList","@id":"https:\/\/www.matrix.es\/en\/about-matrix\/terms-of-sale#breadcrumb","itemListElement":[{"@type":"ListItem","position":1,"name":"Portada","item":"https:\/\/www.matrix.es\/en"},{"@type":"ListItem","position":2,"name":"About Matrix Electr\u00f3nica","item":"https:\/\/www.matrix.es\/en\/about-matrix"},{"@type":"ListItem","position":3,"name":"Terms of Sale"}]},{"@type":"WebSite","@id":"https:\/\/www.matrix.es\/#website","url":"https:\/\/www.matrix.es\/","name":"MATRIX electr\u00f3nica","description":"Componentes, m\u00f3dulos y dispositivos electr\u00f3nicos para dise\u00f1adores e integradores de sistemas","publisher":{"@id":"https:\/\/www.matrix.es\/#organization"},"potentialAction":[{"@type":"SearchAction","target":{"@type":"EntryPoint","urlTemplate":"https:\/\/www.matrix.es\/?s={search_term_string}"},"query-input":{"@type":"PropertyValueSpecification","valueRequired":true,"valueName":"search_term_string"}}],"inLanguage":"en-US"},{"@type":"Organization","@id":"https:\/\/www.matrix.es\/#organization","name":"MATRIX Electronica, S.L.","url":"https:\/\/www.matrix.es\/","logo":{"@type":"ImageObject","inLanguage":"en-US","@id":"https:\/\/www.matrix.es\/#\/schema\/logo\/image\/","url":"https:\/\/www.matrix.es\/wp-content\/uploads\/2022\/01\/Logo.png","contentUrl":"https:\/\/www.matrix.es\/wp-content\/uploads\/2022\/01\/Logo.png","width":286,"height":120,"caption":"MATRIX Electronica, S.L."},"image":{"@id":"https:\/\/www.matrix.es\/#\/schema\/logo\/image\/"}}]}},"_links":{"self":[{"href":"https:\/\/www.matrix.es\/en\/wp-json\/wp\/v2\/pages\/21681","targetHints":{"allow":["GET"]}}],"collection":[{"href":"https:\/\/www.matrix.es\/en\/wp-json\/wp\/v2\/pages"}],"about":[{"href":"https:\/\/www.matrix.es\/en\/wp-json\/wp\/v2\/types\/page"}],"author":[{"embeddable":true,"href":"https:\/\/www.matrix.es\/en\/wp-json\/wp\/v2\/users\/1"}],"replies":[{"embeddable":true,"href":"https:\/\/www.matrix.es\/en\/wp-json\/wp\/v2\/comments?post=21681"}],"version-history":[{"count":0,"href":"https:\/\/www.matrix.es\/en\/wp-json\/wp\/v2\/pages\/21681\/revisions"}],"up":[{"embeddable":true,"href":"https:\/\/www.matrix.es\/en\/wp-json\/wp\/v2\/pages\/21690"}],"wp:attachment":[{"href":"https:\/\/www.matrix.es\/en\/wp-json\/wp\/v2\/media?parent=21681"}],"curies":[{"name":"wp","href":"https:\/\/api.w.org\/{rel}","templated":true}]}}