{"id":21644,"date":"2019-11-13T16:30:17","date_gmt":"2019-11-13T16:30:17","guid":{"rendered":"http:\/\/www.matrix.es\/wireless-iot\/wireless-m-bus"},"modified":"2022-06-16T12:31:47","modified_gmt":"2022-06-16T12:31:47","slug":"wireless-m-bus","status":"publish","type":"page","link":"https:\/\/www.matrix.es\/en\/wireless-iot\/wireless-m-bus","title":{"rendered":"Wireless M-Bus"},"content":{"rendered":"<div id='av_section_1'  class='avia-section main_color avia-section-small avia-no-shadow avia-full-stretch avia-bg-style-scroll  avia-builder-el-0  el_before_av_section  avia-builder-el-first   container_wrap fullsize' style='background-repeat: no-repeat; background-image: url(https:\/\/www.matrix.es\/wp-content\/uploads\/2019\/10\/Fondo-Productos-Izquierda-1.jpg);background-attachment: scroll; background-position: center center;  margin-top:0px; margin-bottom:-20px; '  data-section-bg-repeat='stretch'><div class='container' ><main  role=\"main\" itemprop=\"mainContentOfPage\"  class='template-page content  av-content-full alpha units'><div class='post-entry post-entry-type-page post-entry-21644'><div class='entry-content-wrapper clearfix'>\n<div class=\"flex_column av_one_full  flex_column_div av-zero-column-padding first  avia-builder-el-1  avia-builder-el-no-sibling  \" style='border-radius:0px; '><section class=\"av_textblock_section \"  itemscope=\"itemscope\" itemtype=\"https:\/\/schema.org\/CreativeWork\" ><div class='avia_textblock  '   itemprop=\"text\" ><h1><a href=\"https:\/\/www.matrix.es\/en\/wireless-iot\">Wireless IoT<\/a> \/ Wireless M-Bus<\/h1>\n<\/div><\/section><\/div>\n\n<\/div><\/div><\/main><!-- close content main element --><\/div><\/div><div id='av_section_2'  class='avia-section main_color avia-section-small avia-no-border-styling avia-bg-style-scroll  avia-builder-el-3  el_after_av_section  el_before_av_postcontent   container_wrap fullsize' style=' margin-top:0px; margin-bottom:0px; '  ><div class='container' ><div class='template-page content  av-content-full alpha units'><div class='post-entry post-entry-type-page post-entry-21644'><div class='entry-content-wrapper clearfix'>\n<div   data-autoplay=''  data-interval='5'  data-animation='fade'  data-hoverpause='1'  class='template-shop avia-content-slider avia-content-grid-active avia-product-slider1 avia-content-slider-odd  avia-builder-el-4  avia-builder-el-no-sibling   shop_columns_5' ><div class='avia-content-slider-inner'><ul class=\"products\"><li class=\"product type-product post-22796 status-publish first instock product_cat-wireless-iot-en product_cat-wireless-m-bus-en has-post-thumbnail shipping-taxable product-type-simple\">\n\t<div class='inner_product main_color wrapped_style noLightbox  av-product-class-no_button'><a href=\"https:\/\/www.matrix.es\/en\/product\/wireless-iot-en\/wireless-m-bus-en\/wireless-m-bus-868mhz-modules\" class=\"woocommerce-LoopProduct-link woocommerce-loop-product__link\"><div class='thumbnail_container'><img loading=\"lazy\" decoding=\"async\" width=\"200\" height=\"200\" src=\"https:\/\/www.matrix.es\/wp-content\/uploads\/2016\/09\/Modulos-Wireless-MBUs2-200x200.png\" class=\"attachment-shop_catalog size-shop_catalog wp-post-image\" alt=\"\" srcset=\"https:\/\/www.matrix.es\/wp-content\/uploads\/2016\/09\/Modulos-Wireless-MBUs2-200x200.png 200w, https:\/\/www.matrix.es\/wp-content\/uploads\/2016\/09\/Modulos-Wireless-MBUs2-300x300.png 300w, https:\/\/www.matrix.es\/wp-content\/uploads\/2016\/09\/Modulos-Wireless-MBUs2-80x80.png 80w, https:\/\/www.matrix.es\/wp-content\/uploads\/2016\/09\/Modulos-Wireless-MBUs2-36x36.png 36w, https:\/\/www.matrix.es\/wp-content\/uploads\/2016\/09\/Modulos-Wireless-MBUs2-180x180.png 180w, https:\/\/www.matrix.es\/wp-content\/uploads\/2016\/09\/Modulos-Wireless-MBUs2-100x100.png 100w, https:\/\/www.matrix.es\/wp-content\/uploads\/2016\/09\/Modulos-Wireless-MBUs2-400x400.png 400w, https:\/\/www.matrix.es\/wp-content\/uploads\/2016\/09\/Modulos-Wireless-MBUs2.png 500w\" sizes=\"auto, (max-width: 200px) 100vw, 200px\" \/><span class='cart-loading'><\/span><\/div><div class='inner_product_header'><div class='avia-arrow'><\/div><div class='inner_product_header_table'><div class='inner_product_header_cell'><h2 class=\"woocommerce-loop-product__title\">Wireless M-Bus 868Mhz Modules<\/h2>\n<\/div><\/div><\/div><\/a><\/div><\/li>\n<li class=\"product type-product post-28266 status-publish instock product_cat-domotica-en product_cat-energia-en product_cat-industrial-automation product_cat-iot-en product_cat-lo-ra-sigfox product_cat-medical-fitness-en product_cat-metering-en product_cat-smart-agriculture-en product_cat-smart-city-en product_cat-wireless-iot-en product_cat-wireless-m-bus-en has-post-thumbnail shipping-taxable product-type-simple\">\n\t<div class='inner_product main_color wrapped_style noLightbox  av-product-class-no_button'><a href=\"https:\/\/www.matrix.es\/en\/product\/verticals\/domotica-en\/mip-wireless-modules-wm-bus-lorawan-lora-mipot-lora-modem-sigfox-mioty\" class=\"woocommerce-LoopProduct-link woocommerce-loop-product__link\"><div class='thumbnail_container'><img loading=\"lazy\" decoding=\"async\" width=\"200\" height=\"200\" src=\"https:\/\/www.matrix.es\/wp-content\/uploads\/2022\/10\/MIP-Mipot-300x300-1-200x200.png\" class=\"attachment-shop_catalog size-shop_catalog wp-post-image\" alt=\"\" srcset=\"https:\/\/www.matrix.es\/wp-content\/uploads\/2022\/10\/MIP-Mipot-300x300-1-200x200.png 200w, https:\/\/www.matrix.es\/wp-content\/uploads\/2022\/10\/MIP-Mipot-300x300-1.png 300w, https:\/\/www.matrix.es\/wp-content\/uploads\/2022\/10\/MIP-Mipot-300x300-1-80x80.png 80w, https:\/\/www.matrix.es\/wp-content\/uploads\/2022\/10\/MIP-Mipot-300x300-1-36x36.png 36w, https:\/\/www.matrix.es\/wp-content\/uploads\/2022\/10\/MIP-Mipot-300x300-1-180x180.png 180w, https:\/\/www.matrix.es\/wp-content\/uploads\/2022\/10\/MIP-Mipot-300x300-1-100x100.png 100w\" sizes=\"auto, (max-width: 200px) 100vw, 200px\" \/><span class='cart-loading'><\/span><\/div><div class='inner_product_header'><div class='avia-arrow'><\/div><div class='inner_product_header_table'><div class='inner_product_header_cell'><h2 class=\"woocommerce-loop-product__title\">MiP wireless modules wM-Bus &#8211; LoRaWAN &#8211; LoRa Mipot &#8211; LoRa Modem &#8211; Sigfox &#8211; MIoTy<\/h2>\n<\/div><\/div><\/div><\/a><\/div><\/li>\n<\/ul><\/div><\/div><div class=\"clear\"><\/div>\n\n[av_section min_height='' min_height_pc='25' min_height_px='500px' padding='no-padding' shadow='no-border-styling' bottom_border='no-border-styling' bottom_border_diagonal_color='#333333' bottom_border_diagonal_direction='' bottom_border_style='' custom_margin='-50px,0px' custom_arrow_bg='' color='main_color' background='bg_color' custom_bg='' background_gradient_color1='' background_gradient_color2='' background_gradient_direction='vertical' src='' attachment='' attachment_size='' attach='scroll' position='top left' repeat='no-repeat' video='' video_ratio='16:9' overlay_opacity='0.5' overlay_color='' overlay_pattern='' overlay_custom_pattern='' id='' custom_class='' aria_label='' av_element_hidden_in_editor='0' av_uid='av-1jj7uc3']\r\n\r\n[av_one_full first min_height='' vertical_alignment='' space='' custom_margin='' margin='0px' row_boxshadow='' row_boxshadow_color='' row_boxshadow_width='10' link='' linktarget='' link_hover='' title_attr='' alt_attr='' padding='0px' highlight='' highlight_size='' border='' border_color='' radius='0px' column_boxshadow='' column_boxshadow_color='' column_boxshadow_width='10' background='bg_color' background_color='' background_gradient_color1='' background_gradient_color2='' background_gradient_direction='vertical' src='' background_position='top left' background_repeat='no-repeat' animation='' mobile_breaking='' mobile_display='' av_uid='av-10w66er']\r\n\r\n[av_hr class='custom' height='50' shadow='no-shadow' position='center' custom_border='av-border-thin' custom_width='100%' custom_border_color='' custom_margin_top='0px' custom_margin_bottom='30px' icon_select='no' custom_icon_color='' icon='ue808' font='entypo-fontello' av_uid='av-k1j6yjfs' id='' custom_class='' admin_preview_bg='']\r\n\r\n[av_textblock size='' font_color='' color='' av-medium-font-size='' av-small-font-size='' av-mini-font-size='' av_uid='av-k1j36lko' id='' custom_class='' admin_preview_bg='']\r\n<h1 style=\"text-align: center;\">Let's Talk<\/h1>\r\n<h5 style=\"text-align: center;\">We want to be your reliable partner in IoT solutions and industrial electronics.<\/h5>\r\n[\/av_textblock]\r\n\r\n[av_hr class='invisible' height='50' shadow='no-shadow' position='center' custom_border='av-border-thin' custom_width='100%' custom_border_color='' custom_margin_top='0px' custom_margin_bottom='30px' icon_select='no' custom_icon_color='' icon='ue808' font='entypo-fontello' av_uid='av-k1j6yjfs' id='' custom_class='' admin_preview_bg='']\r\n\r\n[\/av_one_full][av_one_half first min_height='' vertical_alignment='av-align-top' space='no_margin' margin='0px' margin_sync='true' row_boxshadow_color='' row_boxshadow_width='10' link='' linktarget='' link_hover='' title_attr='' alt_attr='' padding='0px' padding_sync='true' highlight_size='1.1' border='' border_color='' radius='0px' radius_sync='true' column_boxshadow_color='' column_boxshadow_width='10' background='bg_color' background_color='' background_gradient_color1='' background_gradient_color2='' background_gradient_direction='vertical' src='' attachment='' attachment_size='' background_position='top left' background_repeat='no-repeat' animation='' mobile_breaking='' mobile_display='' av_uid='av-r2c9lf' id='' custom_class='']\r\n\r\n[av_textblock size='' font_color='' color='' av-medium-font-size='' av-small-font-size='' av-mini-font-size='' av_uid='av-k1j36lko' id='' custom_class='' admin_preview_bg='']\r\n<h3 style=\"text-align: left;\">Why Matrix Electr\u00f3nica?<\/h3>\r\n[\/av_textblock]\r\n\r\n[av_hr class='invisible' height='20' shadow='no-shadow' position='center' custom_border='av-border-thin' custom_width='100%' custom_border_color='' custom_margin_top='0px' custom_margin_bottom='30px' icon_select='no' custom_icon_color='' icon='ue808' font='entypo-fontello' av_uid='av-k1j6yjfs' id='' custom_class='' admin_preview_bg='']\r\n\r\n[\/av_one_half][av_one_half min_height='' vertical_alignment='av-align-top' space='no_margin' margin='0px' margin_sync='true' row_boxshadow_color='' row_boxshadow_width='10' link='' linktarget='' link_hover='' title_attr='' alt_attr='' padding='0px' padding_sync='true' highlight_size='1.1' border='' border_color='' radius='0px' radius_sync='true' column_boxshadow_color='' column_boxshadow_width='10' background='bg_color' background_color='' background_gradient_color1='' background_gradient_color2='' background_gradient_direction='vertical' src='' attachment='' attachment_size='' background_position='top left' background_repeat='no-repeat' animation='' mobile_breaking='' mobile_display='' av_uid='av-r2c9lf' id='' custom_class='']\r\n\r\n[\/av_one_half][av_one_fourth first min_height='' vertical_alignment='av-align-top' space='' margin='0px' margin_sync='true' row_boxshadow_color='' row_boxshadow_width='10' link='' linktarget='' link_hover='' title_attr='' alt_attr='' padding='0px' padding_sync='true' highlight_size='1.1' border='' border_color='' radius='0px' radius_sync='true' column_boxshadow_color='' column_boxshadow_width='10' background='bg_color' background_color='' background_gradient_color1='' background_gradient_color2='' background_gradient_direction='vertical' src='' attachment='' attachment_size='' background_position='top left' background_repeat='no-repeat' animation='' mobile_breaking='' mobile_display='' av_uid='av-r2c9lf' id='' custom_class='']\r\n\r\n[av_textblock size='' font_color='' color='' av-medium-font-size='' av-small-font-size='' av-mini-font-size='' av_uid='av-k1j36lko' id='' custom_class='' admin_preview_bg='']\r\n<h5 style=\"text-align: left;\"><img loading=\"lazy\" decoding=\"async\" class=\"alignnone wp-image-41093\" style=\"margin-bottom: -5px;\" src=\"https:\/\/www.matrix.es\/wp-content\/uploads\/2025\/02\/Historia.png\" alt=\"\" width=\"30\" height=\"30\" srcset=\"https:\/\/www.matrix.es\/wp-content\/uploads\/2025\/02\/Historia.png 80w, https:\/\/www.matrix.es\/wp-content\/uploads\/2025\/02\/Historia-36x36.png 36w\" sizes=\"auto, (max-width: 30px) 100vw, 30px\" \/> More than 30 years of history<\/h5>\r\nWe distribute equipment, modules and components since 1991.\r\n<h5><img loading=\"lazy\" decoding=\"async\" class=\"alignnone wp-image-41095\" style=\"margin-bottom: -5px;\" src=\"https:\/\/www.matrix.es\/wp-content\/uploads\/2025\/02\/suministro.png\" alt=\"\" width=\"30\" height=\"30\" srcset=\"https:\/\/www.matrix.es\/wp-content\/uploads\/2025\/02\/suministro.png 80w, https:\/\/www.matrix.es\/wp-content\/uploads\/2025\/02\/suministro-36x36.png 36w\" sizes=\"auto, (max-width: 30px) 100vw, 30px\" \/> National and international distribution<\/h5>\r\nWe have commercial offices in Spain, Portugal and France.\r\n<h5><img loading=\"lazy\" decoding=\"async\" class=\"alignnone wp-image-41097\" style=\"margin-bottom: -5px;\" src=\"https:\/\/www.matrix.es\/wp-content\/uploads\/2025\/02\/soporte.png\" alt=\"\" width=\"30\" height=\"30\" srcset=\"https:\/\/www.matrix.es\/wp-content\/uploads\/2025\/02\/soporte.png 80w, https:\/\/www.matrix.es\/wp-content\/uploads\/2025\/02\/soporte-36x36.png 36w\" sizes=\"auto, (max-width: 30px) 100vw, 30px\" \/> Specialized comprehensive technical support<\/h5>\r\nInformation and expert assistance at every stage of the project. Pre-sales, after-sales and turnkey.\r\n<h5><img loading=\"lazy\" decoding=\"async\" class=\"alignnone wp-image-41102\" style=\"margin-bottom: -5px;\" src=\"https:\/\/www.matrix.es\/wp-content\/uploads\/2025\/02\/portafolio.png\" alt=\"\" width=\"30\" height=\"30\" srcset=\"https:\/\/www.matrix.es\/wp-content\/uploads\/2025\/02\/portafolio.png 80w, https:\/\/www.matrix.es\/wp-content\/uploads\/2025\/02\/portafolio-36x36.png 36w\" sizes=\"auto, (max-width: 30px) 100vw, 30px\" \/> Supplementary and synergistic portfolio<\/h5>\r\nAll the market of electronic components and IoT devices.\r\n[\/av_textblock]\r\n\r\n[\/av_one_fourth][av_one_fourth min_height='' vertical_alignment='av-align-top' space='' margin='0px' margin_sync='true' row_boxshadow_color='' row_boxshadow_width='10' link='' linktarget='' link_hover='' title_attr='' alt_attr='' padding='0px' padding_sync='true' highlight_size='1.1' border='' border_color='' radius='0px' radius_sync='true' column_boxshadow_color='' column_boxshadow_width='10' background='bg_color' background_color='' background_gradient_color1='' background_gradient_color2='' background_gradient_direction='vertical' src='' attachment='' attachment_size='' background_position='top left' background_repeat='no-repeat' animation='' mobile_breaking='' mobile_display='' av_uid='av-r2c9lf' id='' custom_class='']\r\n\r\n[av_textblock size='' font_color='' color='' av-medium-font-size='' av-small-font-size='' av-mini-font-size='' av_uid='av-k1j36lko' id='' custom_class='' admin_preview_bg='']\r\n<h5><img loading=\"lazy\" decoding=\"async\" class=\"alignnone wp-image-41111\" style=\"margin-bottom: -5px;\" src=\"https:\/\/www.matrix.es\/wp-content\/uploads\/2025\/02\/desarrollo-1.png\" alt=\"\" width=\"30\" height=\"30\" srcset=\"https:\/\/www.matrix.es\/wp-content\/uploads\/2025\/02\/desarrollo-1.png 80w, https:\/\/www.matrix.es\/wp-content\/uploads\/2025\/02\/desarrollo-1-36x36.png 36w\" sizes=\"auto, (max-width: 30px) 100vw, 30px\" \/>Customized project development<\/h5>\r\nProject definition, design and prototyping. Programming, integration, production and testing.\r\n<h5><img loading=\"lazy\" decoding=\"async\" class=\"alignnone wp-image-41099\" style=\"margin-bottom: -5px;\" src=\"https:\/\/www.matrix.es\/wp-content\/uploads\/2025\/02\/marcas.png\" alt=\"\" width=\"30\" height=\"30\" srcset=\"https:\/\/www.matrix.es\/wp-content\/uploads\/2025\/02\/marcas.png 80w, https:\/\/www.matrix.es\/wp-content\/uploads\/2025\/02\/marcas-36x36.png 36w\" sizes=\"auto, (max-width: 30px) 100vw, 30px\" \/>The most prominent brands<\/h5>\r\nWe select the best products, brands and collaborators..\r\n<h5><img loading=\"lazy\" decoding=\"async\" class=\"alignnone wp-image-41104\" style=\"margin-bottom: -5px;\" src=\"https:\/\/www.matrix.es\/wp-content\/uploads\/2025\/02\/socio.png\" alt=\"\" width=\"30\" height=\"30\" srcset=\"https:\/\/www.matrix.es\/wp-content\/uploads\/2025\/02\/socio.png 80w, https:\/\/www.matrix.es\/wp-content\/uploads\/2025\/02\/socio-36x36.png 36w\" sizes=\"auto, (max-width: 30px) 100vw, 30px\" \/>One partner, all your needs<\/h5>\r\nWe analyze your project and locate all the necessary products.\r\n[\/av_textblock]\r\n\r\n[\/av_one_fourth][av_one_half min_height='' vertical_alignment='av-align-top' space='' margin='0px' margin_sync='true' row_boxshadow_color='' row_boxshadow_width='10' link='' linktarget='' link_hover='' title_attr='' alt_attr='' padding='0px' padding_sync='true' highlight_size='1.1' border='' border_color='' radius='0px' radius_sync='true' column_boxshadow_color='' column_boxshadow_width='10' background='bg_color' background_color='' background_gradient_color1='' background_gradient_color2='' background_gradient_direction='vertical' src='' attachment='' attachment_size='' background_position='top left' background_repeat='no-repeat' animation='' mobile_breaking='' mobile_display='' av_uid='av-r2c9lf' id='' custom_class='']\r\n\r\n[av_textblock size='' font_color='' color='' av-medium-font-size='' av-small-font-size='' av-mini-font-size='' av_uid='av-k1j36lko' id='' custom_class='' admin_preview_bg='']\r\n<h5 style=\"text-align: center;\">Contact Form<\/h5>\r\n[\/av_textblock]\r\n\r\n[av_hr class='invisible' height='20' shadow='no-shadow' position='center' custom_border='av-border-thin' custom_width='100%' custom_border_color='' custom_margin_top='0px' custom_margin_bottom='30px' icon_select='no' custom_icon_color='' icon='ue808' font='entypo-fontello' av_uid='av-k1j6yjfs' id='' custom_class='' admin_preview_bg='']\r\n\r\n[av_codeblock wrapper_element='' wrapper_element_attributes='' codeblock_type='' av_uid='av-kytyy51z' alb_description='' id='' custom_class='']\r\n[contact-form-7 id=\"20942\" title=\"Formulario General EN\"]\r\n[\/av_codeblock]\r\n\r\n[\/av_one_half][\/av_section]\n","protected":false},"excerpt":{"rendered":"","protected":false},"author":1,"featured_media":0,"parent":21625,"menu_order":0,"comment_status":"closed","ping_status":"closed","template":"","meta":{"footnotes":""},"class_list":["post-21644","page","type-page","status-publish","hentry"],"yoast_head":"<!-- This site is optimized with the Yoast SEO plugin v25.5 - https:\/\/yoast.com\/wordpress\/plugins\/seo\/ -->\n<title>Wireless M-Bus - MATRIX electr\u00f3nica<\/title>\n<meta name=\"robots\" content=\"index, follow, max-snippet:-1, max-image-preview:large, max-video-preview:-1\" \/>\n<link rel=\"canonical\" href=\"https:\/\/www.matrix.es\/en\/wireless-iot\/wireless-m-bus\" \/>\n<meta property=\"og:locale\" content=\"en_US\" \/>\n<meta property=\"og:type\" content=\"article\" \/>\n<meta property=\"og:title\" content=\"Wireless M-Bus - MATRIX electr\u00f3nica\" \/>\n<meta property=\"og:url\" content=\"https:\/\/www.matrix.es\/en\/wireless-iot\/wireless-m-bus\" \/>\n<meta property=\"og:site_name\" content=\"MATRIX electr\u00f3nica\" \/>\n<meta property=\"article:modified_time\" content=\"2022-06-16T12:31:47+00:00\" \/>\n<meta name=\"twitter:card\" content=\"summary_large_image\" \/>\n<meta name=\"twitter:label1\" content=\"Est. reading time\" \/>\n\t<meta name=\"twitter:data1\" content=\"2 minutes\" \/>\n<script type=\"application\/ld+json\" class=\"yoast-schema-graph\">{\"@context\":\"https:\/\/schema.org\",\"@graph\":[{\"@type\":\"WebPage\",\"@id\":\"https:\/\/www.matrix.es\/en\/wireless-iot\/wireless-m-bus\",\"url\":\"https:\/\/www.matrix.es\/en\/wireless-iot\/wireless-m-bus\",\"name\":\"Wireless M-Bus - MATRIX electr\u00f3nica\",\"isPartOf\":{\"@id\":\"https:\/\/www.matrix.es\/#website\"},\"datePublished\":\"2019-11-13T16:30:17+00:00\",\"dateModified\":\"2022-06-16T12:31:47+00:00\",\"breadcrumb\":{\"@id\":\"https:\/\/www.matrix.es\/en\/wireless-iot\/wireless-m-bus#breadcrumb\"},\"inLanguage\":\"en-US\",\"potentialAction\":[{\"@type\":\"ReadAction\",\"target\":[\"https:\/\/www.matrix.es\/en\/wireless-iot\/wireless-m-bus\"]}]},{\"@type\":\"BreadcrumbList\",\"@id\":\"https:\/\/www.matrix.es\/en\/wireless-iot\/wireless-m-bus#breadcrumb\",\"itemListElement\":[{\"@type\":\"ListItem\",\"position\":1,\"name\":\"Portada\",\"item\":\"https:\/\/www.matrix.es\/en\"},{\"@type\":\"ListItem\",\"position\":2,\"name\":\"Wireless IoT\",\"item\":\"https:\/\/www.matrix.es\/en\/wireless-iot\"},{\"@type\":\"ListItem\",\"position\":3,\"name\":\"Wireless M-Bus\"}]},{\"@type\":\"WebSite\",\"@id\":\"https:\/\/www.matrix.es\/#website\",\"url\":\"https:\/\/www.matrix.es\/\",\"name\":\"MATRIX electr\u00f3nica\",\"description\":\"Componentes, m\u00f3dulos y dispositivos electr\u00f3nicos para dise\u00f1adores e integradores de sistemas\",\"publisher\":{\"@id\":\"https:\/\/www.matrix.es\/#organization\"},\"potentialAction\":[{\"@type\":\"SearchAction\",\"target\":{\"@type\":\"EntryPoint\",\"urlTemplate\":\"https:\/\/www.matrix.es\/?s={search_term_string}\"},\"query-input\":{\"@type\":\"PropertyValueSpecification\",\"valueRequired\":true,\"valueName\":\"search_term_string\"}}],\"inLanguage\":\"en-US\"},{\"@type\":\"Organization\",\"@id\":\"https:\/\/www.matrix.es\/#organization\",\"name\":\"MATRIX Electronica, S.L.\",\"url\":\"https:\/\/www.matrix.es\/\",\"logo\":{\"@type\":\"ImageObject\",\"inLanguage\":\"en-US\",\"@id\":\"https:\/\/www.matrix.es\/#\/schema\/logo\/image\/\",\"url\":\"https:\/\/www.matrix.es\/wp-content\/uploads\/2022\/01\/Logo.png\",\"contentUrl\":\"https:\/\/www.matrix.es\/wp-content\/uploads\/2022\/01\/Logo.png\",\"width\":286,\"height\":120,\"caption\":\"MATRIX Electronica, S.L.\"},\"image\":{\"@id\":\"https:\/\/www.matrix.es\/#\/schema\/logo\/image\/\"}}]}<\/script>\n<!-- \/ Yoast SEO plugin. -->","yoast_head_json":{"title":"Wireless M-Bus - MATRIX electr\u00f3nica","robots":{"index":"index","follow":"follow","max-snippet":"max-snippet:-1","max-image-preview":"max-image-preview:large","max-video-preview":"max-video-preview:-1"},"canonical":"https:\/\/www.matrix.es\/en\/wireless-iot\/wireless-m-bus","og_locale":"en_US","og_type":"article","og_title":"Wireless M-Bus - MATRIX electr\u00f3nica","og_url":"https:\/\/www.matrix.es\/en\/wireless-iot\/wireless-m-bus","og_site_name":"MATRIX electr\u00f3nica","article_modified_time":"2022-06-16T12:31:47+00:00","twitter_card":"summary_large_image","twitter_misc":{"Est. reading time":"2 minutes"},"schema":{"@context":"https:\/\/schema.org","@graph":[{"@type":"WebPage","@id":"https:\/\/www.matrix.es\/en\/wireless-iot\/wireless-m-bus","url":"https:\/\/www.matrix.es\/en\/wireless-iot\/wireless-m-bus","name":"Wireless M-Bus - MATRIX electr\u00f3nica","isPartOf":{"@id":"https:\/\/www.matrix.es\/#website"},"datePublished":"2019-11-13T16:30:17+00:00","dateModified":"2022-06-16T12:31:47+00:00","breadcrumb":{"@id":"https:\/\/www.matrix.es\/en\/wireless-iot\/wireless-m-bus#breadcrumb"},"inLanguage":"en-US","potentialAction":[{"@type":"ReadAction","target":["https:\/\/www.matrix.es\/en\/wireless-iot\/wireless-m-bus"]}]},{"@type":"BreadcrumbList","@id":"https:\/\/www.matrix.es\/en\/wireless-iot\/wireless-m-bus#breadcrumb","itemListElement":[{"@type":"ListItem","position":1,"name":"Portada","item":"https:\/\/www.matrix.es\/en"},{"@type":"ListItem","position":2,"name":"Wireless IoT","item":"https:\/\/www.matrix.es\/en\/wireless-iot"},{"@type":"ListItem","position":3,"name":"Wireless M-Bus"}]},{"@type":"WebSite","@id":"https:\/\/www.matrix.es\/#website","url":"https:\/\/www.matrix.es\/","name":"MATRIX electr\u00f3nica","description":"Componentes, m\u00f3dulos y dispositivos electr\u00f3nicos para dise\u00f1adores e integradores de sistemas","publisher":{"@id":"https:\/\/www.matrix.es\/#organization"},"potentialAction":[{"@type":"SearchAction","target":{"@type":"EntryPoint","urlTemplate":"https:\/\/www.matrix.es\/?s={search_term_string}"},"query-input":{"@type":"PropertyValueSpecification","valueRequired":true,"valueName":"search_term_string"}}],"inLanguage":"en-US"},{"@type":"Organization","@id":"https:\/\/www.matrix.es\/#organization","name":"MATRIX Electronica, S.L.","url":"https:\/\/www.matrix.es\/","logo":{"@type":"ImageObject","inLanguage":"en-US","@id":"https:\/\/www.matrix.es\/#\/schema\/logo\/image\/","url":"https:\/\/www.matrix.es\/wp-content\/uploads\/2022\/01\/Logo.png","contentUrl":"https:\/\/www.matrix.es\/wp-content\/uploads\/2022\/01\/Logo.png","width":286,"height":120,"caption":"MATRIX Electronica, S.L."},"image":{"@id":"https:\/\/www.matrix.es\/#\/schema\/logo\/image\/"}}]}},"_links":{"self":[{"href":"https:\/\/www.matrix.es\/en\/wp-json\/wp\/v2\/pages\/21644","targetHints":{"allow":["GET"]}}],"collection":[{"href":"https:\/\/www.matrix.es\/en\/wp-json\/wp\/v2\/pages"}],"about":[{"href":"https:\/\/www.matrix.es\/en\/wp-json\/wp\/v2\/types\/page"}],"author":[{"embeddable":true,"href":"https:\/\/www.matrix.es\/en\/wp-json\/wp\/v2\/users\/1"}],"replies":[{"embeddable":true,"href":"https:\/\/www.matrix.es\/en\/wp-json\/wp\/v2\/comments?post=21644"}],"version-history":[{"count":0,"href":"https:\/\/www.matrix.es\/en\/wp-json\/wp\/v2\/pages\/21644\/revisions"}],"up":[{"embeddable":true,"href":"https:\/\/www.matrix.es\/en\/wp-json\/wp\/v2\/pages\/21625"}],"wp:attachment":[{"href":"https:\/\/www.matrix.es\/en\/wp-json\/wp\/v2\/media?parent=21644"}],"curies":[{"name":"wp","href":"https:\/\/api.w.org\/{rel}","templated":true}]}}