{"id":21275,"date":"2016-08-25T10:16:37","date_gmt":"2016-08-25T10:16:37","guid":{"rendered":"http:\/\/www.matrix.es\/contacto"},"modified":"2024-11-13T12:40:05","modified_gmt":"2024-11-13T11:40:05","slug":"contact","status":"publish","type":"page","link":"https:\/\/www.matrix.es\/en\/contact","title":{"rendered":"Contact"},"content":{"rendered":"<div id='av_section_1'  class='avia-section main_color avia-section-small avia-no-shadow avia-full-stretch avia-bg-style-scroll  avia-builder-el-0  el_before_av_section  avia-builder-el-first   container_wrap fullsize' style='background-repeat: no-repeat; background-image: url(https:\/\/www.matrix.es\/wp-content\/uploads\/2019\/10\/Fondo-Productos-Izquierda-1.jpg);background-attachment: scroll; background-position: center center;  margin-top:0px; margin-bottom:-20px; '  data-section-bg-repeat='stretch'><div class='container' ><main  role=\"main\" itemprop=\"mainContentOfPage\"  class='template-page content  av-content-full alpha units'><div class='post-entry post-entry-type-page post-entry-21275'><div class='entry-content-wrapper clearfix'>\n<div class=\"flex_column av_one_full  flex_column_div av-zero-column-padding first  avia-builder-el-1  avia-builder-el-no-sibling  \" style='border-radius:0px; '><section class=\"av_textblock_section \"  itemscope=\"itemscope\" itemtype=\"https:\/\/schema.org\/CreativeWork\" ><div class='avia_textblock  '   itemprop=\"text\" ><h1>Contact Matrix Electr\u00f3nica<\/h1>\n<\/div><\/section><\/div>\n\n<\/div><\/div><\/main><!-- close content main element --><\/div><\/div><div id='av_section_2'  class='avia-section main_color avia-section-default avia-no-border-styling avia-bg-style-scroll  avia-builder-el-3  el_after_av_section  avia-builder-el-last   container_wrap fullsize' style='background-color: #ffffff;  '  ><div class='container' ><div class='template-page content  av-content-full alpha units'><div class='post-entry post-entry-type-page post-entry-21275'><div class='entry-content-wrapper clearfix'>\n<div class=\"flex_column av_one_full  flex_column_div av-zero-column-padding first  avia-builder-el-4  el_before_av_one_fourth  avia-builder-el-first  \" style='border-radius:0px; '><section class=\"av_textblock_section \"  itemscope=\"itemscope\" itemtype=\"https:\/\/schema.org\/CreativeWork\" ><div class='avia_textblock  '   itemprop=\"text\" ><h1 style=\"text-align: center;\">Let&#8217;s Talk<\/h1>\n<h5 style=\"text-align: center;\">We have national and international sales offices.<\/h5>\n<\/div><\/section><br \/>\n<div  style='height:30px' class='hr hr-invisible   avia-builder-el-6  el_after_av_textblock  avia-builder-el-last '><span class='hr-inner ' ><span class='hr-inner-style'><\/span><\/span><\/div><\/p><\/div><div class=\"flex_column av_one_fourth  flex_column_div av-zero-column-padding first  avia-builder-el-7  el_after_av_one_full  el_before_av_one_fourth  column-top-margin\" style='border-radius:0px; '><section class=\"av_textblock_section \"  itemscope=\"itemscope\" itemtype=\"https:\/\/schema.org\/CreativeWork\" ><div class='avia_textblock  '   itemprop=\"text\" ><h5 style=\"text-align: left;\">Madrid<\/h5>\n<p>Alejandro S\u00e1nchez, 109<br \/>\n28019 Madrid<br \/>\nTel 902.19.81.46 (+34.91.560.27.37)<br \/>\nFax 902.99.54.14 (+34.91.565.28.65)<\/p>\n<h5>Barcelona<\/h5>\n<p>@SantCugat Business Park<br \/>\nAv. Via Augusta 15-25, Edificio B2<br \/>\n08174 Sant Cugat del Vall\u00e9s (Barcelona)<br \/>\nTel 902.19.81.46 \/ Fax 902.99.54.14<\/p>\n<h5>Seville<\/h5>\n<p>Calle Arquitectura, 1 \u2013 Torre 6<br \/>\n41015 Sevilla<br \/>\nTel 902.19.81.46 (+34.91.560.27.37)<br \/>\nFax 902.99.54.14 (+34.91.565.28.65<\/p>\n<h5>Valencia<\/h5>\n<p>Tel 902.19.81.46 (+34.91.560.27.37)<br \/>\nFax 902.99.54.14 (+34.91.565.28.65)<\/p>\n<h5>Durango<\/h5>\n<p>Pol. Aliendalde 11 Oficina 2G<br \/>\n48200 Durango, Vizcaya<br \/>\nTel 902.19.81.46 (+34.91.560.27.37)<br \/>\nFax 902.99.54.14 (+34.91.565.28.65)<\/p>\n<\/div><\/section><\/div><div class=\"flex_column av_one_fourth  flex_column_div av-zero-column-padding   avia-builder-el-9  el_after_av_one_fourth  el_before_av_one_half  column-top-margin\" style='border-radius:0px; '><section class=\"av_textblock_section \"  itemscope=\"itemscope\" itemtype=\"https:\/\/schema.org\/CreativeWork\" ><div class='avia_textblock  '   itemprop=\"text\" ><h5>Portugal<\/h5>\n<p>Av. Coronel Eduardo Galhardo, 7, 1\u00baC<br \/>\n1170-105 Lisbon<br \/>\nTel +351 218 162 625<br \/>\nFax +351 218 149 482<\/p>\n<h5>France<\/h5>\n<p>26 rue Gaudines<br \/>\n78100 &#8211; St Germain en Laye<br \/>\nTel +33 1 39 04 29 40<\/p>\n<h5>India<\/h5>\n<p>803-804, 8th Floor, Vishwadeep Building, District Centre Janakpuri<br \/>\nNew Delhi 110 058<br \/>\nTel: +91 11 4151 9011<\/p>\n<\/div><\/section><\/div><div class=\"flex_column av_one_half  flex_column_div av-zero-column-padding   avia-builder-el-11  el_after_av_one_fourth  avia-builder-el-last  column-top-margin\" style='border-radius:0px; '><section class=\"av_textblock_section \"  itemscope=\"itemscope\" itemtype=\"https:\/\/schema.org\/CreativeWork\" ><div class='avia_textblock  '   itemprop=\"text\" ><h5 style=\"text-align: center;\">Contact Form<\/h5>\n<\/div><\/section><br \/>\n<\/p><\/div>\n\n","protected":false},"excerpt":{"rendered":"","protected":false},"author":1,"featured_media":0,"parent":0,"menu_order":0,"comment_status":"closed","ping_status":"closed","template":"","meta":{"footnotes":""},"class_list":["post-21275","page","type-page","status-publish","hentry"],"yoast_head":"<!-- This site is optimized with the Yoast SEO plugin v25.5 - https:\/\/yoast.com\/wordpress\/plugins\/seo\/ -->\n<title>Contact - MATRIX electr\u00f3nica . National and international sales offices.<\/title>\n<meta name=\"description\" content=\"MATRIX electronica. Let&#039;s Talk. We have national and international sales offices. Contact us.\" \/>\n<meta name=\"robots\" content=\"index, follow, max-snippet:-1, max-image-preview:large, max-video-preview:-1\" \/>\n<link rel=\"canonical\" href=\"https:\/\/www.matrix.es\/en\/contact\" \/>\n<meta property=\"og:locale\" content=\"en_US\" \/>\n<meta property=\"og:type\" content=\"article\" \/>\n<meta property=\"og:title\" content=\"Contact - MATRIX electr\u00f3nica . National and international sales offices.\" \/>\n<meta property=\"og:description\" content=\"MATRIX electronica. Let&#039;s Talk. We have national and international sales offices. Contact us.\" \/>\n<meta property=\"og:url\" content=\"https:\/\/www.matrix.es\/en\/contact\" \/>\n<meta property=\"og:site_name\" content=\"MATRIX electr\u00f3nica\" \/>\n<meta property=\"article:modified_time\" content=\"2024-11-13T11:40:05+00:00\" \/>\n<meta name=\"twitter:card\" content=\"summary_large_image\" \/>\n<meta name=\"twitter:label1\" content=\"Est. reading time\" \/>\n\t<meta name=\"twitter:data1\" content=\"6 minutes\" \/>\n<script type=\"application\/ld+json\" class=\"yoast-schema-graph\">{\"@context\":\"https:\/\/schema.org\",\"@graph\":[{\"@type\":\"WebPage\",\"@id\":\"https:\/\/www.matrix.es\/en\/contact\",\"url\":\"https:\/\/www.matrix.es\/en\/contact\",\"name\":\"Contact - MATRIX electr\u00f3nica . National and international sales offices.\",\"isPartOf\":{\"@id\":\"https:\/\/www.matrix.es\/#website\"},\"datePublished\":\"2016-08-25T10:16:37+00:00\",\"dateModified\":\"2024-11-13T11:40:05+00:00\",\"description\":\"MATRIX electronica. Let's Talk. We have national and international sales offices. Contact us.\",\"breadcrumb\":{\"@id\":\"https:\/\/www.matrix.es\/en\/contact#breadcrumb\"},\"inLanguage\":\"en-US\",\"potentialAction\":[{\"@type\":\"ReadAction\",\"target\":[\"https:\/\/www.matrix.es\/en\/contact\"]}]},{\"@type\":\"BreadcrumbList\",\"@id\":\"https:\/\/www.matrix.es\/en\/contact#breadcrumb\",\"itemListElement\":[{\"@type\":\"ListItem\",\"position\":1,\"name\":\"Portada\",\"item\":\"https:\/\/www.matrix.es\/en\"},{\"@type\":\"ListItem\",\"position\":2,\"name\":\"Contact\"}]},{\"@type\":\"WebSite\",\"@id\":\"https:\/\/www.matrix.es\/#website\",\"url\":\"https:\/\/www.matrix.es\/\",\"name\":\"MATRIX electr\u00f3nica\",\"description\":\"Componentes, m\u00f3dulos y dispositivos electr\u00f3nicos para dise\u00f1adores e integradores de sistemas\",\"publisher\":{\"@id\":\"https:\/\/www.matrix.es\/#organization\"},\"potentialAction\":[{\"@type\":\"SearchAction\",\"target\":{\"@type\":\"EntryPoint\",\"urlTemplate\":\"https:\/\/www.matrix.es\/?s={search_term_string}\"},\"query-input\":{\"@type\":\"PropertyValueSpecification\",\"valueRequired\":true,\"valueName\":\"search_term_string\"}}],\"inLanguage\":\"en-US\"},{\"@type\":\"Organization\",\"@id\":\"https:\/\/www.matrix.es\/#organization\",\"name\":\"MATRIX Electronica, S.L.\",\"url\":\"https:\/\/www.matrix.es\/\",\"logo\":{\"@type\":\"ImageObject\",\"inLanguage\":\"en-US\",\"@id\":\"https:\/\/www.matrix.es\/#\/schema\/logo\/image\/\",\"url\":\"https:\/\/www.matrix.es\/wp-content\/uploads\/2022\/01\/Logo.png\",\"contentUrl\":\"https:\/\/www.matrix.es\/wp-content\/uploads\/2022\/01\/Logo.png\",\"width\":286,\"height\":120,\"caption\":\"MATRIX Electronica, S.L.\"},\"image\":{\"@id\":\"https:\/\/www.matrix.es\/#\/schema\/logo\/image\/\"}}]}<\/script>\n<!-- \/ Yoast SEO plugin. -->","yoast_head_json":{"title":"Contact - MATRIX electr\u00f3nica . National and international sales offices.","description":"MATRIX electronica. Let's Talk. We have national and international sales offices. Contact us.","robots":{"index":"index","follow":"follow","max-snippet":"max-snippet:-1","max-image-preview":"max-image-preview:large","max-video-preview":"max-video-preview:-1"},"canonical":"https:\/\/www.matrix.es\/en\/contact","og_locale":"en_US","og_type":"article","og_title":"Contact - MATRIX electr\u00f3nica . National and international sales offices.","og_description":"MATRIX electronica. Let's Talk. We have national and international sales offices. Contact us.","og_url":"https:\/\/www.matrix.es\/en\/contact","og_site_name":"MATRIX electr\u00f3nica","article_modified_time":"2024-11-13T11:40:05+00:00","twitter_card":"summary_large_image","twitter_misc":{"Est. reading time":"6 minutes"},"schema":{"@context":"https:\/\/schema.org","@graph":[{"@type":"WebPage","@id":"https:\/\/www.matrix.es\/en\/contact","url":"https:\/\/www.matrix.es\/en\/contact","name":"Contact - MATRIX electr\u00f3nica . National and international sales offices.","isPartOf":{"@id":"https:\/\/www.matrix.es\/#website"},"datePublished":"2016-08-25T10:16:37+00:00","dateModified":"2024-11-13T11:40:05+00:00","description":"MATRIX electronica. Let's Talk. We have national and international sales offices. Contact us.","breadcrumb":{"@id":"https:\/\/www.matrix.es\/en\/contact#breadcrumb"},"inLanguage":"en-US","potentialAction":[{"@type":"ReadAction","target":["https:\/\/www.matrix.es\/en\/contact"]}]},{"@type":"BreadcrumbList","@id":"https:\/\/www.matrix.es\/en\/contact#breadcrumb","itemListElement":[{"@type":"ListItem","position":1,"name":"Portada","item":"https:\/\/www.matrix.es\/en"},{"@type":"ListItem","position":2,"name":"Contact"}]},{"@type":"WebSite","@id":"https:\/\/www.matrix.es\/#website","url":"https:\/\/www.matrix.es\/","name":"MATRIX electr\u00f3nica","description":"Componentes, m\u00f3dulos y dispositivos electr\u00f3nicos para dise\u00f1adores e integradores de sistemas","publisher":{"@id":"https:\/\/www.matrix.es\/#organization"},"potentialAction":[{"@type":"SearchAction","target":{"@type":"EntryPoint","urlTemplate":"https:\/\/www.matrix.es\/?s={search_term_string}"},"query-input":{"@type":"PropertyValueSpecification","valueRequired":true,"valueName":"search_term_string"}}],"inLanguage":"en-US"},{"@type":"Organization","@id":"https:\/\/www.matrix.es\/#organization","name":"MATRIX Electronica, S.L.","url":"https:\/\/www.matrix.es\/","logo":{"@type":"ImageObject","inLanguage":"en-US","@id":"https:\/\/www.matrix.es\/#\/schema\/logo\/image\/","url":"https:\/\/www.matrix.es\/wp-content\/uploads\/2022\/01\/Logo.png","contentUrl":"https:\/\/www.matrix.es\/wp-content\/uploads\/2022\/01\/Logo.png","width":286,"height":120,"caption":"MATRIX Electronica, S.L."},"image":{"@id":"https:\/\/www.matrix.es\/#\/schema\/logo\/image\/"}}]}},"_links":{"self":[{"href":"https:\/\/www.matrix.es\/en\/wp-json\/wp\/v2\/pages\/21275","targetHints":{"allow":["GET"]}}],"collection":[{"href":"https:\/\/www.matrix.es\/en\/wp-json\/wp\/v2\/pages"}],"about":[{"href":"https:\/\/www.matrix.es\/en\/wp-json\/wp\/v2\/types\/page"}],"author":[{"embeddable":true,"href":"https:\/\/www.matrix.es\/en\/wp-json\/wp\/v2\/users\/1"}],"replies":[{"embeddable":true,"href":"https:\/\/www.matrix.es\/en\/wp-json\/wp\/v2\/comments?post=21275"}],"version-history":[{"count":0,"href":"https:\/\/www.matrix.es\/en\/wp-json\/wp\/v2\/pages\/21275\/revisions"}],"wp:attachment":[{"href":"https:\/\/www.matrix.es\/en\/wp-json\/wp\/v2\/media?parent=21275"}],"curies":[{"name":"wp","href":"https:\/\/api.w.org\/{rel}","templated":true}]}}